{"id":821,"date":"2023-01-29T18:53:30","date_gmt":"2023-01-29T17:53:30","guid":{"rendered":"https:\/\/inspirations-aborigenes.fr\/?page_id=821"},"modified":"2023-01-29T19:18:48","modified_gmt":"2023-01-29T18:18:48","slug":"sources","status":"publish","type":"page","link":"https:\/\/www.inspirationsaborigenes.fr\/?page_id=821","title":{"rendered":"Sources"},"content":{"rendered":"\n<p class=\"has-luminous-vivid-orange-color has-text-color\"><strong>Je remercie vivement ces experts pour m\u2019avoir inspir\u00e9e pour mes textes de pr\u00e9sentation, \u00e0 l\u2019int\u00e9rieur de mon site.<\/strong><\/p>\n\n\n\n<ul class=\"wp-block-list\">\n<li><strong>Ma\u00efa Ponsonnet, <\/strong><em>ethnologue et linguiste, sp\u00e9cialiste des langues Dalabon et Kriol. Elle a notamment publi\u00e9 Les Nouveaux Chants du kangourou (Autrement, 2008) et L\u2019\u00c9tat du Monde, Australie (La D\u00e9couverte ; en collaboration avec Pierre Grundmann).<\/em><\/li>\n<\/ul>\n\n\n\n<ul class=\"wp-block-list\">\n<li><strong>St\u00e9phane Jacob, <\/strong><em>dirige la galerie \u00ab Arts d\u2019Australie \u2022 St\u00e9phane Jacob \u00bb. Membre de la Chambre Nationale des Experts Sp\u00e9cialis\u00e9s en Objets d\u2019Art et de Collection (C.N.E.S.), co-auteur du catalogue des collections du mus\u00e9e des Confluences de Lyon et signataire de la charte d\u2019\u00e9thique australienne Indigenous Art Code, il s\u2019attache depuis 1996 \u00e0 faire conna\u00eetre l\u2019art et les artistes contemporains d\u2019Australie.<\/em><\/li>\n<\/ul>\n\n\n\n<ul class=\"wp-block-list\">\n<li><strong>Pierre Grundmann<\/strong><strong><em>, <\/em><\/strong><em>journaliste et \u00e9crivain franco-australien. Il a \u00e9t\u00e9 le correspondant de Lib\u00e9ration en Australie, et a publi\u00e9 de nombreux ouvrages, notamment Australie (Autrement), Surfeuses Paradise (Hachette Litt\u00e9rature) et Australie \u00c9vasion (Hachette).<\/em><\/li>\n<\/ul>\n\n\n\n<ul class=\"wp-block-list\">\n<li><strong>Michel Guillemot Nouvelles \u00c9ditions Scala 5, <\/strong><em>rue du Sommerard 75005 Paris &nbsp;&nbsp;&nbsp;&nbsp;&nbsp;&nbsp;&nbsp;&nbsp;&nbsp;&nbsp;&nbsp;&nbsp;&nbsp;&nbsp;&nbsp;&nbsp;&nbsp;&nbsp;&nbsp;&nbsp;&nbsp;&nbsp;&nbsp;&nbsp;&nbsp;&nbsp;&nbsp;&nbsp;&nbsp;&nbsp;&nbsp;&nbsp;&nbsp;&nbsp;<a href=\"http:\/\/www.editions-scala.fr\">www.editions-scala.fr<\/a><\/em><\/li>\n<\/ul>\n\n\n<div class=\"wp-block-image\">\n<figure class=\"aligncenter size-large is-resized\"><img decoding=\"async\" src=\"https:\/\/inspirations-aborigenes.fr\/wp-content\/uploads\/2023\/01\/20230129_184338-821x1024.jpg\" alt=\"\" class=\"wp-image-822\" width=\"357\" height=\"445\" srcset=\"https:\/\/www.inspirationsaborigenes.fr\/wp-content\/uploads\/2023\/01\/20230129_184338-821x1024.jpg 821w, https:\/\/www.inspirationsaborigenes.fr\/wp-content\/uploads\/2023\/01\/20230129_184338-240x300.jpg 240w, https:\/\/www.inspirationsaborigenes.fr\/wp-content\/uploads\/2023\/01\/20230129_184338-768x958.jpg 768w, https:\/\/www.inspirationsaborigenes.fr\/wp-content\/uploads\/2023\/01\/20230129_184338-1231x1536.jpg 1231w, https:\/\/www.inspirationsaborigenes.fr\/wp-content\/uploads\/2023\/01\/20230129_184338-1140x1422.jpg 1140w, https:\/\/www.inspirationsaborigenes.fr\/wp-content\/uploads\/2023\/01\/20230129_184338.jpg 1539w\" sizes=\"(max-width: 357px) 100vw, 357px\" \/><\/figure>\n<\/div>\n\n\n<ul class=\"wp-block-list\">\n<li><strong>J\u00e9r\u00f4me Thomas de la Galerie Gondwana&nbsp;: <\/strong><em><a href=\"https:\/\/www.galerie-gondwana.com\/\">https:\/\/www.galerie-gondwana.com\/<\/a> Quand \u00e9thique rime avec ethnique tout d&rsquo;abord, je tiens \u00e0 pr\u00e9ciser que je ne suis pas galeriste professionnel, mais simplement passionn\u00e9 d&rsquo;art aborig\u00e8ne australien et amoureux de ce pays o\u00f9 j&rsquo;ai eu la chance de vivre. Au fil des voyages en Australie, je commen\u00e7ais tout bonnement \u00e0 me retrouver chez moi avec un nombre important de peintures &amp; didgeridoo&#8230; et surtout l&rsquo;envie de partager mes rencontres, mes d\u00e9couvertes suite aux diff\u00e9rents s\u00e9jours qui se sont succ\u00e9d\u00e9s. J&rsquo;ai alors cr\u00e9\u00e9 Galerie GONDWANA.<\/em>&nbsp;&nbsp;&nbsp;&nbsp;&nbsp;&nbsp;&nbsp;<strong><em> &nbsp;<\/em><\/strong><\/li>\n<\/ul>\n\n\n<div class=\"wp-block-image\">\n<figure class=\"aligncenter size-large is-resized\"><img decoding=\"async\" src=\"https:\/\/inspirations-aborigenes.fr\/wp-content\/uploads\/2023\/01\/gondwana-1024x483.jpg\" alt=\"\" class=\"wp-image-823\" width=\"595\" height=\"281\" srcset=\"https:\/\/www.inspirationsaborigenes.fr\/wp-content\/uploads\/2023\/01\/gondwana-1024x483.jpg 1024w, https:\/\/www.inspirationsaborigenes.fr\/wp-content\/uploads\/2023\/01\/gondwana-300x142.jpg 300w, https:\/\/www.inspirationsaborigenes.fr\/wp-content\/uploads\/2023\/01\/gondwana-768x363.jpg 768w, https:\/\/www.inspirationsaborigenes.fr\/wp-content\/uploads\/2023\/01\/gondwana-1536x725.jpg 1536w, https:\/\/www.inspirationsaborigenes.fr\/wp-content\/uploads\/2023\/01\/gondwana-1140x538.jpg 1140w, https:\/\/www.inspirationsaborigenes.fr\/wp-content\/uploads\/2023\/01\/gondwana.jpg 1538w\" sizes=\"(max-width: 595px) 100vw, 595px\" \/><\/figure>\n<\/div>\n\n\n<ul class=\"wp-block-list\">\n<li><strong>Survival International &nbsp;<\/strong><em><a href=\"https:\/\/www.survivalinternational.fr\/\">https:\/\/www.survivalinternational.fr\/<\/a> &nbsp;voir onglet mes engagements.<\/em><\/li>\n<\/ul>\n\n\n<div class=\"wp-block-image\">\n<figure class=\"aligncenter size-large is-resized\"><img decoding=\"async\" src=\"https:\/\/inspirations-aborigenes.fr\/wp-content\/uploads\/2023\/01\/survival-1024x427.jpg\" alt=\"\" class=\"wp-image-824\" width=\"541\" height=\"225\" srcset=\"https:\/\/www.inspirationsaborigenes.fr\/wp-content\/uploads\/2023\/01\/survival-1024x427.jpg 1024w, https:\/\/www.inspirationsaborigenes.fr\/wp-content\/uploads\/2023\/01\/survival-300x125.jpg 300w, https:\/\/www.inspirationsaborigenes.fr\/wp-content\/uploads\/2023\/01\/survival-768x320.jpg 768w, https:\/\/www.inspirationsaborigenes.fr\/wp-content\/uploads\/2023\/01\/survival-1140x476.jpg 1140w, https:\/\/www.inspirationsaborigenes.fr\/wp-content\/uploads\/2023\/01\/survival.jpg 1481w\" sizes=\"(max-width: 541px) 100vw, 541px\" \/><\/figure>\n<\/div>","protected":false},"excerpt":{"rendered":"<p>Je remercie vivement ces experts pour m\u2019avoir inspir\u00e9e pour mes textes de pr\u00e9sentation, \u00e0 l\u2019int\u00e9rieur de mon site.<\/p>\n","protected":false},"author":2,"featured_media":0,"parent":0,"menu_order":0,"comment_status":"closed","ping_status":"closed","template":"","meta":{"footnotes":""},"class_list":["post-821","page","type-page","status-publish","hentry"],"_links":{"self":[{"href":"https:\/\/www.inspirationsaborigenes.fr\/index.php?rest_route=\/wp\/v2\/pages\/821","targetHints":{"allow":["GET"]}}],"collection":[{"href":"https:\/\/www.inspirationsaborigenes.fr\/index.php?rest_route=\/wp\/v2\/pages"}],"about":[{"href":"https:\/\/www.inspirationsaborigenes.fr\/index.php?rest_route=\/wp\/v2\/types\/page"}],"author":[{"embeddable":true,"href":"https:\/\/www.inspirationsaborigenes.fr\/index.php?rest_route=\/wp\/v2\/users\/2"}],"replies":[{"embeddable":true,"href":"https:\/\/www.inspirationsaborigenes.fr\/index.php?rest_route=%2Fwp%2Fv2%2Fcomments&post=821"}],"version-history":[{"count":0,"href":"https:\/\/www.inspirationsaborigenes.fr\/index.php?rest_route=\/wp\/v2\/pages\/821\/revisions"}],"wp:attachment":[{"href":"https:\/\/www.inspirationsaborigenes.fr\/index.php?rest_route=%2Fwp%2Fv2%2Fmedia&parent=821"}],"curies":[{"name":"wp","href":"https:\/\/api.w.org\/{rel}","templated":true}]}}