{"id":382,"date":"2023-01-13T11:37:01","date_gmt":"2023-01-13T10:37:01","guid":{"rendered":"https:\/\/inspirations-aborigenes.fr\/?page_id=382"},"modified":"2023-01-18T09:10:29","modified_gmt":"2023-01-18T08:10:29","slug":"accueil","status":"publish","type":"page","link":"https:\/\/www.inspirationsaborigenes.fr\/","title":{"rendered":"BIENVENUE"},"content":{"rendered":"\n<p class=\"has-luminous-vivid-orange-color has-text-color has-medium-font-size\"><em>Nous reconnaissons les nombreux gardiens traditionnels du pays \u00e0 travers l&rsquo;Australie et honorons leurs ain\u00e9s pass\u00e9s et pr\u00e9sents. Nous respectons leurs liens profonds et durables avec leurs terres, leurs voies navigables et les groupes de clans environnants depuis des temps imm\u00e9moriaux. Nous ch\u00e9rissons la richesse des expressions artistiques et culturelles des peuples des Premi\u00e8res Nations.<\/em><\/p>\n\n\n\n<figure class=\"wp-block-image size-large\"><img decoding=\"async\" width=\"1024\" height=\"614\" src=\"https:\/\/inspirations-aborigenes.fr\/wp-content\/uploads\/2023\/01\/homme-abo-1024x614.jpg\" alt=\"\" class=\"wp-image-179\" srcset=\"https:\/\/www.inspirationsaborigenes.fr\/wp-content\/uploads\/2023\/01\/homme-abo-1024x614.jpg 1024w, https:\/\/www.inspirationsaborigenes.fr\/wp-content\/uploads\/2023\/01\/homme-abo-300x180.jpg 300w, https:\/\/www.inspirationsaborigenes.fr\/wp-content\/uploads\/2023\/01\/homme-abo-768x461.jpg 768w, https:\/\/www.inspirationsaborigenes.fr\/wp-content\/uploads\/2023\/01\/homme-abo-1536x921.jpg 1536w, https:\/\/www.inspirationsaborigenes.fr\/wp-content\/uploads\/2023\/01\/homme-abo.jpg 1746w\" sizes=\"(max-width: 1024px) 100vw, 1024px\" \/><\/figure>\n\n\n\n<h2 class=\"has-text-align-center has-luminous-vivid-orange-color has-text-color has-medium-font-size wp-block-heading\"><em>Avec l&rsquo;aimable autorisation de la Galerie Gondwana.<\/em><\/h2>\n\n\n\n<p class=\"has-luminous-vivid-orange-color has-text-color has-medium-font-size\">Comment imaginer que l\u2019immensit\u00e9 des espaces arides et silencieux du d\u00e9sert australien, puisse engendrer de telles peintures aussi complexes, aux teintes aussi si vives et si vari\u00e9es&nbsp;?&nbsp;&nbsp;&nbsp;&nbsp;<br>Pour certains, la culture aborig\u00e8ne d&rsquo;Australie peut sembler simpliste ou na\u00efve au premier regard, mais, en r\u00e9alit\u00e9,&nbsp;elle est habit\u00e9e, spirituelle, codifi\u00e9e, complexe.&nbsp;&nbsp;&nbsp;&nbsp;&nbsp;&nbsp;&nbsp;&nbsp;&nbsp;&nbsp;&nbsp;&nbsp;&nbsp;&nbsp;&nbsp;&nbsp;&nbsp;&nbsp;&nbsp;&nbsp;&nbsp;&nbsp;&nbsp;<br>Elle cache volontairement ses sens initiatiques sacr\u00e9s pour les non autochtones que nous sommes.<br>L&rsquo;art aborig\u00e8ne contemporain trouve donc, ses origines, dans la plus ancienne culture continue du monde, elle associe mythes et vibrations des couleurs.<br><\/p>\n\n\n\n<p class=\"has-text-align-center has-luminous-vivid-orange-color has-text-color has-large-font-size\"><strong><em>Partez \u00e0 la d\u00e9couverte de l&rsquo;ART ABORIGENE <\/em><\/strong><\/p>\n\n\n<div class=\"wp-block-image\">\n<figure class=\"aligncenter size-full is-resized\"><img decoding=\"async\" src=\"https:\/\/inspirations-aborigenes.fr\/wp-content\/uploads\/2022\/12\/logo_inspi-sf.png\" alt=\"Australie Aborig\u00e8ne\" class=\"wp-image-25\" width=\"556\" height=\"460\" srcset=\"https:\/\/www.inspirationsaborigenes.fr\/wp-content\/uploads\/2022\/12\/logo_inspi-sf.png 904w, https:\/\/www.inspirationsaborigenes.fr\/wp-content\/uploads\/2022\/12\/logo_inspi-sf-300x249.png 300w, https:\/\/www.inspirationsaborigenes.fr\/wp-content\/uploads\/2022\/12\/logo_inspi-sf-768x637.png 768w\" sizes=\"(max-width: 556px) 100vw, 556px\" \/><figcaption class=\"wp-element-caption\"><strong>Ma carte d&rsquo;Australie !<\/strong><\/figcaption><\/figure>\n<\/div>","protected":false},"excerpt":{"rendered":"<p>Nous reconnaissons les nombreux gardiens traditionnels du pays \u00e0 travers l&rsquo;Australie et honorons leurs ain\u00e9s pass\u00e9s et pr\u00e9sents. Nous respectons leurs liens profonds et durables avec leurs terres, leurs voies navigables et les groupes de clans environnants depuis des temps imm\u00e9moriaux. Nous ch\u00e9rissons la richesse des expressions artistiques et culturelles des peuples des Premi\u00e8res Nations. Avec l&rsquo;aimable autorisation de la Galerie Gondwana. Comment imaginer que l\u2019immensit\u00e9 des espaces arides et silencieux du d\u00e9sert australien, puisse engendrer de telles peintures aussi complexes, aux teintes aussi si vives et si vari\u00e9es&nbsp;?&nbsp;&nbsp;&nbsp;&nbsp;Pour certains, la culture aborig\u00e8ne d&rsquo;Australie peut sembler simpliste ou na\u00efve au premier regard, mais, en r\u00e9alit\u00e9,&nbsp;elle est habit\u00e9e, spirituelle, codifi\u00e9e, complexe.&nbsp;&nbsp;&nbsp;&nbsp;&nbsp;&nbsp;&nbsp;&nbsp;&nbsp;&nbsp;&nbsp;&nbsp;&nbsp;&nbsp;&nbsp;&nbsp;&nbsp;&nbsp;&nbsp;&nbsp;&nbsp;&nbsp;&nbsp;Elle cache volontairement ses sens initiatiques sacr\u00e9s pour les non autochtones que nous sommes.L&rsquo;art aborig\u00e8ne contemporain trouve donc, ses origines, dans la plus ancienne culture continue du monde, elle associe mythes et vibrations des couleurs. Partez \u00e0 la d\u00e9couverte de l&rsquo;ART ABORIGENE<\/p>\n","protected":false},"author":2,"featured_media":0,"parent":0,"menu_order":0,"comment_status":"closed","ping_status":"closed","template":"","meta":{"footnotes":""},"class_list":["post-382","page","type-page","status-publish","hentry"],"_links":{"self":[{"href":"https:\/\/www.inspirationsaborigenes.fr\/index.php?rest_route=\/wp\/v2\/pages\/382","targetHints":{"allow":["GET"]}}],"collection":[{"href":"https:\/\/www.inspirationsaborigenes.fr\/index.php?rest_route=\/wp\/v2\/pages"}],"about":[{"href":"https:\/\/www.inspirationsaborigenes.fr\/index.php?rest_route=\/wp\/v2\/types\/page"}],"author":[{"embeddable":true,"href":"https:\/\/www.inspirationsaborigenes.fr\/index.php?rest_route=\/wp\/v2\/users\/2"}],"replies":[{"embeddable":true,"href":"https:\/\/www.inspirationsaborigenes.fr\/index.php?rest_route=%2Fwp%2Fv2%2Fcomments&post=382"}],"version-history":[{"count":0,"href":"https:\/\/www.inspirationsaborigenes.fr\/index.php?rest_route=\/wp\/v2\/pages\/382\/revisions"}],"wp:attachment":[{"href":"https:\/\/www.inspirationsaborigenes.fr\/index.php?rest_route=%2Fwp%2Fv2%2Fmedia&parent=382"}],"curies":[{"name":"wp","href":"https:\/\/api.w.org\/{rel}","templated":true}]}}