{"id":348,"date":"2023-01-13T10:23:37","date_gmt":"2023-01-13T09:23:37","guid":{"rendered":"https:\/\/inspirations-aborigenes.fr\/?page_id=348"},"modified":"2023-02-10T10:55:27","modified_gmt":"2023-02-10T09:55:27","slug":"reproductions","status":"publish","type":"page","link":"https:\/\/www.inspirationsaborigenes.fr\/?page_id=348","title":{"rendered":"MOYENS FORMATS"},"content":{"rendered":"\n<figure class=\"wp-block-image size-large\"><img decoding=\"async\" width=\"1024\" height=\"755\" src=\"https:\/\/inspirations-aborigenes.fr\/wp-content\/uploads\/2023\/02\/barrierre-r-1024x755.jpg\" alt=\"\" class=\"wp-image-898\" srcset=\"https:\/\/www.inspirationsaborigenes.fr\/wp-content\/uploads\/2023\/02\/barrierre-r-1024x755.jpg 1024w, https:\/\/www.inspirationsaborigenes.fr\/wp-content\/uploads\/2023\/02\/barrierre-r-300x221.jpg 300w, https:\/\/www.inspirationsaborigenes.fr\/wp-content\/uploads\/2023\/02\/barrierre-r-768x566.jpg 768w, https:\/\/www.inspirationsaborigenes.fr\/wp-content\/uploads\/2023\/02\/barrierre-r-1536x1132.jpg 1536w, https:\/\/www.inspirationsaborigenes.fr\/wp-content\/uploads\/2023\/02\/barrierre-r-1140x840.jpg 1140w, https:\/\/www.inspirationsaborigenes.fr\/wp-content\/uploads\/2023\/02\/barrierre-r.jpg 1920w\" sizes=\"(max-width: 1024px) 100vw, 1024px\" \/><\/figure>\n\n\n\n<h2 class=\"has-text-align-center wp-block-heading\">Barri\u00e8re de corail 60&#215;80 acrylique sur toile de lin<\/h2>\n\n\n\n<p><\/p>\n\n\n\n<figure class=\"wp-block-image size-large is-resized\"><img decoding=\"async\" src=\"https:\/\/inspirations-aborigenes.fr\/wp-content\/uploads\/2023\/02\/ULURU-AAA-1024x767.jpg\" alt=\"\" class=\"wp-image-899\" width=\"845\" height=\"633\" srcset=\"https:\/\/www.inspirationsaborigenes.fr\/wp-content\/uploads\/2023\/02\/ULURU-AAA-1024x767.jpg 1024w, https:\/\/www.inspirationsaborigenes.fr\/wp-content\/uploads\/2023\/02\/ULURU-AAA-300x225.jpg 300w, https:\/\/www.inspirationsaborigenes.fr\/wp-content\/uploads\/2023\/02\/ULURU-AAA-768x576.jpg 768w, https:\/\/www.inspirationsaborigenes.fr\/wp-content\/uploads\/2023\/02\/ULURU-AAA-1536x1151.jpg 1536w, https:\/\/www.inspirationsaborigenes.fr\/wp-content\/uploads\/2023\/02\/ULURU-AAA-1140x854.jpg 1140w, https:\/\/www.inspirationsaborigenes.fr\/wp-content\/uploads\/2023\/02\/ULURU-AAA.jpg 1920w\" sizes=\"(max-width: 845px) 100vw, 845px\" \/><\/figure>\n\n\n\n<h2 class=\"has-text-align-center wp-block-heading\">L&rsquo;Uluru  60&#215;80 acrylique sur toile de lin<\/h2>\n\n\n\n<p><\/p>\n\n\n\n<figure class=\"wp-block-image size-large\"><img decoding=\"async\" width=\"1024\" height=\"765\" src=\"https:\/\/inspirations-aborigenes.fr\/wp-content\/uploads\/2023\/02\/bush-r-1024x765.jpg\" alt=\"\" class=\"wp-image-900\" srcset=\"https:\/\/www.inspirationsaborigenes.fr\/wp-content\/uploads\/2023\/02\/bush-r-1024x765.jpg 1024w, https:\/\/www.inspirationsaborigenes.fr\/wp-content\/uploads\/2023\/02\/bush-r-300x224.jpg 300w, https:\/\/www.inspirationsaborigenes.fr\/wp-content\/uploads\/2023\/02\/bush-r-768x574.jpg 768w, https:\/\/www.inspirationsaborigenes.fr\/wp-content\/uploads\/2023\/02\/bush-r-1536x1147.jpg 1536w, https:\/\/www.inspirationsaborigenes.fr\/wp-content\/uploads\/2023\/02\/bush-r-1140x851.jpg 1140w, https:\/\/www.inspirationsaborigenes.fr\/wp-content\/uploads\/2023\/02\/bush-r.jpg 1920w\" sizes=\"(max-width: 1024px) 100vw, 1024px\" \/><\/figure>\n\n\n\n<h2 class=\"has-text-align-center wp-block-heading\">Le Bush 60x 80 acrylique sur toile de lin<\/h2>\n\n\n\n<p><\/p>\n\n\n\n<figure class=\"wp-block-image size-large\"><img decoding=\"async\" width=\"771\" height=\"1024\" src=\"https:\/\/inspirations-aborigenes.fr\/wp-content\/uploads\/2023\/02\/loi-r-771x1024.jpg\" alt=\"\" class=\"wp-image-901\" srcset=\"https:\/\/www.inspirationsaborigenes.fr\/wp-content\/uploads\/2023\/02\/loi-r-771x1024.jpg 771w, https:\/\/www.inspirationsaborigenes.fr\/wp-content\/uploads\/2023\/02\/loi-r-226x300.jpg 226w, https:\/\/www.inspirationsaborigenes.fr\/wp-content\/uploads\/2023\/02\/loi-r-768x1020.jpg 768w, https:\/\/www.inspirationsaborigenes.fr\/wp-content\/uploads\/2023\/02\/loi-r-1156x1536.jpg 1156w, https:\/\/www.inspirationsaborigenes.fr\/wp-content\/uploads\/2023\/02\/loi-r-1140x1515.jpg 1140w, https:\/\/www.inspirationsaborigenes.fr\/wp-content\/uploads\/2023\/02\/loi-r.jpg 1445w\" sizes=\"(max-width: 771px) 100vw, 771px\" \/><\/figure>\n\n\n\n<h2 class=\"has-text-align-center wp-block-heading\">Loi aborig\u00e8ne  60&#215;80 acrylique sur toile de lin<\/h2>\n\n\n\n<p><\/p>\n\n\n\n<figure class=\"wp-block-image size-large\"><img decoding=\"async\" width=\"1024\" height=\"818\" src=\"https:\/\/inspirations-aborigenes.fr\/wp-content\/uploads\/2023\/02\/serpent-r-1024x818.jpg\" alt=\"\" class=\"wp-image-902\" srcset=\"https:\/\/www.inspirationsaborigenes.fr\/wp-content\/uploads\/2023\/02\/serpent-r-1024x818.jpg 1024w, https:\/\/www.inspirationsaborigenes.fr\/wp-content\/uploads\/2023\/02\/serpent-r-300x240.jpg 300w, https:\/\/www.inspirationsaborigenes.fr\/wp-content\/uploads\/2023\/02\/serpent-r-768x613.jpg 768w, https:\/\/www.inspirationsaborigenes.fr\/wp-content\/uploads\/2023\/02\/serpent-r-1536x1226.jpg 1536w, https:\/\/www.inspirationsaborigenes.fr\/wp-content\/uploads\/2023\/02\/serpent-r-1140x910.jpg 1140w, https:\/\/www.inspirationsaborigenes.fr\/wp-content\/uploads\/2023\/02\/serpent-r.jpg 1920w\" sizes=\"(max-width: 1024px) 100vw, 1024px\" \/><\/figure>\n\n\n\n<h2 class=\"has-text-align-center wp-block-heading\">Le temps du r\u00eave 60&#215;80 acrylique sur toile de lin<\/h2>\n\n\n\n<p><\/p>\n\n\n\n<figure class=\"wp-block-image size-large\"><img decoding=\"async\" width=\"1024\" height=\"767\" src=\"https:\/\/inspirations-aborigenes.fr\/wp-content\/uploads\/2023\/02\/tarots-r-1024x767.jpg\" alt=\"\" class=\"wp-image-903\" srcset=\"https:\/\/www.inspirationsaborigenes.fr\/wp-content\/uploads\/2023\/02\/tarots-r-1024x767.jpg 1024w, https:\/\/www.inspirationsaborigenes.fr\/wp-content\/uploads\/2023\/02\/tarots-r-300x225.jpg 300w, https:\/\/www.inspirationsaborigenes.fr\/wp-content\/uploads\/2023\/02\/tarots-r-768x575.jpg 768w, https:\/\/www.inspirationsaborigenes.fr\/wp-content\/uploads\/2023\/02\/tarots-r-1536x1150.jpg 1536w, https:\/\/www.inspirationsaborigenes.fr\/wp-content\/uploads\/2023\/02\/tarots-r-1140x854.jpg 1140w, https:\/\/www.inspirationsaborigenes.fr\/wp-content\/uploads\/2023\/02\/tarots-r.jpg 1920w\" sizes=\"(max-width: 1024px) 100vw, 1024px\" \/><\/figure>\n\n\n\n<h2 class=\"has-text-align-center wp-block-heading\">Tarots aborig\u00e8nes 60x 80 acrylique sur toile de lin<\/h2>\n\n\n\n<p><\/p>\n\n\n\n<figure class=\"wp-block-image size-large\"><img decoding=\"async\" width=\"865\" height=\"1024\" src=\"https:\/\/inspirations-aborigenes.fr\/wp-content\/uploads\/2023\/02\/tortues-r-865x1024.jpg\" alt=\"\" class=\"wp-image-904\" srcset=\"https:\/\/www.inspirationsaborigenes.fr\/wp-content\/uploads\/2023\/02\/tortues-r-865x1024.jpg 865w, https:\/\/www.inspirationsaborigenes.fr\/wp-content\/uploads\/2023\/02\/tortues-r-253x300.jpg 253w, https:\/\/www.inspirationsaborigenes.fr\/wp-content\/uploads\/2023\/02\/tortues-r-768x909.jpg 768w, https:\/\/www.inspirationsaborigenes.fr\/wp-content\/uploads\/2023\/02\/tortues-r-1298x1536.jpg 1298w, https:\/\/www.inspirationsaborigenes.fr\/wp-content\/uploads\/2023\/02\/tortues-r-1140x1349.jpg 1140w, https:\/\/www.inspirationsaborigenes.fr\/wp-content\/uploads\/2023\/02\/tortues-r.jpg 1622w\" sizes=\"(max-width: 865px) 100vw, 865px\" \/><\/figure>\n\n\n\n<h2 class=\"has-text-align-center wp-block-heading\">Les tortues 50&#215;60 acrylique sur toile de lin<\/h2>\n","protected":false},"excerpt":{"rendered":"<p>Barri\u00e8re de corail 60&#215;80 acrylique sur toile de lin L&rsquo;Uluru 60&#215;80 acrylique sur toile de lin Le Bush 60x 80 acrylique sur toile de lin Loi aborig\u00e8ne 60&#215;80 acrylique sur toile de lin Le temps du r\u00eave 60&#215;80 acrylique sur toile de lin Tarots aborig\u00e8nes 60x 80 acrylique sur toile de lin Les tortues 50&#215;60 acrylique sur toile de lin<\/p>\n","protected":false},"author":2,"featured_media":0,"parent":0,"menu_order":0,"comment_status":"closed","ping_status":"closed","template":"","meta":{"footnotes":""},"class_list":["post-348","page","type-page","status-publish","hentry"],"_links":{"self":[{"href":"https:\/\/www.inspirationsaborigenes.fr\/index.php?rest_route=\/wp\/v2\/pages\/348","targetHints":{"allow":["GET"]}}],"collection":[{"href":"https:\/\/www.inspirationsaborigenes.fr\/index.php?rest_route=\/wp\/v2\/pages"}],"about":[{"href":"https:\/\/www.inspirationsaborigenes.fr\/index.php?rest_route=\/wp\/v2\/types\/page"}],"author":[{"embeddable":true,"href":"https:\/\/www.inspirationsaborigenes.fr\/index.php?rest_route=\/wp\/v2\/users\/2"}],"replies":[{"embeddable":true,"href":"https:\/\/www.inspirationsaborigenes.fr\/index.php?rest_route=%2Fwp%2Fv2%2Fcomments&post=348"}],"version-history":[{"count":0,"href":"https:\/\/www.inspirationsaborigenes.fr\/index.php?rest_route=\/wp\/v2\/pages\/348\/revisions"}],"wp:attachment":[{"href":"https:\/\/www.inspirationsaborigenes.fr\/index.php?rest_route=%2Fwp%2Fv2%2Fmedia&parent=348"}],"curies":[{"name":"wp","href":"https:\/\/api.w.org\/{rel}","templated":true}]}}