{"id":342,"date":"2023-01-13T10:23:13","date_gmt":"2023-01-13T09:23:13","guid":{"rendered":"https:\/\/inspirations-aborigenes.fr\/?page_id=342"},"modified":"2025-09-24T20:55:35","modified_gmt":"2025-09-24T18:55:35","slug":"grands-formats","status":"publish","type":"page","link":"https:\/\/www.inspirationsaborigenes.fr\/?page_id=342","title":{"rendered":"DIFFERENTS FORMATS DE TOILES COTON"},"content":{"rendered":"\n<figure class=\"wp-block-image size-large\"><img decoding=\"async\" width=\"1020\" height=\"1024\" src=\"https:\/\/inspirations-aborigenes.fr\/wp-content\/uploads\/2023\/02\/gor-ok-1020x1024.jpg\" alt=\"\" class=\"wp-image-888\" srcset=\"https:\/\/www.inspirationsaborigenes.fr\/wp-content\/uploads\/2023\/02\/gor-ok-1020x1024.jpg 1020w, https:\/\/www.inspirationsaborigenes.fr\/wp-content\/uploads\/2023\/02\/gor-ok-300x300.jpg 300w, https:\/\/www.inspirationsaborigenes.fr\/wp-content\/uploads\/2023\/02\/gor-ok-150x150.jpg 150w, https:\/\/www.inspirationsaborigenes.fr\/wp-content\/uploads\/2023\/02\/gor-ok-768x771.jpg 768w, https:\/\/www.inspirationsaborigenes.fr\/wp-content\/uploads\/2023\/02\/gor-ok-1530x1536.jpg 1530w, https:\/\/www.inspirationsaborigenes.fr\/wp-content\/uploads\/2023\/02\/gor-ok-1140x1144.jpg 1140w, https:\/\/www.inspirationsaborigenes.fr\/wp-content\/uploads\/2023\/02\/gor-ok-75x75.jpg 75w, https:\/\/www.inspirationsaborigenes.fr\/wp-content\/uploads\/2023\/02\/gor-ok.jpg 1913w\" sizes=\"(max-width: 1020px) 100vw, 1020px\" \/><\/figure>\n\n\n\n<h2 class=\"wp-block-heading has-text-align-center\">Great Oc\u00e9an Road  80&#215;80 acrylique sur toile de lin<\/h2>\n\n\n\n<p><\/p>\n\n\n\n<figure class=\"wp-block-image size-large\"><img decoding=\"async\" width=\"1024\" height=\"1022\" src=\"https:\/\/inspirations-aborigenes.fr\/wp-content\/uploads\/2023\/02\/fourmis-r-1024x1022.jpg\" alt=\"\" class=\"wp-image-889\" srcset=\"https:\/\/www.inspirationsaborigenes.fr\/wp-content\/uploads\/2023\/02\/fourmis-r-1024x1022.jpg 1024w, https:\/\/www.inspirationsaborigenes.fr\/wp-content\/uploads\/2023\/02\/fourmis-r-300x300.jpg 300w, https:\/\/www.inspirationsaborigenes.fr\/wp-content\/uploads\/2023\/02\/fourmis-r-150x150.jpg 150w, https:\/\/www.inspirationsaborigenes.fr\/wp-content\/uploads\/2023\/02\/fourmis-r-768x766.jpg 768w, https:\/\/www.inspirationsaborigenes.fr\/wp-content\/uploads\/2023\/02\/fourmis-r-1536x1533.jpg 1536w, https:\/\/www.inspirationsaborigenes.fr\/wp-content\/uploads\/2023\/02\/fourmis-r-1140x1138.jpg 1140w, https:\/\/www.inspirationsaborigenes.fr\/wp-content\/uploads\/2023\/02\/fourmis-r-75x75.jpg 75w, https:\/\/www.inspirationsaborigenes.fr\/wp-content\/uploads\/2023\/02\/fourmis-r.jpg 1920w\" sizes=\"(max-width: 1024px) 100vw, 1024px\" \/><\/figure>\n\n\n\n<h2 class=\"wp-block-heading has-text-align-center\">Les fourmis \u00e0 miel 80&#215;80 acrylique sur toile de lin<\/h2>\n\n\n\n<p><\/p>\n\n\n\n<p>Les <strong>Fourmis \u00e0 miel<\/strong>&nbsp;ou encore&nbsp;<strong>Fourmis mellif\u00e8res<\/strong> d\u00e9signent plusieurs&nbsp;esp\u00e8ces&nbsp;de&nbsp;fourmis&nbsp;dont certaines ouvri\u00e8res (les&nbsp;<strong>fourmis gourdes<\/strong>) qui accumulent du&nbsp;miellat de pucerons (et non du&nbsp;miel) qu&rsquo;elles gardent dans leur gros&nbsp;gastre ou (&nbsp;jabot social) et restent accroch\u00e9es au plafond des galeries toute leur vie. Ces fourmis servent de r\u00e9servoir vivant aux autres fourmis de la colonie qui viennent leur donner ou y puiser du&nbsp;miellat&nbsp;. Elles vivent, entre autres, dans les r\u00e9gions semi-d\u00e9sertiques d&rsquo;Australie o\u00f9 elles creusent des galeries qui peuvent atteindre deux m\u00e8tres sous terre.<\/p>\n\n\n<div class=\"wp-block-image\">\n<figure class=\"aligncenter size-full is-resized\"><img decoding=\"async\" width=\"888\" height=\"474\" src=\"https:\/\/inspirations-aborigenes.fr\/wp-content\/uploads\/2023\/01\/fourmi-a-miel.jpg\" alt=\"\" class=\"wp-image-604\" style=\"width:426px;height:227px\" srcset=\"https:\/\/www.inspirationsaborigenes.fr\/wp-content\/uploads\/2023\/01\/fourmi-a-miel.jpg 888w, https:\/\/www.inspirationsaborigenes.fr\/wp-content\/uploads\/2023\/01\/fourmi-a-miel-300x160.jpg 300w, https:\/\/www.inspirationsaborigenes.fr\/wp-content\/uploads\/2023\/01\/fourmi-a-miel-768x410.jpg 768w\" sizes=\"(max-width: 888px) 100vw, 888px\" \/><figcaption class=\"wp-element-caption\"><strong>Fourmi \u00e0 miel<\/strong><\/figcaption><\/figure>\n<\/div>\n\n\n<figure class=\"wp-block-image size-large\"><img decoding=\"async\" width=\"1024\" height=\"1002\" src=\"https:\/\/inspirations-aborigenes.fr\/wp-content\/uploads\/2023\/02\/mater-1024x1002.jpg\" alt=\"\" class=\"wp-image-891\" srcset=\"https:\/\/www.inspirationsaborigenes.fr\/wp-content\/uploads\/2023\/02\/mater-1024x1002.jpg 1024w, https:\/\/www.inspirationsaborigenes.fr\/wp-content\/uploads\/2023\/02\/mater-300x293.jpg 300w, https:\/\/www.inspirationsaborigenes.fr\/wp-content\/uploads\/2023\/02\/mater-768x751.jpg 768w, https:\/\/www.inspirationsaborigenes.fr\/wp-content\/uploads\/2023\/02\/mater-1536x1502.jpg 1536w, https:\/\/www.inspirationsaborigenes.fr\/wp-content\/uploads\/2023\/02\/mater-1140x1115.jpg 1140w, https:\/\/www.inspirationsaborigenes.fr\/wp-content\/uploads\/2023\/02\/mater.jpg 1920w\" sizes=\"(max-width: 1024px) 100vw, 1024px\" \/><\/figure>\n\n\n\n<h2 class=\"wp-block-heading has-text-align-center\">Mater aborig\u00e8ne 60x 60 acrylique sur toile de lin<\/h2>\n\n\n\n<p><\/p>\n\n\n\n<figure class=\"wp-block-image size-large\"><img decoding=\"async\" width=\"1024\" height=\"1024\" src=\"https:\/\/inspirations-aborigenes.fr\/wp-content\/uploads\/2023\/02\/outback-r-1024x1024.jpg\" alt=\"\" class=\"wp-image-893\" srcset=\"https:\/\/www.inspirationsaborigenes.fr\/wp-content\/uploads\/2023\/02\/outback-r-1024x1024.jpg 1024w, https:\/\/www.inspirationsaborigenes.fr\/wp-content\/uploads\/2023\/02\/outback-r-300x300.jpg 300w, https:\/\/www.inspirationsaborigenes.fr\/wp-content\/uploads\/2023\/02\/outback-r-150x150.jpg 150w, https:\/\/www.inspirationsaborigenes.fr\/wp-content\/uploads\/2023\/02\/outback-r-768x768.jpg 768w, https:\/\/www.inspirationsaborigenes.fr\/wp-content\/uploads\/2023\/02\/outback-r-1536x1536.jpg 1536w, https:\/\/www.inspirationsaborigenes.fr\/wp-content\/uploads\/2023\/02\/outback-r-1140x1140.jpg 1140w, https:\/\/www.inspirationsaborigenes.fr\/wp-content\/uploads\/2023\/02\/outback-r-75x75.jpg 75w, https:\/\/www.inspirationsaborigenes.fr\/wp-content\/uploads\/2023\/02\/outback-r.jpg 1920w\" sizes=\"(max-width: 1024px) 100vw, 1024px\" \/><\/figure>\n\n\n\n<h2 class=\"wp-block-heading has-text-align-center\">L&rsquo;Outback  80&#215;80 acrylique sur toile de lin<\/h2>\n\n\n\n<p><\/p>\n\n\n\n<figure class=\"wp-block-image size-large\"><img decoding=\"async\" width=\"1024\" height=\"1017\" src=\"https:\/\/inspirations-aborigenes.fr\/wp-content\/uploads\/2023\/02\/florilege-r-1024x1017.jpg\" alt=\"\" class=\"wp-image-894\" srcset=\"https:\/\/www.inspirationsaborigenes.fr\/wp-content\/uploads\/2023\/02\/florilege-r-1024x1017.jpg 1024w, https:\/\/www.inspirationsaborigenes.fr\/wp-content\/uploads\/2023\/02\/florilege-r-300x298.jpg 300w, https:\/\/www.inspirationsaborigenes.fr\/wp-content\/uploads\/2023\/02\/florilege-r-150x150.jpg 150w, https:\/\/www.inspirationsaborigenes.fr\/wp-content\/uploads\/2023\/02\/florilege-r-768x762.jpg 768w, https:\/\/www.inspirationsaborigenes.fr\/wp-content\/uploads\/2023\/02\/florilege-r-1536x1525.jpg 1536w, https:\/\/www.inspirationsaborigenes.fr\/wp-content\/uploads\/2023\/02\/florilege-r-1140x1132.jpg 1140w, https:\/\/www.inspirationsaborigenes.fr\/wp-content\/uploads\/2023\/02\/florilege-r-75x75.jpg 75w, https:\/\/www.inspirationsaborigenes.fr\/wp-content\/uploads\/2023\/02\/florilege-r.jpg 1920w\" sizes=\"(max-width: 1024px) 100vw, 1024px\" \/><\/figure>\n\n\n\n<h2 class=\"wp-block-heading has-text-align-center\">Floril\u00e8ge symboles aborig\u00e8nes  80&#215;80 acrylique sur toile de lin<\/h2>\n\n\n\n<p><\/p>\n\n\n\n<figure class=\"wp-block-image size-large\"><img decoding=\"async\" width=\"1021\" height=\"1024\" src=\"https:\/\/inspirations-aborigenes.fr\/wp-content\/uploads\/2023\/02\/ode-ok-1021x1024.jpg\" alt=\"\" class=\"wp-image-895\" srcset=\"https:\/\/www.inspirationsaborigenes.fr\/wp-content\/uploads\/2023\/02\/ode-ok-1021x1024.jpg 1021w, https:\/\/www.inspirationsaborigenes.fr\/wp-content\/uploads\/2023\/02\/ode-ok-300x300.jpg 300w, https:\/\/www.inspirationsaborigenes.fr\/wp-content\/uploads\/2023\/02\/ode-ok-150x150.jpg 150w, https:\/\/www.inspirationsaborigenes.fr\/wp-content\/uploads\/2023\/02\/ode-ok-768x770.jpg 768w, https:\/\/www.inspirationsaborigenes.fr\/wp-content\/uploads\/2023\/02\/ode-ok-1531x1536.jpg 1531w, https:\/\/www.inspirationsaborigenes.fr\/wp-content\/uploads\/2023\/02\/ode-ok-1140x1144.jpg 1140w, https:\/\/www.inspirationsaborigenes.fr\/wp-content\/uploads\/2023\/02\/ode-ok-75x75.jpg 75w, https:\/\/www.inspirationsaborigenes.fr\/wp-content\/uploads\/2023\/02\/ode-ok.jpg 1914w\" sizes=\"(max-width: 1021px) 100vw, 1021px\" \/><\/figure>\n\n\n\n<h2 class=\"wp-block-heading has-text-align-center\">Ode \u00e0 la terre aborig\u00e8ne  80&#215;80 acrylique sur toile de lin<\/h2>\n\n\n\n<figure class=\"wp-block-image size-large\"><img decoding=\"async\" width=\"1024\" height=\"1019\" src=\"https:\/\/www.inspirationsaborigenes.fr\/wp-content\/uploads\/2025\/09\/ikuntji-ok-1024x1019.jpg\" alt=\"\" class=\"wp-image-1075\" srcset=\"https:\/\/www.inspirationsaborigenes.fr\/wp-content\/uploads\/2025\/09\/ikuntji-ok-1024x1019.jpg 1024w, https:\/\/www.inspirationsaborigenes.fr\/wp-content\/uploads\/2025\/09\/ikuntji-ok-300x300.jpg 300w, https:\/\/www.inspirationsaborigenes.fr\/wp-content\/uploads\/2025\/09\/ikuntji-ok-150x150.jpg 150w, https:\/\/www.inspirationsaborigenes.fr\/wp-content\/uploads\/2025\/09\/ikuntji-ok-768x764.jpg 768w, https:\/\/www.inspirationsaborigenes.fr\/wp-content\/uploads\/2025\/09\/ikuntji-ok-1536x1529.jpg 1536w, https:\/\/www.inspirationsaborigenes.fr\/wp-content\/uploads\/2025\/09\/ikuntji-ok-1140x1135.jpg 1140w, https:\/\/www.inspirationsaborigenes.fr\/wp-content\/uploads\/2025\/09\/ikuntji-ok-75x75.jpg 75w, https:\/\/www.inspirationsaborigenes.fr\/wp-content\/uploads\/2025\/09\/ikuntji-ok.jpg 1920w\" sizes=\"(max-width: 1024px) 100vw, 1024px\" \/><\/figure>\n\n\n\n<h2 class=\"wp-block-heading\"><\/h2>\n\n\n\n<h2 class=\"wp-block-heading\"><\/h2>\n\n\n\n<h2 class=\"wp-block-heading\"><\/h2>\n\n\n\n<h2 class=\"wp-block-heading\">Ikuntji 80&#215;80 cm<\/h2>\n\n\n\n<figure class=\"wp-block-image size-large\"><img decoding=\"async\" width=\"1024\" height=\"1024\" src=\"https:\/\/www.inspirationsaborigenes.fr\/wp-content\/uploads\/2025\/09\/20250202_124641-1-1024x1024.jpg\" alt=\"\" class=\"wp-image-1079\" srcset=\"https:\/\/www.inspirationsaborigenes.fr\/wp-content\/uploads\/2025\/09\/20250202_124641-1-1024x1024.jpg 1024w, https:\/\/www.inspirationsaborigenes.fr\/wp-content\/uploads\/2025\/09\/20250202_124641-1-300x300.jpg 300w, https:\/\/www.inspirationsaborigenes.fr\/wp-content\/uploads\/2025\/09\/20250202_124641-1-150x150.jpg 150w, https:\/\/www.inspirationsaborigenes.fr\/wp-content\/uploads\/2025\/09\/20250202_124641-1-768x768.jpg 768w, https:\/\/www.inspirationsaborigenes.fr\/wp-content\/uploads\/2025\/09\/20250202_124641-1-1536x1536.jpg 1536w, https:\/\/www.inspirationsaborigenes.fr\/wp-content\/uploads\/2025\/09\/20250202_124641-1-1140x1140.jpg 1140w, https:\/\/www.inspirationsaborigenes.fr\/wp-content\/uploads\/2025\/09\/20250202_124641-1-75x75.jpg 75w, https:\/\/www.inspirationsaborigenes.fr\/wp-content\/uploads\/2025\/09\/20250202_124641-1.jpg 1920w\" sizes=\"(max-width: 1024px) 100vw, 1024px\" \/><\/figure>\n\n\n\n<p>MARITIMA  80X80 CM<\/p>\n\n\n\n<p><\/p>\n\n\n\n<figure class=\"wp-block-image size-large\"><img decoding=\"async\" width=\"1010\" height=\"1024\" src=\"https:\/\/www.inspirationsaborigenes.fr\/wp-content\/uploads\/2025\/09\/dilly-bag-1010x1024.jpg\" alt=\"\" class=\"wp-image-1082\" srcset=\"https:\/\/www.inspirationsaborigenes.fr\/wp-content\/uploads\/2025\/09\/dilly-bag-1010x1024.jpg 1010w, https:\/\/www.inspirationsaborigenes.fr\/wp-content\/uploads\/2025\/09\/dilly-bag-296x300.jpg 296w, https:\/\/www.inspirationsaborigenes.fr\/wp-content\/uploads\/2025\/09\/dilly-bag-768x779.jpg 768w, https:\/\/www.inspirationsaborigenes.fr\/wp-content\/uploads\/2025\/09\/dilly-bag-1514x1536.jpg 1514w, https:\/\/www.inspirationsaborigenes.fr\/wp-content\/uploads\/2025\/09\/dilly-bag-1140x1156.jpg 1140w, https:\/\/www.inspirationsaborigenes.fr\/wp-content\/uploads\/2025\/09\/dilly-bag-75x75.jpg 75w, https:\/\/www.inspirationsaborigenes.fr\/wp-content\/uploads\/2025\/09\/dilly-bag.jpg 1893w\" sizes=\"(max-width: 1010px) 100vw, 1010px\" \/><figcaption class=\"wp-element-caption\">DILLY BAG  80X80 CM<\/figcaption><\/figure>\n\n\n\n<figure class=\"wp-block-image size-large\"><img decoding=\"async\" width=\"1024\" height=\"1004\" src=\"https:\/\/www.inspirationsaborigenes.fr\/wp-content\/uploads\/2025\/09\/esprits-mimisok-2-1024x1004.jpg\" alt=\"\" class=\"wp-image-1089\" srcset=\"https:\/\/www.inspirationsaborigenes.fr\/wp-content\/uploads\/2025\/09\/esprits-mimisok-2-1024x1004.jpg 1024w, https:\/\/www.inspirationsaborigenes.fr\/wp-content\/uploads\/2025\/09\/esprits-mimisok-2-300x294.jpg 300w, https:\/\/www.inspirationsaborigenes.fr\/wp-content\/uploads\/2025\/09\/esprits-mimisok-2-768x753.jpg 768w, https:\/\/www.inspirationsaborigenes.fr\/wp-content\/uploads\/2025\/09\/esprits-mimisok-2-1140x1117.jpg 1140w, https:\/\/www.inspirationsaborigenes.fr\/wp-content\/uploads\/2025\/09\/esprits-mimisok-2-75x75.jpg 75w, https:\/\/www.inspirationsaborigenes.fr\/wp-content\/uploads\/2025\/09\/esprits-mimisok-2.jpg 1262w\" sizes=\"(max-width: 1024px) 100vw, 1024px\" \/><\/figure>\n\n\n\n<p>ESPRITS MIMI&rsquo;S  50X50 CM<\/p>\n\n\n\n<figure class=\"wp-block-image size-large\"><img decoding=\"async\" width=\"1024\" height=\"981\" src=\"https:\/\/www.inspirationsaborigenes.fr\/wp-content\/uploads\/2025\/09\/IMG_20250924_091556-1-1024x981.jpg\" alt=\"\" class=\"wp-image-1092\" srcset=\"https:\/\/www.inspirationsaborigenes.fr\/wp-content\/uploads\/2025\/09\/IMG_20250924_091556-1-1024x981.jpg 1024w, https:\/\/www.inspirationsaborigenes.fr\/wp-content\/uploads\/2025\/09\/IMG_20250924_091556-1-300x288.jpg 300w, https:\/\/www.inspirationsaborigenes.fr\/wp-content\/uploads\/2025\/09\/IMG_20250924_091556-1-768x736.jpg 768w, https:\/\/www.inspirationsaborigenes.fr\/wp-content\/uploads\/2025\/09\/IMG_20250924_091556-1-1536x1472.jpg 1536w, https:\/\/www.inspirationsaborigenes.fr\/wp-content\/uploads\/2025\/09\/IMG_20250924_091556-1-1140x1093.jpg 1140w, https:\/\/www.inspirationsaborigenes.fr\/wp-content\/uploads\/2025\/09\/IMG_20250924_091556-1.jpg 1920w\" sizes=\"(max-width: 1024px) 100vw, 1024px\" \/><\/figure>\n\n\n\n<h2 class=\"wp-block-heading\">WANDJINA&rsquo;S 50X50 CM<\/h2>\n\n\n\n<figure class=\"wp-block-image size-large\"><img decoding=\"async\" width=\"1024\" height=\"756\" src=\"https:\/\/www.inspirationsaborigenes.fr\/wp-content\/uploads\/2025\/09\/vitis-fabula.jpg-ok-1024x756.jpg\" alt=\"\" class=\"wp-image-1094\" srcset=\"https:\/\/www.inspirationsaborigenes.fr\/wp-content\/uploads\/2025\/09\/vitis-fabula.jpg-ok-1024x756.jpg 1024w, https:\/\/www.inspirationsaborigenes.fr\/wp-content\/uploads\/2025\/09\/vitis-fabula.jpg-ok-300x221.jpg 300w, https:\/\/www.inspirationsaborigenes.fr\/wp-content\/uploads\/2025\/09\/vitis-fabula.jpg-ok-768x567.jpg 768w, https:\/\/www.inspirationsaborigenes.fr\/wp-content\/uploads\/2025\/09\/vitis-fabula.jpg-ok-1536x1134.jpg 1536w, https:\/\/www.inspirationsaborigenes.fr\/wp-content\/uploads\/2025\/09\/vitis-fabula.jpg-ok-1140x841.jpg 1140w, https:\/\/www.inspirationsaborigenes.fr\/wp-content\/uploads\/2025\/09\/vitis-fabula.jpg-ok.jpg 1920w\" sizes=\"(max-width: 1024px) 100vw, 1024px\" \/><\/figure>\n\n\n\n<h2 class=\"wp-block-heading\">VITIS FABULA 60X80 CM<\/h2>\n\n\n\n<figure class=\"wp-block-image size-large\"><img decoding=\"async\" width=\"865\" height=\"1024\" src=\"https:\/\/www.inspirationsaborigenes.fr\/wp-content\/uploads\/2025\/09\/tortues-865x1024.jpg\" alt=\"\" class=\"wp-image-1095\" srcset=\"https:\/\/www.inspirationsaborigenes.fr\/wp-content\/uploads\/2025\/09\/tortues-865x1024.jpg 865w, https:\/\/www.inspirationsaborigenes.fr\/wp-content\/uploads\/2025\/09\/tortues-253x300.jpg 253w, https:\/\/www.inspirationsaborigenes.fr\/wp-content\/uploads\/2025\/09\/tortues-768x909.jpg 768w, https:\/\/www.inspirationsaborigenes.fr\/wp-content\/uploads\/2025\/09\/tortues-1140x1349.jpg 1140w, https:\/\/www.inspirationsaborigenes.fr\/wp-content\/uploads\/2025\/09\/tortues.jpg 1176w\" sizes=\"(max-width: 865px) 100vw, 865px\" \/><\/figure>\n\n\n\n<h2 class=\"wp-block-heading\">TORTUES  50X60 CM<\/h2>\n\n\n\n<figure class=\"wp-block-image size-large\"><img decoding=\"async\" width=\"1024\" height=\"1005\" src=\"https:\/\/www.inspirationsaborigenes.fr\/wp-content\/uploads\/2025\/09\/TARRA-1024x1005.jpg\" alt=\"\" class=\"wp-image-1096\" srcset=\"https:\/\/www.inspirationsaborigenes.fr\/wp-content\/uploads\/2025\/09\/TARRA-1024x1005.jpg 1024w, https:\/\/www.inspirationsaborigenes.fr\/wp-content\/uploads\/2025\/09\/TARRA-300x294.jpg 300w, https:\/\/www.inspirationsaborigenes.fr\/wp-content\/uploads\/2025\/09\/TARRA-768x754.jpg 768w, https:\/\/www.inspirationsaborigenes.fr\/wp-content\/uploads\/2025\/09\/TARRA-1536x1507.jpg 1536w, https:\/\/www.inspirationsaborigenes.fr\/wp-content\/uploads\/2025\/09\/TARRA-1140x1119.jpg 1140w, https:\/\/www.inspirationsaborigenes.fr\/wp-content\/uploads\/2025\/09\/TARRA-75x75.jpg 75w, https:\/\/www.inspirationsaborigenes.fr\/wp-content\/uploads\/2025\/09\/TARRA.jpg 1920w\" sizes=\"(max-width: 1024px) 100vw, 1024px\" \/><\/figure>\n\n\n\n<h2 class=\"wp-block-heading\">TARRA WARRA 80X80 CM<\/h2>\n\n\n\n<figure class=\"wp-block-image size-large\"><img decoding=\"async\" width=\"1024\" height=\"779\" src=\"https:\/\/www.inspirationsaborigenes.fr\/wp-content\/uploads\/2025\/09\/tarots-aborigenes-AE-4-1024x779.jpg\" alt=\"\" class=\"wp-image-1097\" srcset=\"https:\/\/www.inspirationsaborigenes.fr\/wp-content\/uploads\/2025\/09\/tarots-aborigenes-AE-4-1024x779.jpg 1024w, https:\/\/www.inspirationsaborigenes.fr\/wp-content\/uploads\/2025\/09\/tarots-aborigenes-AE-4-300x228.jpg 300w, https:\/\/www.inspirationsaborigenes.fr\/wp-content\/uploads\/2025\/09\/tarots-aborigenes-AE-4-768x584.jpg 768w, https:\/\/www.inspirationsaborigenes.fr\/wp-content\/uploads\/2025\/09\/tarots-aborigenes-AE-4-1536x1168.jpg 1536w, https:\/\/www.inspirationsaborigenes.fr\/wp-content\/uploads\/2025\/09\/tarots-aborigenes-AE-4-1140x867.jpg 1140w, https:\/\/www.inspirationsaborigenes.fr\/wp-content\/uploads\/2025\/09\/tarots-aborigenes-AE-4.jpg 1920w\" sizes=\"(max-width: 1024px) 100vw, 1024px\" \/><\/figure>\n\n\n\n<h2 class=\"wp-block-heading\">TAROTS ABORIGENES  60X80 CM<\/h2>\n\n\n\n\n\n<p><\/p>\n","protected":false},"excerpt":{"rendered":"<p>Great Oc\u00e9an Road 80&#215;80 acrylique sur toile de lin Les fourmis \u00e0 miel 80&#215;80 acrylique sur toile de lin Les Fourmis \u00e0 miel&nbsp;ou encore&nbsp;Fourmis mellif\u00e8res d\u00e9signent plusieurs&nbsp;esp\u00e8ces&nbsp;de&nbsp;fourmis&nbsp;dont certaines ouvri\u00e8res (les&nbsp;fourmis gourdes) qui accumulent du&nbsp;miellat de pucerons (et non du&nbsp;miel) qu&rsquo;elles gardent dans leur gros&nbsp;gastre ou (&nbsp;jabot social) et restent accroch\u00e9es au plafond des galeries toute leur vie. Ces fourmis servent de r\u00e9servoir vivant aux autres fourmis de la colonie qui viennent leur donner ou y puiser du&nbsp;miellat&nbsp;. Elles vivent, entre autres, dans les r\u00e9gions semi-d\u00e9sertiques d&rsquo;Australie o\u00f9 elles creusent des galeries qui peuvent atteindre deux m\u00e8tres sous terre. Mater aborig\u00e8ne 60x 60 acrylique sur toile de lin L&rsquo;Outback 80&#215;80 acrylique sur toile de lin Floril\u00e8ge symboles aborig\u00e8nes 80&#215;80 acrylique sur toile de lin Ode \u00e0 la terre aborig\u00e8ne 80&#215;80 acrylique sur toile de lin Ikuntji 80&#215;80 cm MARITIMA 80X80 CM ESPRITS MIMI&rsquo;S 50X50 CM WANDJINA&rsquo;S 50X50 CM VITIS FABULA 60X80 CM TORTUES 50X60 CM TARRA WARRA 80X80 CM TAROTS ABORIGENES 60X80 CM<\/p>\n","protected":false},"author":2,"featured_media":0,"parent":0,"menu_order":0,"comment_status":"closed","ping_status":"closed","template":"","meta":{"footnotes":""},"class_list":["post-342","page","type-page","status-publish","hentry"],"_links":{"self":[{"href":"https:\/\/www.inspirationsaborigenes.fr\/index.php?rest_route=\/wp\/v2\/pages\/342","targetHints":{"allow":["GET"]}}],"collection":[{"href":"https:\/\/www.inspirationsaborigenes.fr\/index.php?rest_route=\/wp\/v2\/pages"}],"about":[{"href":"https:\/\/www.inspirationsaborigenes.fr\/index.php?rest_route=\/wp\/v2\/types\/page"}],"author":[{"embeddable":true,"href":"https:\/\/www.inspirationsaborigenes.fr\/index.php?rest_route=\/wp\/v2\/users\/2"}],"replies":[{"embeddable":true,"href":"https:\/\/www.inspirationsaborigenes.fr\/index.php?rest_route=%2Fwp%2Fv2%2Fcomments&post=342"}],"version-history":[{"count":0,"href":"https:\/\/www.inspirationsaborigenes.fr\/index.php?rest_route=\/wp\/v2\/pages\/342\/revisions"}],"wp:attachment":[{"href":"https:\/\/www.inspirationsaborigenes.fr\/index.php?rest_route=%2Fwp%2Fv2%2Fmedia&parent=342"}],"curies":[{"name":"wp","href":"https:\/\/api.w.org\/{rel}","templated":true}]}}