{"id":327,"date":"2023-01-13T10:22:10","date_gmt":"2023-01-13T09:22:10","guid":{"rendered":"https:\/\/inspirations-aborigenes.fr\/?page_id=327"},"modified":"2023-01-15T21:32:42","modified_gmt":"2023-01-15T20:32:42","slug":"femme-engagee","status":"publish","type":"page","link":"https:\/\/www.inspirationsaborigenes.fr\/?page_id=327","title":{"rendered":"FEMME ENGAG\u00c9E"},"content":{"rendered":"\n<p class=\"has-luminous-vivid-orange-color has-text-color has-medium-font-size\">Inspirations.aborig\u00e8nes soutient l&rsquo;organisation<strong> <a href=\"http:\/\/www.survivalinternational.fr\">www.survivalinternational.fr<\/a>,<\/strong> &nbsp;qui lutte aux c\u00f4t\u00e9s des peuples autochtones \u00e0 travers le monde. <\/p>\n\n\n\n<p class=\"has-medium-font-size\"><strong><em>Un pourcentage de mes ventes sera revers\u00e9e \u00e0  l&rsquo;Organisation afin d&rsquo;aider modestement \u00e0 financer des projets \u00e9ducatifs sanitaires et scolaires pour les enfants aborig\u00e8nes.<\/em><\/strong><\/p>\n\n\n<div class=\"wp-block-image\">\n<figure class=\"aligncenter size-large is-resized\"><img decoding=\"async\" src=\"https:\/\/inspirations-aborigenes.fr\/wp-content\/uploads\/2023\/01\/Capture-decran-2023-01-15-195154-1024x504.jpg\" alt=\"\" class=\"wp-image-590\" width=\"552\" height=\"271\" srcset=\"https:\/\/www.inspirationsaborigenes.fr\/wp-content\/uploads\/2023\/01\/Capture-decran-2023-01-15-195154-1024x504.jpg 1024w, https:\/\/www.inspirationsaborigenes.fr\/wp-content\/uploads\/2023\/01\/Capture-decran-2023-01-15-195154-300x148.jpg 300w, https:\/\/www.inspirationsaborigenes.fr\/wp-content\/uploads\/2023\/01\/Capture-decran-2023-01-15-195154-768x378.jpg 768w, https:\/\/www.inspirationsaborigenes.fr\/wp-content\/uploads\/2023\/01\/Capture-decran-2023-01-15-195154.jpg 1069w\" sizes=\"(max-width: 552px) 100vw, 552px\" \/><figcaption class=\"wp-element-caption\"><strong>www.survivalinternational.fr<\/strong><\/figcaption><\/figure>\n<\/div>\n\n\n<p class=\"has-medium-font-size\">Ils travaillent en partenariat avec les peuples autochtones pour faire campagne, faire pression et protester pour leurs droits territoriaux.<\/p>\n\n\n\n<p class=\"has-medium-font-size\">Ils enqu\u00eatent, r\u00e9v\u00e8lent et affrontent les atrocit\u00e9s commises par des gouvernements et de grandes entreprises.<\/p>\n\n\n\n<p class=\"has-medium-font-size\">Ils amplifient les voix autochtones pour nous assurer qu&rsquo;elles soient entendues.<\/p>\n\n\n\n<p class=\"has-medium-font-size\">Ils n\u2019acceptent pas d\u2019argent provenant de gouvernements ou de grandes entreprises afin de ne jamais compromettre leur int\u00e9grit\u00e9.<\/p>\n\n\n\n<p class=\"has-medium-font-size\">Forts de 50 ans d\u2019expertise, ils savent mener des activit\u00e9s de lobbying et des campagnes efficaces au niveau international.<\/p>\n\n\n\n<p class=\"has-luminous-vivid-orange-color has-text-color has-medium-font-size\"><strong>Au cours des 50 derni\u00e8res ann\u00e9es, ils ont travaill\u00e9 avec plus de 100 peuples autochtones \u00e0 travers le monde. La carte montre certains de leurs succ\u00e8s.<\/strong><\/p>\n\n\n<div class=\"wp-block-image\">\n<figure class=\"aligncenter size-large is-resized\"><img decoding=\"async\" src=\"https:\/\/inspirations-aborigenes.fr\/wp-content\/uploads\/2023\/01\/2-1024x593.jpg\" alt=\"\" class=\"wp-image-591\" width=\"654\" height=\"378\" srcset=\"https:\/\/www.inspirationsaborigenes.fr\/wp-content\/uploads\/2023\/01\/2-1024x593.jpg 1024w, https:\/\/www.inspirationsaborigenes.fr\/wp-content\/uploads\/2023\/01\/2-300x174.jpg 300w, https:\/\/www.inspirationsaborigenes.fr\/wp-content\/uploads\/2023\/01\/2-768x445.jpg 768w, https:\/\/www.inspirationsaborigenes.fr\/wp-content\/uploads\/2023\/01\/2.jpg 1085w\" sizes=\"(max-width: 654px) 100vw, 654px\" \/><figcaption class=\"wp-element-caption\"><strong>Actions de l&rsquo;Organisation aupr\u00e8s de 100 peuples autochtones<\/strong><\/figcaption><\/figure>\n<\/div>\n\n\n<p class=\"has-medium-font-size\">Ils n\u2019abandonnent pas avant que les peuples autochtones soient respect\u00e9s en tant soci\u00e9t\u00e9s contemporaines, ayant le contr\u00f4le de leurs vies, de leurs terres, libres de d\u00e9terminer leur propre avenir.<\/p>\n\n\n\n<p class=\"has-medium-font-size\">Aujourd\u2019hui, environ deux millions d\u2019enfants autochtones dans le monde \u00e9tudient dans des \u00ab&nbsp;\u00e9coles usines&nbsp;\u00bb, o\u00f9 ils sont d\u00e9pouill\u00e9s de leur identit\u00e9 autochtone et endoctrin\u00e9s pour se fondre dans la soci\u00e9t\u00e9 dominante.<\/p>\n\n\n\n<p class=\"has-medium-font-size\">Leur mission est de mettre fin \u00e0 la scolarisation forc\u00e9e. L\u2019\u00e9ducation des peuples autochtones et tribaux doit \u00eatre plac\u00e9e sous leur contr\u00f4le ; elle doit \u00eatre enracin\u00e9e dans la terre, la langue et la culture de ces peuples et susciter la fiert\u00e9 des enfants en eux-m\u00eames et en leurs peuples.<\/p>\n\n\n\n<p class=\"has-medium-font-size\">L\u2019instruction des peuples autochtones et tribaux doit \u00eatre sous leur contr\u00f4le. Elle doit \u00eatre enracin\u00e9e dans les terres, la langue et la culture de ces peuples, de m\u00eame qu\u2019elle doit donner aux enfants \u00e0 la fois une \u00e9ducation solide et les rendre fiers d\u2019eux-m\u00eames et de leur peuple.<\/p>\n\n\n<div class=\"wp-block-image\">\n<figure class=\"aligncenter size-full is-resized\"><img decoding=\"async\" src=\"https:\/\/inspirations-aborigenes.fr\/wp-content\/uploads\/2023\/01\/4.jpg\" alt=\"\" class=\"wp-image-592\" width=\"453\" height=\"289\" srcset=\"https:\/\/www.inspirationsaborigenes.fr\/wp-content\/uploads\/2023\/01\/4.jpg 710w, https:\/\/www.inspirationsaborigenes.fr\/wp-content\/uploads\/2023\/01\/4-300x191.jpg 300w\" sizes=\"(max-width: 453px) 100vw, 453px\" \/><figcaption class=\"wp-element-caption\"><strong>Ecoles usines enfants autochtones, un exemple: <em>Des enfants tribaux dans une \u00e9cole r\u00e9sidentielle en Inde ayant ouvert ses portes en 1993 et pouvant accueillir 27.000 \u00e9l\u00e8ves. \u00a9 Kalinga Institute of Social Sciences<\/em><\/strong><\/figcaption><\/figure>\n<\/div>\n\n\n<p>A VOIR !!!<\/p>\n\n\n\n<figure class=\"wp-block-embed is-type-video is-provider-vimeo wp-block-embed-vimeo wp-embed-aspect-16-9 wp-has-aspect-ratio\"><div class=\"wp-block-embed__wrapper\">\n<iframe loading=\"lazy\" title=\"Factory Schools: crimes against children\" src=\"https:\/\/player.vimeo.com\/video\/343481746?h=880a31ffaa&amp;dnt=1&amp;app_id=122963\" width=\"960\" height=\"540\" frameborder=\"0\" allow=\"autoplay; fullscreen; picture-in-picture\" allowfullscreen><\/iframe>\n<\/div><\/figure>\n\n\n\n<p><\/p>\n\n\n\n<p class=\"has-luminous-vivid-orange-color has-text-color has-large-font-size\"><strong><em>GRAVES CONSEQUENCES SANITAIRES<\/em><\/strong><\/p>\n\n\n\n<p class=\"has-medium-font-size\">Des photographies r\u00e9v\u00e8lent les cons\u00e9quences d\u00e9vastatrices du progr\u00e8s sur la sant\u00e9 des Peuples Aborig\u00e8nes.<\/p>\n\n\n<div class=\"wp-block-image\">\n<figure class=\"aligncenter size-full\"><img decoding=\"async\" width=\"517\" height=\"325\" src=\"https:\/\/inspirations-aborigenes.fr\/wp-content\/uploads\/2023\/01\/5.jpg\" alt=\"\" class=\"wp-image-595\" srcset=\"https:\/\/www.inspirationsaborigenes.fr\/wp-content\/uploads\/2023\/01\/5.jpg 517w, https:\/\/www.inspirationsaborigenes.fr\/wp-content\/uploads\/2023\/01\/5-300x189.jpg 300w\" sizes=\"(max-width: 517px) 100vw, 517px\" \/><figcaption class=\"wp-element-caption\"><strong>Malbouffe !<\/strong><\/figcaption><\/figure>\n<\/div>\n\n\n<p class=\"has-medium-font-size\">Des photographies saisissantes du cin\u00e9aste aborig\u00e8ne australien Warwick Thornton, montrent les cons\u00e9quences d\u00e9vastatrices du progr\u00e8s et du d\u00e9veloppement sur la sant\u00e9 des peuples indig\u00e8nes. Elles illustrent les conclusions du r\u00e9cent rapport de Survival. \u00ab&nbsp;Le progr\u00e8s peut tuer&nbsp;\u00bb qui a d\u00e9voil\u00e9 des statistiques effrayantes concernant la sant\u00e9 de ces peuples.<\/p>\n\n\n\n<p class=\"has-medium-font-size\">Les photographies montrent des membres de familles ceintur\u00e9s de canettes de soda et d\u2019emballages de fast-food comme s\u2019il s\u2019agissait d\u2019explosifs, afin de d\u00e9noncer la terrible alimentation impos\u00e9e aux peuples aborig\u00e8nes.<\/p>\n\n\n\n<p class=\"has-luminous-vivid-orange-color has-text-color has-medium-font-size\"><strong><em>La pauvret\u00e9 et la marginalisation ont men\u00e9 nombre d\u2019entre aux \u00e0 d\u00e9pendre de la malbouffe ou \u00e0 se tourner vers l\u2019alcool, les drogues pour oublier leurs probl\u00e8mes.<\/em><\/strong><\/p>\n\n\n\n<p class=\"has-luminous-vivid-orange-color has-text-color has-medium-font-size\"><strong><em>Les aborig\u00e8nes ont 7 fois plus de risques de mourir de diab\u00e8te, hypertension, alcoolisme, ob\u00e9sit\u00e9 que les autres australiens et leur taux de mortalit\u00e9 infantile est 2 fois plus \u00e9lev\u00e9.<\/em><\/strong><\/p>\n\n\n\n<p class=\"has-medium-font-size\">Aujourd\u2019hui encore, les peuples aborig\u00e8nes sont toujours confront\u00e9s au racisme et \u00e0 la violence, et beaucoup vivent dans des conditions mat\u00e9rielles d\u00e9plorables.<\/p>\n\n\n<div class=\"wp-block-image\">\n<figure class=\"aligncenter size-full\"><img decoding=\"async\" width=\"414\" height=\"287\" src=\"https:\/\/inspirations-aborigenes.fr\/wp-content\/uploads\/2023\/01\/6.jpg\" alt=\"\" class=\"wp-image-596\" srcset=\"https:\/\/www.inspirationsaborigenes.fr\/wp-content\/uploads\/2023\/01\/6.jpg 414w, https:\/\/www.inspirationsaborigenes.fr\/wp-content\/uploads\/2023\/01\/6-300x208.jpg 300w\" sizes=\"(max-width: 414px) 100vw, 414px\" \/><figcaption class=\"wp-element-caption\"><strong>Ob\u00e9sit\u00e9 et diab\u00e8te  infantiles<\/strong><\/figcaption><\/figure>\n<\/div>\n\n\n<p class=\"has-luminous-vivid-orange-color has-text-color has-medium-font-size\">Cons\u00e9quence directe de cette situation, leurs taux de mortalit\u00e9 infantile et de suicide sont tr\u00e8s sup\u00e9rieurs au reste de la population, tandis que leur esp\u00e9rance de vie est beaucoup moins grande. Ils constituent \u00e9galement une portion anormalement \u00e9lev\u00e9e de la population carc\u00e9rale.<\/p>\n\n\n\n<p class=\"has-luminous-vivid-orange-color has-text-color has-medium-font-size\">En 2007, la publication d\u2019un rapport concernant les abus sexuels et la violence perp\u00e9tr\u00e9s au sein des communaut\u00e9s aborig\u00e8nes a provoqu\u00e9 une \u00e9norme controverse.<\/p>\n\n\n\n<p class=\"has-medium-font-size\">Survival International, exhorte les Nations Unies \u00e0 reconna\u00eetre les cons\u00e9quences d\u00e9sastreuses que les projets de d\u00e9veloppement peuvent avoir sur les communaut\u00e9s aborig\u00e8nes et \u00e0 s\u2019y opposer.<\/p>\n","protected":false},"excerpt":{"rendered":"<p>Inspirations.aborig\u00e8nes soutient l&rsquo;organisation www.survivalinternational.fr, &nbsp;qui lutte aux c\u00f4t\u00e9s des peuples autochtones \u00e0 travers le monde. Un pourcentage de mes ventes sera revers\u00e9e \u00e0 l&rsquo;Organisation afin d&rsquo;aider modestement \u00e0 financer des projets \u00e9ducatifs sanitaires et scolaires pour les enfants aborig\u00e8nes. Ils travaillent en partenariat avec les peuples autochtones pour faire campagne, faire pression et protester pour leurs droits territoriaux. Ils enqu\u00eatent, r\u00e9v\u00e8lent et affrontent les atrocit\u00e9s commises par des gouvernements et de grandes entreprises. Ils amplifient les voix autochtones pour nous assurer qu&rsquo;elles soient entendues. Ils n\u2019acceptent pas d\u2019argent provenant de gouvernements ou de grandes entreprises afin de ne jamais compromettre leur int\u00e9grit\u00e9. Forts de 50 ans d\u2019expertise, ils savent mener des activit\u00e9s de lobbying et des campagnes efficaces au niveau international. Au cours des 50 derni\u00e8res ann\u00e9es, ils ont travaill\u00e9 avec plus de 100 peuples autochtones \u00e0 travers le monde. La carte montre certains de leurs succ\u00e8s. Ils n\u2019abandonnent pas avant que les peuples autochtones soient respect\u00e9s en tant soci\u00e9t\u00e9s contemporaines, ayant le contr\u00f4le de leurs vies, de leurs terres, libres de d\u00e9terminer leur propre avenir. Aujourd\u2019hui, environ deux millions d\u2019enfants autochtones dans le monde \u00e9tudient dans des \u00ab&nbsp;\u00e9coles usines&nbsp;\u00bb, o\u00f9 ils sont d\u00e9pouill\u00e9s de leur identit\u00e9 autochtone et endoctrin\u00e9s pour se fondre dans la soci\u00e9t\u00e9 dominante. Leur mission est de mettre fin \u00e0 la scolarisation forc\u00e9e. L\u2019\u00e9ducation des peuples autochtones et tribaux doit \u00eatre plac\u00e9e sous leur contr\u00f4le ; elle doit \u00eatre enracin\u00e9e dans la terre, la langue et la culture de ces peuples et susciter la fiert\u00e9 des enfants en eux-m\u00eames et en leurs peuples. L\u2019instruction des peuples autochtones et tribaux doit \u00eatre sous leur contr\u00f4le. Elle doit \u00eatre enracin\u00e9e dans les terres, la langue et la culture de ces peuples, de m\u00eame qu\u2019elle doit donner aux enfants \u00e0 la fois une \u00e9ducation solide et les rendre fiers d\u2019eux-m\u00eames et de leur peuple. A VOIR !!! GRAVES CONSEQUENCES SANITAIRES Des photographies r\u00e9v\u00e8lent les cons\u00e9quences d\u00e9vastatrices du progr\u00e8s sur la sant\u00e9 des Peuples Aborig\u00e8nes. Des photographies saisissantes du cin\u00e9aste aborig\u00e8ne australien Warwick Thornton, montrent les cons\u00e9quences d\u00e9vastatrices du progr\u00e8s et du d\u00e9veloppement sur la sant\u00e9 des peuples indig\u00e8nes. Elles illustrent les conclusions du r\u00e9cent rapport de Survival. \u00ab&nbsp;Le progr\u00e8s peut tuer&nbsp;\u00bb qui a d\u00e9voil\u00e9 des statistiques effrayantes concernant la sant\u00e9 de ces peuples. Les photographies montrent des membres de familles ceintur\u00e9s de canettes de soda et d\u2019emballages de fast-food comme s\u2019il s\u2019agissait d\u2019explosifs, afin de d\u00e9noncer la terrible alimentation impos\u00e9e aux peuples aborig\u00e8nes. La pauvret\u00e9 et la marginalisation ont men\u00e9 nombre d\u2019entre aux \u00e0 d\u00e9pendre de la malbouffe ou \u00e0 se tourner vers l\u2019alcool, les drogues pour oublier leurs probl\u00e8mes. Les aborig\u00e8nes ont 7 fois plus de risques de mourir de diab\u00e8te, hypertension, alcoolisme, ob\u00e9sit\u00e9 que les autres australiens et leur taux de mortalit\u00e9 infantile est 2 fois plus \u00e9lev\u00e9. Aujourd\u2019hui encore, les peuples aborig\u00e8nes sont toujours confront\u00e9s au racisme et \u00e0 la violence, et beaucoup vivent dans des conditions mat\u00e9rielles d\u00e9plorables. Cons\u00e9quence directe de cette situation, leurs taux de mortalit\u00e9 infantile et de suicide sont tr\u00e8s sup\u00e9rieurs au reste de la population, tandis que leur esp\u00e9rance de vie est beaucoup moins grande. Ils constituent \u00e9galement une portion anormalement \u00e9lev\u00e9e de la population carc\u00e9rale. En 2007, la publication d\u2019un rapport concernant les abus sexuels et la violence perp\u00e9tr\u00e9s au sein des communaut\u00e9s aborig\u00e8nes a provoqu\u00e9 une \u00e9norme controverse. Survival International, exhorte les Nations Unies \u00e0 reconna\u00eetre les cons\u00e9quences d\u00e9sastreuses que les projets de d\u00e9veloppement peuvent avoir sur les communaut\u00e9s aborig\u00e8nes et \u00e0 s\u2019y opposer.<\/p>\n","protected":false},"author":2,"featured_media":0,"parent":0,"menu_order":0,"comment_status":"closed","ping_status":"closed","template":"","meta":{"footnotes":""},"class_list":["post-327","page","type-page","status-publish","hentry"],"_links":{"self":[{"href":"https:\/\/www.inspirationsaborigenes.fr\/index.php?rest_route=\/wp\/v2\/pages\/327","targetHints":{"allow":["GET"]}}],"collection":[{"href":"https:\/\/www.inspirationsaborigenes.fr\/index.php?rest_route=\/wp\/v2\/pages"}],"about":[{"href":"https:\/\/www.inspirationsaborigenes.fr\/index.php?rest_route=\/wp\/v2\/types\/page"}],"author":[{"embeddable":true,"href":"https:\/\/www.inspirationsaborigenes.fr\/index.php?rest_route=\/wp\/v2\/users\/2"}],"replies":[{"embeddable":true,"href":"https:\/\/www.inspirationsaborigenes.fr\/index.php?rest_route=%2Fwp%2Fv2%2Fcomments&post=327"}],"version-history":[{"count":0,"href":"https:\/\/www.inspirationsaborigenes.fr\/index.php?rest_route=\/wp\/v2\/pages\/327\/revisions"}],"wp:attachment":[{"href":"https:\/\/www.inspirationsaborigenes.fr\/index.php?rest_route=%2Fwp%2Fv2%2Fmedia&parent=327"}],"curies":[{"name":"wp","href":"https:\/\/api.w.org\/{rel}","templated":true}]}}