{"id":321,"date":"2023-01-13T10:21:38","date_gmt":"2023-01-13T09:21:38","guid":{"rendered":"https:\/\/inspirations-aborigenes.fr\/?page_id=321"},"modified":"2023-01-20T09:02:14","modified_gmt":"2023-01-20T08:02:14","slug":"ma-vision-artistique","status":"publish","type":"page","link":"https:\/\/www.inspirationsaborigenes.fr\/?page_id=321","title":{"rendered":"MA VISION ARTISTIQUE"},"content":{"rendered":"\n<p class=\"has-medium-font-size\">Toute ma vie a \u00e9t\u00e9 influenc\u00e9e par la beaut\u00e9. Beaut\u00e9 de la vie, beaut\u00e9 de l\u2019art et beaut\u00e9 du monde. M\u00eame si l\u2019on me traite souvent de r\u00eaveuse, de na\u00efve ou d\u2019id\u00e9aliste, ce n\u2019est pas grave&nbsp;! Ce que les gens pensent de moi, leur appartient&nbsp;!!!<br><br><strong><em><\/em><\/strong><\/p>\n\n\n<div class=\"wp-block-image\">\n<figure class=\"aligncenter size-full\"><img decoding=\"async\" width=\"560\" height=\"378\" src=\"https:\/\/inspirations-aborigenes.fr\/wp-content\/uploads\/2023\/01\/opales-recadrees.jpg\" alt=\"\" class=\"wp-image-709\" srcset=\"https:\/\/www.inspirationsaborigenes.fr\/wp-content\/uploads\/2023\/01\/opales-recadrees.jpg 560w, https:\/\/www.inspirationsaborigenes.fr\/wp-content\/uploads\/2023\/01\/opales-recadrees-300x203.jpg 300w\" sizes=\"(max-width: 560px) 100vw, 560px\" \/><figcaption class=\"wp-element-caption\"><strong>Opales australiennes<\/strong><\/figcaption><\/figure>\n<\/div>\n\n\n<p class=\"has-luminous-vivid-orange-color has-text-color has-medium-font-size\"><em><strong>\u00ab Le plus important dans une \u0153uvre n\u2019est pas ce que l\u2019on voit, mais bien ce que l\u2019on ressent ! \u00bb<\/strong><\/em><\/p>\n\n\n\n<p class=\"has-medium-font-size\">Je m\u2019adresse \u00e0 une toile blanche et mon choix des couleurs d\u00e9termine l\u2019\u0153uvre qui va s\u2019y inscrire. Je ne sais jamais \u00e0 l\u2019avance \u00e0 quoi ressemblera la toile finie.<br>En peignant, je m\u2019efforce de retranscrire l\u2019\u00e9motion, la couleur, l\u2019id\u00e9e, le paysage, l\u2019animal,         la personne ou la situation, selon ma vision cr\u00e9atrice personnelle.<\/p>\n\n\n\n<p class=\"has-medium-font-size\">Pas \u00e0 pas, je m\u2019aventure dans des univers sacr\u00e9s, \u00e9sot\u00e9riques, abstraits o\u00f9 s\u2019\u00e9pousent, se heurtent, se compl\u00e8tent, ou s\u2019harmonisent les couleurs, l\u2019inspiration et l\u2019inattendu.<\/p>\n\n\n<div class=\"wp-block-image\">\n<figure class=\"aligncenter size-large\"><img decoding=\"async\" width=\"1024\" height=\"546\" src=\"https:\/\/inspirations-aborigenes.fr\/wp-content\/uploads\/2023\/01\/pano-1024x546.jpg\" alt=\"\" class=\"wp-image-666\" srcset=\"https:\/\/www.inspirationsaborigenes.fr\/wp-content\/uploads\/2023\/01\/pano-1024x546.jpg 1024w, https:\/\/www.inspirationsaborigenes.fr\/wp-content\/uploads\/2023\/01\/pano-300x160.jpg 300w, https:\/\/www.inspirationsaborigenes.fr\/wp-content\/uploads\/2023\/01\/pano-768x410.jpg 768w, https:\/\/www.inspirationsaborigenes.fr\/wp-content\/uploads\/2023\/01\/pano-1140x608.jpg 1140w, https:\/\/www.inspirationsaborigenes.fr\/wp-content\/uploads\/2023\/01\/pano.jpg 1278w\" sizes=\"(max-width: 1024px) 100vw, 1024px\" \/><figcaption class=\"wp-element-caption\"><strong><em>Les voyages influencent mes peintures<\/em><\/strong><\/figcaption><\/figure>\n<\/div>\n\n\n<p class=\"has-medium-font-size\">L\u2019art est partout, pr\u00e9sent, autour de nous et en chacun de nous, sous diff\u00e9rentes formes. Il est enferm\u00e9 dans nos univers, nos \u00ab&nbsp;histoires&nbsp;\u00bb, nos sensations et dans les \u00e9motions qui nous entourent et nous habitent. Nous captons et infiltrons ces derni\u00e8res, de fa\u00e7ons personnelles et diff\u00e9rentes, \u00e0 des moments bien pr\u00e9cis de notre existence, en fonction de notre v\u00e9cu.<\/p>\n\n\n\n<p class=\"has-medium-font-size\">Ma mission d\u2019artiste est de ressentir et retranscrire ces \u00e9motions en y apportant ma propre lecture. Je suis toujours \u00e0 la recherche de nouvelles fa\u00e7ons de travailler et d&rsquo;\u00e9l\u00e9ments pour nourrir mon processus de cr\u00e9ation. <strong>&nbsp;<\/strong><strong>Il faut trouver en soi-m\u00eame sa propre \u00e9criture.<\/strong><strong><\/strong><\/p>\n\n\n<div class=\"wp-block-image\">\n<figure class=\"aligncenter size-large is-resized\"><img decoding=\"async\" src=\"https:\/\/inspirations-aborigenes.fr\/wp-content\/uploads\/2023\/01\/noeud-1024x675.jpg\" alt=\"\" class=\"wp-image-664\" width=\"700\" height=\"461\" srcset=\"https:\/\/www.inspirationsaborigenes.fr\/wp-content\/uploads\/2023\/01\/noeud-1024x675.jpg 1024w, https:\/\/www.inspirationsaborigenes.fr\/wp-content\/uploads\/2023\/01\/noeud-300x198.jpg 300w, https:\/\/www.inspirationsaborigenes.fr\/wp-content\/uploads\/2023\/01\/noeud-768x506.jpg 768w, https:\/\/www.inspirationsaborigenes.fr\/wp-content\/uploads\/2023\/01\/noeud-500x330.jpg 500w, https:\/\/www.inspirationsaborigenes.fr\/wp-content\/uploads\/2023\/01\/noeud.jpg 1083w\" sizes=\"(max-width: 700px) 100vw, 700px\" \/><\/figure>\n<\/div>\n\n\n<p class=\"has-medium-font-size\">Gr\u00e2ce \u00e0 la technique de dot painting ou pointillisme, j\u2019ai trouv\u00e9 le \u00ab\u00a0langage\u00a0\u00bb dans lequel je peux exprimer au mieux mon exploration et mon exp\u00e9rience du monde, dans sa diversit\u00e9 et son agitation int\u00e9rieure, pourtant ancr\u00e9e dans la beaut\u00e9 de la cr\u00e9ation.&nbsp;&nbsp;&nbsp;&nbsp;&nbsp;&nbsp;<\/p>\n\n\n\n<p class=\"has-medium-font-size\">Je vis le processus de cr\u00e9ation d&rsquo;images comme un dialogue avec le monde visible et invisible.&nbsp;Je veux vous embarquer dans mes toiles, vous faire r\u00eaver, vous apaiser.<\/p>\n\n\n\n<p class=\"has-medium-font-size\">Mon travail est fortement influenc\u00e9 par le magnifique environnement aborig\u00e8ne, en lien avec la terre australienne. Les paysages palpitants, aux couleurs vives capturent l&rsquo;intersection entre l\u2019humain, l&rsquo;environnement de la nature et mon \u00e9nergie positive.<\/p>\n\n\n<div class=\"wp-block-image\">\n<figure class=\"aligncenter size-large\"><img decoding=\"async\" width=\"1024\" height=\"270\" src=\"https:\/\/inspirations-aborigenes.fr\/wp-content\/uploads\/2023\/01\/start-great-2-1024x270.jpg\" alt=\"\" class=\"wp-image-665\" srcset=\"https:\/\/www.inspirationsaborigenes.fr\/wp-content\/uploads\/2023\/01\/start-great-2-1024x270.jpg 1024w, https:\/\/www.inspirationsaborigenes.fr\/wp-content\/uploads\/2023\/01\/start-great-2-300x79.jpg 300w, https:\/\/www.inspirationsaborigenes.fr\/wp-content\/uploads\/2023\/01\/start-great-2-768x202.jpg 768w, https:\/\/www.inspirationsaborigenes.fr\/wp-content\/uploads\/2023\/01\/start-great-2-1140x300.jpg 1140w, https:\/\/www.inspirationsaborigenes.fr\/wp-content\/uploads\/2023\/01\/start-great-2.jpg 1280w\" sizes=\"(max-width: 1024px) 100vw, 1024px\" \/><\/figure>\n<\/div>\n\n\n<p class=\"has-medium-font-size\">D\u2019abord une grande impatience, parfois m\u00eame une certaine inqui\u00e9tude \u00e0 montrer mes toiles. Ai-je r\u00e9ussi \u00e0 vous communiquer mon message&nbsp;? Puis je guette vos r\u00e9actions, la t\u00eate qui se penche interrogative&nbsp;? un sourire&nbsp;? un regard bienveillant&nbsp;? des mains qui s\u2019agitent&nbsp;? Alors, je trouve une grande satisfaction \u00e0 pr\u00e9senter un travail qui suscite des \u00e9motions de bonheur et d&rsquo;excitation, de curiosit\u00e9, d\u2019interrogations, chez ceux qui poss\u00e8dent et admirent mes tableaux.&nbsp;<\/p>\n\n\n\n<p class=\"has-luminous-vivid-orange-color has-text-color has-medium-font-size\"><strong><em>Mon travail est un voyage, que nous partageons ensemble, en constante \u00e9volution avec des itin\u00e9raires nouveaux et diff\u00e9rents.&nbsp;J&rsquo;ai la chance de partager avec vous, mes histoires et, de provoquer des \u00e9motions \u00e0 travers de chacune de mes peintu<\/em><\/strong>res.  <strong>Cela me rend heureuse &#8230; Merci <\/strong><\/p>\n\n\n<div class=\"wp-block-image\">\n<figure class=\"aligncenter size-full is-resized\"><img decoding=\"async\" src=\"https:\/\/inspirations-aborigenes.fr\/wp-content\/uploads\/2023\/01\/anne-arbre-okok.jpg\" alt=\"\" class=\"wp-image-627\" width=\"394\" height=\"537\" srcset=\"https:\/\/www.inspirationsaborigenes.fr\/wp-content\/uploads\/2023\/01\/anne-arbre-okok.jpg 652w, https:\/\/www.inspirationsaborigenes.fr\/wp-content\/uploads\/2023\/01\/anne-arbre-okok-220x300.jpg 220w\" sizes=\"(max-width: 394px) 100vw, 394px\" \/><\/figure>\n<\/div>\n\n\n<h2 class=\"wp-block-heading\">Une n\u00e9cessit\u00e9 vitale: me reconnecter, me ressourcer avec la nature qui me donne chaque jour, une le\u00e7on de vie de force, d&rsquo;humilit\u00e9, de patience et de renouveau !<\/h2>\n","protected":false},"excerpt":{"rendered":"<p>Toute ma vie a \u00e9t\u00e9 influenc\u00e9e par la beaut\u00e9. Beaut\u00e9 de la vie, beaut\u00e9 de l\u2019art et beaut\u00e9 du monde. M\u00eame si l\u2019on me traite souvent de r\u00eaveuse, de na\u00efve ou d\u2019id\u00e9aliste, ce n\u2019est pas grave&nbsp;! Ce que les gens pensent de moi, leur appartient&nbsp;!!! \u00ab Le plus important dans une \u0153uvre n\u2019est pas ce que l\u2019on voit, mais bien ce que l\u2019on ressent ! \u00bb Je m\u2019adresse \u00e0 une toile blanche et mon choix des couleurs d\u00e9termine l\u2019\u0153uvre qui va s\u2019y inscrire. Je ne sais jamais \u00e0 l\u2019avance \u00e0 quoi ressemblera la toile finie.En peignant, je m\u2019efforce de retranscrire l\u2019\u00e9motion, la couleur, l\u2019id\u00e9e, le paysage, l\u2019animal, la personne ou la situation, selon ma vision cr\u00e9atrice personnelle. Pas \u00e0 pas, je m\u2019aventure dans des univers sacr\u00e9s, \u00e9sot\u00e9riques, abstraits o\u00f9 s\u2019\u00e9pousent, se heurtent, se compl\u00e8tent, ou s\u2019harmonisent les couleurs, l\u2019inspiration et l\u2019inattendu. L\u2019art est partout, pr\u00e9sent, autour de nous et en chacun de nous, sous diff\u00e9rentes formes. Il est enferm\u00e9 dans nos univers, nos \u00ab&nbsp;histoires&nbsp;\u00bb, nos sensations et dans les \u00e9motions qui nous entourent et nous habitent. Nous captons et infiltrons ces derni\u00e8res, de fa\u00e7ons personnelles et diff\u00e9rentes, \u00e0 des moments bien pr\u00e9cis de notre existence, en fonction de notre v\u00e9cu. Ma mission d\u2019artiste est de ressentir et retranscrire ces \u00e9motions en y apportant ma propre lecture. Je suis toujours \u00e0 la recherche de nouvelles fa\u00e7ons de travailler et d&rsquo;\u00e9l\u00e9ments pour nourrir mon processus de cr\u00e9ation. &nbsp;Il faut trouver en soi-m\u00eame sa propre \u00e9criture. Gr\u00e2ce \u00e0 la technique de dot painting ou pointillisme, j\u2019ai trouv\u00e9 le \u00ab\u00a0langage\u00a0\u00bb dans lequel je peux exprimer au mieux mon exploration et mon exp\u00e9rience du monde, dans sa diversit\u00e9 et son agitation int\u00e9rieure, pourtant ancr\u00e9e dans la beaut\u00e9 de la cr\u00e9ation.&nbsp;&nbsp;&nbsp;&nbsp;&nbsp;&nbsp; Je vis le processus de cr\u00e9ation d&rsquo;images comme un dialogue avec le monde visible et invisible.&nbsp;Je veux vous embarquer dans mes toiles, vous faire r\u00eaver, vous apaiser. Mon travail est fortement influenc\u00e9 par le magnifique environnement aborig\u00e8ne, en lien avec la terre australienne. Les paysages palpitants, aux couleurs vives capturent l&rsquo;intersection entre l\u2019humain, l&rsquo;environnement de la nature et mon \u00e9nergie positive. D\u2019abord une grande impatience, parfois m\u00eame une certaine inqui\u00e9tude \u00e0 montrer mes toiles. Ai-je r\u00e9ussi \u00e0 vous communiquer mon message&nbsp;? Puis je guette vos r\u00e9actions, la t\u00eate qui se penche interrogative&nbsp;? un sourire&nbsp;? un regard bienveillant&nbsp;? des mains qui s\u2019agitent&nbsp;? Alors, je trouve une grande satisfaction \u00e0 pr\u00e9senter un travail qui suscite des \u00e9motions de bonheur et d&rsquo;excitation, de curiosit\u00e9, d\u2019interrogations, chez ceux qui poss\u00e8dent et admirent mes tableaux.&nbsp; Mon travail est un voyage, que nous partageons ensemble, en constante \u00e9volution avec des itin\u00e9raires nouveaux et diff\u00e9rents.&nbsp;J&rsquo;ai la chance de partager avec vous, mes histoires et, de provoquer des \u00e9motions \u00e0 travers de chacune de mes peintures. Cela me rend heureuse &#8230; Merci Une n\u00e9cessit\u00e9 vitale: me reconnecter, me ressourcer avec la nature qui me donne chaque jour, une le\u00e7on de vie de force, d&rsquo;humilit\u00e9, de patience et de renouveau !<\/p>\n","protected":false},"author":2,"featured_media":0,"parent":0,"menu_order":0,"comment_status":"closed","ping_status":"closed","template":"","meta":{"footnotes":""},"class_list":["post-321","page","type-page","status-publish","hentry"],"_links":{"self":[{"href":"https:\/\/www.inspirationsaborigenes.fr\/index.php?rest_route=\/wp\/v2\/pages\/321","targetHints":{"allow":["GET"]}}],"collection":[{"href":"https:\/\/www.inspirationsaborigenes.fr\/index.php?rest_route=\/wp\/v2\/pages"}],"about":[{"href":"https:\/\/www.inspirationsaborigenes.fr\/index.php?rest_route=\/wp\/v2\/types\/page"}],"author":[{"embeddable":true,"href":"https:\/\/www.inspirationsaborigenes.fr\/index.php?rest_route=\/wp\/v2\/users\/2"}],"replies":[{"embeddable":true,"href":"https:\/\/www.inspirationsaborigenes.fr\/index.php?rest_route=%2Fwp%2Fv2%2Fcomments&post=321"}],"version-history":[{"count":0,"href":"https:\/\/www.inspirationsaborigenes.fr\/index.php?rest_route=\/wp\/v2\/pages\/321\/revisions"}],"wp:attachment":[{"href":"https:\/\/www.inspirationsaborigenes.fr\/index.php?rest_route=%2Fwp%2Fv2%2Fmedia&parent=321"}],"curies":[{"name":"wp","href":"https:\/\/api.w.org\/{rel}","templated":true}]}}