{"id":315,"date":"2023-01-13T10:21:12","date_gmt":"2023-01-13T09:21:12","guid":{"rendered":"https:\/\/inspirations-aborigenes.fr\/?page_id=315"},"modified":"2023-01-15T22:45:51","modified_gmt":"2023-01-15T21:45:51","slug":"aborigenes-aujourdhui","status":"publish","type":"page","link":"https:\/\/www.inspirationsaborigenes.fr\/?page_id=315","title":{"rendered":"ABORIGENES AUJOURD&rsquo;HUI"},"content":{"rendered":"\n<p class=\"has-medium-font-size\">Aujourd\u2019hui les aborig\u00e8nes repr\u00e9sentent 2.5% de la population soit environ 560&nbsp;000 personnes.                    Cette nette am\u00e9lioration du statut des Aborig\u00e8nes n\u2019a cependant \u00e9limin\u00e9 ni leurs conditions de vie alarmantes,&nbsp;ni le racisme de certains blancs australiens.<\/p>\n\n\n\n<p class=\"has-medium-font-size\">La situation de la minorit\u00e9, cantonn\u00e9e \u00e0 la p\u00e9riph\u00e9rie des villes, est toujours dramatique.                       Alcoolisme, drogue, violence, d\u00e9linquance, suicide, ch\u00f4mage\u2026 L\u2019esp\u00e9rance de vie des Australiens blancs d\u00e9passe de 17 ans celle des autochtones.<\/p>\n\n\n\n<p class=\"has-medium-font-size\">Aujourd\u2019hui, l\u2019art en brousse est devenu une ressource \u00e9conomique vitale, mais aussi sympt\u00f4me visible des forces de transformation g\u00e9n\u00e9r\u00e9es par le contact entre populations indig\u00e8nes et colons blancs.<\/p>\n\n\n\n<p class=\"has-medium-font-size\">Ce n\u2019est qu\u2019apr\u00e8s la seconde guerre mondiale que \u00ab&nbsp;l\u2019artisanat ethnographique&nbsp;\u00bb changera de statut pour \u00eatre consid\u00e9r\u00e9 comme de l\u2019Art.<\/p>\n\n\n\n<p class=\"has-medium-font-size\">Pour les aborig\u00e8nes, l\u2019art a \u00e9galement une dimension politique, la peinture est une arme culturelle d\u2019affirmation identitaire.<\/p>\n\n\n\n<p class=\"has-medium-font-size\">Chaque peinture porte plusieurs fonctions et messages&nbsp;: p\u00e9dagogiques, des cartes stylis\u00e9es, un niveau \u00e9sot\u00e9rique, esth\u00e9tique, politique et diplomatique.<\/p>\n\n\n\n<p class=\"has-luminous-vivid-orange-color has-text-color has-medium-font-size\"><strong>Pour diffuser leur production et assurer une protection \u00e9conomique et artistique, les artistes du Bush ont mis en place des structures <em>\u00ab arts center&nbsp;\u00bb<\/em> le 1 er cr\u00e9e en 1970 \u00e0 Papunya, centre autog\u00e9r\u00e9, fonctionnant comme une coop\u00e9rative. Ils rassemblent les artistes de la communaut\u00e9, collectent les \u0153uvres et les diffusent, assurent une r\u00e9mun\u00e9ration pour les artistes, d\u00e9livrent des \u00ab&nbsp;certificats d\u2019origine&nbsp;\u00bb.<\/strong><\/p>\n\n\n\n<p class=\"has-luminous-vivid-orange-color has-text-color has-medium-font-size\">Rares sont les artistes qui signent leurs toiles. C\u2019est inutile puisque la signature c\u2019est l\u2019histoire m\u00eame qu\u2019ils peignent, le r\u00e9cit mythologique qui les relie aux anc\u00eatres tot\u00e9miques et d\u00e9finit leur identit\u00e9 au sein du groupe.<\/p>\n\n\n\n<figure class=\"wp-block-image size-full\"><img decoding=\"async\" width=\"864\" height=\"610\" src=\"https:\/\/inspirations-aborigenes.fr\/wp-content\/uploads\/2023\/01\/galeire-gondwana-2.jpg\" alt=\"\" class=\"wp-image-598\" srcset=\"https:\/\/www.inspirationsaborigenes.fr\/wp-content\/uploads\/2023\/01\/galeire-gondwana-2.jpg 864w, https:\/\/www.inspirationsaborigenes.fr\/wp-content\/uploads\/2023\/01\/galeire-gondwana-2-300x212.jpg 300w, https:\/\/www.inspirationsaborigenes.fr\/wp-content\/uploads\/2023\/01\/galeire-gondwana-2-768x542.jpg 768w\" sizes=\"(max-width: 864px) 100vw, 864px\" \/><figcaption class=\"wp-element-caption\"><strong>Peinture en groupe au sein de communaut\u00e9s<\/strong><\/figcaption><\/figure>\n\n\n\n<p class=\"has-medium-font-size\"> Ils peignent au nom du groupe auquel appartient le r\u00e9cit, au nom du territoire qui accueille leur famille depuis des temps imm\u00e9moriaux.<\/p>\n\n\n\n<p class=\"has-luminous-vivid-orange-color has-text-color has-medium-font-size\"><strong><em>Dans les r\u00e9gions isol\u00e9es du bush, la peinture permet aux artistes d\u2019aider financi\u00e8rement tout un groupe de parents et de proches parfois tr\u00e8s \u00e9loign\u00e9s.<\/em><\/strong><\/p>\n","protected":false},"excerpt":{"rendered":"<p>Aujourd\u2019hui les aborig\u00e8nes repr\u00e9sentent 2.5% de la population soit environ 560&nbsp;000 personnes. Cette nette am\u00e9lioration du statut des Aborig\u00e8nes n\u2019a cependant \u00e9limin\u00e9 ni leurs conditions de vie alarmantes,&nbsp;ni le racisme de certains blancs australiens. La situation de la minorit\u00e9, cantonn\u00e9e \u00e0 la p\u00e9riph\u00e9rie des villes, est toujours dramatique. Alcoolisme, drogue, violence, d\u00e9linquance, suicide, ch\u00f4mage\u2026 L\u2019esp\u00e9rance de vie des Australiens blancs d\u00e9passe de 17 ans celle des autochtones. Aujourd\u2019hui, l\u2019art en brousse est devenu une ressource \u00e9conomique vitale, mais aussi sympt\u00f4me visible des forces de transformation g\u00e9n\u00e9r\u00e9es par le contact entre populations indig\u00e8nes et colons blancs. Ce n\u2019est qu\u2019apr\u00e8s la seconde guerre mondiale que \u00ab&nbsp;l\u2019artisanat ethnographique&nbsp;\u00bb changera de statut pour \u00eatre consid\u00e9r\u00e9 comme de l\u2019Art. Pour les aborig\u00e8nes, l\u2019art a \u00e9galement une dimension politique, la peinture est une arme culturelle d\u2019affirmation identitaire. Chaque peinture porte plusieurs fonctions et messages&nbsp;: p\u00e9dagogiques, des cartes stylis\u00e9es, un niveau \u00e9sot\u00e9rique, esth\u00e9tique, politique et diplomatique. Pour diffuser leur production et assurer une protection \u00e9conomique et artistique, les artistes du Bush ont mis en place des structures \u00ab arts center&nbsp;\u00bb le 1 er cr\u00e9e en 1970 \u00e0 Papunya, centre autog\u00e9r\u00e9, fonctionnant comme une coop\u00e9rative. Ils rassemblent les artistes de la communaut\u00e9, collectent les \u0153uvres et les diffusent, assurent une r\u00e9mun\u00e9ration pour les artistes, d\u00e9livrent des \u00ab&nbsp;certificats d\u2019origine&nbsp;\u00bb. Rares sont les artistes qui signent leurs toiles. C\u2019est inutile puisque la signature c\u2019est l\u2019histoire m\u00eame qu\u2019ils peignent, le r\u00e9cit mythologique qui les relie aux anc\u00eatres tot\u00e9miques et d\u00e9finit leur identit\u00e9 au sein du groupe. Ils peignent au nom du groupe auquel appartient le r\u00e9cit, au nom du territoire qui accueille leur famille depuis des temps imm\u00e9moriaux. Dans les r\u00e9gions isol\u00e9es du bush, la peinture permet aux artistes d\u2019aider financi\u00e8rement tout un groupe de parents et de proches parfois tr\u00e8s \u00e9loign\u00e9s.<\/p>\n","protected":false},"author":2,"featured_media":0,"parent":0,"menu_order":0,"comment_status":"closed","ping_status":"closed","template":"","meta":{"footnotes":""},"class_list":["post-315","page","type-page","status-publish","hentry"],"_links":{"self":[{"href":"https:\/\/www.inspirationsaborigenes.fr\/index.php?rest_route=\/wp\/v2\/pages\/315","targetHints":{"allow":["GET"]}}],"collection":[{"href":"https:\/\/www.inspirationsaborigenes.fr\/index.php?rest_route=\/wp\/v2\/pages"}],"about":[{"href":"https:\/\/www.inspirationsaborigenes.fr\/index.php?rest_route=\/wp\/v2\/types\/page"}],"author":[{"embeddable":true,"href":"https:\/\/www.inspirationsaborigenes.fr\/index.php?rest_route=\/wp\/v2\/users\/2"}],"replies":[{"embeddable":true,"href":"https:\/\/www.inspirationsaborigenes.fr\/index.php?rest_route=%2Fwp%2Fv2%2Fcomments&post=315"}],"version-history":[{"count":0,"href":"https:\/\/www.inspirationsaborigenes.fr\/index.php?rest_route=\/wp\/v2\/pages\/315\/revisions"}],"wp:attachment":[{"href":"https:\/\/www.inspirationsaborigenes.fr\/index.php?rest_route=%2Fwp%2Fv2%2Fmedia&parent=315"}],"curies":[{"name":"wp","href":"https:\/\/api.w.org\/{rel}","templated":true}]}}