{"id":312,"date":"2023-01-13T10:20:58","date_gmt":"2023-01-13T09:20:58","guid":{"rendered":"https:\/\/inspirations-aborigenes.fr\/?page_id=312"},"modified":"2023-01-19T00:12:25","modified_gmt":"2023-01-18T23:12:25","slug":"dot-painting-symbolisme","status":"publish","type":"page","link":"https:\/\/www.inspirationsaborigenes.fr\/?page_id=312","title":{"rendered":"DOT PAINTING OU SYMBOLISME"},"content":{"rendered":"\n<p class=\"has-luminous-vivid-orange-color has-text-color has-large-font-size\"><\/p>\n\n\n\n<p class=\"has-luminous-vivid-orange-color has-text-color\"><strong>Le pointillisme propre aux peintures sur toile serait \u00e9galement apparu \u00e0&nbsp;Papunya. En comprenant que leurs peintures relatant des r\u00e9cits sacr\u00e9s seraient montr\u00e9es \u00e0 des \u00ab non-initi\u00e9s \u00bb,&nbsp;certains aborig\u00e8nes auraient choisi d\u2019utiliser cette technique pour flouter les motifs initiaux. Une fa\u00e7on pour eux de conserver le caract\u00e8re secret et sacr\u00e9 de leur \u0153uvre, en ne montrant que la partie profane.<\/strong><\/p>\n\n\n\n<p class=\"has-white-color has-text-color has-medium-font-size\">Aujourd\u2019hui le dot-painting est sans cesse r\u00e9invent\u00e9, les artistes s\u2019approprient certaines techniques et affirment leurs propres styles ou identit\u00e9s.<\/p>\n\n\n\n<p class=\"has-luminous-vivid-orange-color has-text-color has-medium-font-size\"><em><strong>Symbolisme des peintures aborig\u00e8nes&nbsp;: toutes les cr\u00e9ations sont des \u00ab&nbsp;passeuses d\u2019histoires<\/strong>&nbsp;\u00bb.<\/em><\/p>\n\n\n\n<p class=\"has-white-color has-text-color has-medium-font-size\"><strong><em>\u00ab&nbsp;Au moment o\u00f9 je peins, je convoque le pass\u00e9 au pr\u00e9sent pour le transmettre&nbsp;\u00bb<\/em>&nbsp;Gulumbu Yunupingu<\/strong>.<\/p>\n\n\n\n<p class=\"has-white-color has-text-color has-medium-font-size\">Les toiles des artistes aborig\u00e8nes d\u2019Australie \u00e9meuvent et surprennent par leur singularit\u00e9 tout autant qu\u2019elles \u00e9merveillent par la luminosit\u00e9 de leurs teintes\u2026 Elles peuvent laisser penser qu\u2019elles appartiennent au registre abstrait, leur esth\u00e9tique s\u2019impose, ind\u00e9niablement. Mais l\u00e0, n\u2019est pas leur mission originelle. Dans un style figuratif, elles portent avant tout un message intemporel<\/p>\n\n\n\n<p class=\"has-luminous-vivid-orange-color has-text-color has-medium-font-size\">Un grand nombre de symboles sont emprunt\u00e9s \u00e0 <strong>la nature et \u00e0 la vie des hommes<\/strong>. Associ\u00e9s \u00e0 d\u2019autres \u00e9l\u00e9ments plus stylis\u00e9s, comme les myriades de points assembl\u00e9s,&nbsp;<strong>ils incarnent la cr\u00e9ation, l\u2019environnement naturel, animalier et culturel.<\/strong><\/p>\n\n\n\n<p class=\"has-white-color has-text-color has-medium-font-size\">&nbsp;C\u2019est sans doute pour cela que cet art \u00e0 la fois si ancien et si jeune, fascine&nbsp;; c\u2019est un art en ab\u00eeme, un art lov\u00e9 sur lui-m\u00eame comme le serpent arc-en-ciel des mythes du d\u00e9sert.<\/p>\n\n\n\n<p class=\"has-white-color has-text-color has-medium-font-size\">Cette technique consiste \u00e0 effectuer une s\u00e9rie de points particuli\u00e8rement serr\u00e9s qui se suivent mais ne se m\u00e9langent pas.&nbsp;Elle est particuli\u00e8rement utilis\u00e9e par les peintres aborig\u00e8nes. On la retrouve sur certaines peintures rupestres, mais aussi sur les peintures sur le sol r\u00e9alis\u00e9es lors de rassemblements rituels.<\/p>\n\n\n\n<p class=\"has-white-color has-text-color has-medium-font-size\">Les points ont aussi une port\u00e9e esth\u00e9tique dans la peinture aborig\u00e8ne, puisqu\u2019ils permettent de densifier certains motifs, de remplir une toile en rempla\u00e7ant les espaces vides et de la subli<\/p>\n\n\n\n<p class=\"has-white-color has-text-color has-medium-font-size\">mer.<\/p>\n\n\n\n<figure class=\"wp-block-image size-large\"><img decoding=\"async\" width=\"1024\" height=\"681\" src=\"https:\/\/inspirations-aborigenes.fr\/wp-content\/uploads\/2023\/01\/DSC_7441-1024x681.jpg\" alt=\"\" class=\"wp-image-155\" srcset=\"https:\/\/www.inspirationsaborigenes.fr\/wp-content\/uploads\/2023\/01\/DSC_7441-1024x681.jpg 1024w, https:\/\/www.inspirationsaborigenes.fr\/wp-content\/uploads\/2023\/01\/DSC_7441-300x199.jpg 300w, https:\/\/www.inspirationsaborigenes.fr\/wp-content\/uploads\/2023\/01\/DSC_7441-768x511.jpg 768w, https:\/\/www.inspirationsaborigenes.fr\/wp-content\/uploads\/2023\/01\/DSC_7441-1536x1021.jpg 1536w, https:\/\/www.inspirationsaborigenes.fr\/wp-content\/uploads\/2023\/01\/DSC_7441-2048x1362.jpg 2048w, https:\/\/www.inspirationsaborigenes.fr\/wp-content\/uploads\/2023\/01\/DSC_7441-scaled.jpg 1920w\" sizes=\"(max-width: 1024px) 100vw, 1024px\" \/><figcaption class=\"wp-element-caption\"><strong>Paddy  avec l&rsquo;aimable autorisation de la Galerie Gondwana.<\/strong><\/figcaption><\/figure>\n\n\n\n<p class=\"has-luminous-vivid-orange-color has-text-color has-large-font-size\"><strong>SYMBOLES&nbsp;&nbsp;&nbsp;<\/strong><\/p>\n\n\n\n<p class=\"has-medium-font-size\">L\u2019art Aborig\u00e8ne est imp\u00e9ratif pour transmettre, de g\u00e9n\u00e9ration en g\u00e9n\u00e9ration, des informations importantes sur la terre.&nbsp;Un certain nombre de symboles sont utilis\u00e9s comme des codes graphiques et sont souvent bas\u00e9s sur le principe des empreintes.<\/p>\n\n\n<div class=\"wp-block-image\">\n<figure class=\"aligncenter size-full is-resized\"><img decoding=\"async\" src=\"https:\/\/inspirations-aborigenes.fr\/wp-content\/uploads\/2023\/01\/symboles-abo-source-polinacouture.com_.jpg\" alt=\"\" class=\"wp-image-210\" width=\"588\" height=\"490\" srcset=\"https:\/\/www.inspirationsaborigenes.fr\/wp-content\/uploads\/2023\/01\/symboles-abo-source-polinacouture.com_.jpg 588w, https:\/\/www.inspirationsaborigenes.fr\/wp-content\/uploads\/2023\/01\/symboles-abo-source-polinacouture.com_-300x250.jpg 300w\" sizes=\"(max-width: 588px) 100vw, 588px\" \/><\/figure>\n<\/div>\n\n\n<p class=\"has-luminous-vivid-orange-color has-text-color has-medium-font-size\">Sans qu\u2019il soit apparent\u00e9 \u00e0 une \u00e9criture, la graphie des signes Aborig\u00e8nes rejoint des repr\u00e9sentations le plus souvent figuratives, pour souligner les \u00e9l\u00e9ments essentiels structurant une histoire, des lieux et \u00e9v\u00e9nements embl\u00e9matiques. Il est probable qu\u2019\u00e0 l\u2019\u00e9preuve du temps ces signes furent de plus en plus \u00e9pur\u00e9s, pour signifier l\u2019essentiel dans une sorte d\u2019\u00e9conomie du trait.<\/p>\n\n\n\n<p class=\"has-medium-font-size\">Principalement visibles sur les parois peintes et dans les grottes orn\u00e9es, ces signes furent aussi utilis\u00e9s lors de c\u00e9r\u00e9monies. A cette occasion, inscrits et peints sur le sol dans d\u2019immenses peintures non p\u00e9rennes, les signes permettaient d\u2019accomplir des c\u00e9l\u00e9brations pour honorer les anc\u00eatres et lieux tot\u00e9miques, r\u00e9aliser les rites d\u2019initiation et perp\u00e9tuer ainsi la m\u00e9moire d\u2019un peuple.<\/p>\n\n\n\n<p class=\"has-medium-font-size\">La prise de conscience de la richesse de la culture Aborig\u00e8ne fut d\u00e9terminante \u00e0 Papunya en 1971, lorsque ces signes furent repr\u00e9sent\u00e9s pour la premi\u00e8re fois sur les murs de l\u2019\u00e9cole \u00e0 travers le r\u00eave de la fourmi \u00e0 miel, puis sur d&rsquo;autres supports, donnant naissance \u00e0 ce mouvement d&rsquo;art contemporain remarquable.&nbsp; &nbsp;Une civilisation des signes, ancr\u00e9e dans l\u2019histoire sur 50000 ans, sans \u00e9criture, acc\u00e9dait ainsi \u00e0 la reconnaissance.<\/p>\n\n\n\n<p class=\"has-luminous-vivid-orange-color has-text-color has-medium-font-size\">Il existe une vaste diversit\u00e9 de signes, au regard des multiples peuples Aborig\u00e8nes vivant en Australie, et des 250 langues parl\u00e9es hier par les diff\u00e9rentes tribus.<\/p>\n\n\n\n<p class=\"has-medium-font-size\">Il existe \u00e9galement de nombreux autres signes Aborig\u00e8nes, dont certains ne sont accessibles qu&rsquo;aux initi\u00e9s. Certains signes particuli\u00e8rement marquants peuvent ainsi \u00eatre cach\u00e9s sur une peinture, recouverts par des points aux endroits les plus sensibles.&nbsp;<\/p>\n\n\n\n<p>Source: aboriginalsignature.com\/signes-aborig\u00e8nes.<\/p>\n","protected":false},"excerpt":{"rendered":"<p>Le pointillisme propre aux peintures sur toile serait \u00e9galement apparu \u00e0&nbsp;Papunya. En comprenant que leurs peintures relatant des r\u00e9cits sacr\u00e9s seraient montr\u00e9es \u00e0 des \u00ab non-initi\u00e9s \u00bb,&nbsp;certains aborig\u00e8nes auraient choisi d\u2019utiliser cette technique pour flouter les motifs initiaux. Une fa\u00e7on pour eux de conserver le caract\u00e8re secret et sacr\u00e9 de leur \u0153uvre, en ne montrant que la partie profane. Aujourd\u2019hui le dot-painting est sans cesse r\u00e9invent\u00e9, les artistes s\u2019approprient certaines techniques et affirment leurs propres styles ou identit\u00e9s. Symbolisme des peintures aborig\u00e8nes&nbsp;: toutes les cr\u00e9ations sont des \u00ab&nbsp;passeuses d\u2019histoires&nbsp;\u00bb. \u00ab&nbsp;Au moment o\u00f9 je peins, je convoque le pass\u00e9 au pr\u00e9sent pour le transmettre&nbsp;\u00bb&nbsp;Gulumbu Yunupingu. Les toiles des artistes aborig\u00e8nes d\u2019Australie \u00e9meuvent et surprennent par leur singularit\u00e9 tout autant qu\u2019elles \u00e9merveillent par la luminosit\u00e9 de leurs teintes\u2026 Elles peuvent laisser penser qu\u2019elles appartiennent au registre abstrait, leur esth\u00e9tique s\u2019impose, ind\u00e9niablement. Mais l\u00e0, n\u2019est pas leur mission originelle. Dans un style figuratif, elles portent avant tout un message intemporel Un grand nombre de symboles sont emprunt\u00e9s \u00e0 la nature et \u00e0 la vie des hommes. Associ\u00e9s \u00e0 d\u2019autres \u00e9l\u00e9ments plus stylis\u00e9s, comme les myriades de points assembl\u00e9s,&nbsp;ils incarnent la cr\u00e9ation, l\u2019environnement naturel, animalier et culturel. &nbsp;C\u2019est sans doute pour cela que cet art \u00e0 la fois si ancien et si jeune, fascine&nbsp;; c\u2019est un art en ab\u00eeme, un art lov\u00e9 sur lui-m\u00eame comme le serpent arc-en-ciel des mythes du d\u00e9sert. Cette technique consiste \u00e0 effectuer une s\u00e9rie de points particuli\u00e8rement serr\u00e9s qui se suivent mais ne se m\u00e9langent pas.&nbsp;Elle est particuli\u00e8rement utilis\u00e9e par les peintres aborig\u00e8nes. On la retrouve sur certaines peintures rupestres, mais aussi sur les peintures sur le sol r\u00e9alis\u00e9es lors de rassemblements rituels. Les points ont aussi une port\u00e9e esth\u00e9tique dans la peinture aborig\u00e8ne, puisqu\u2019ils permettent de densifier certains motifs, de remplir une toile en rempla\u00e7ant les espaces vides et de la subli mer. SYMBOLES&nbsp;&nbsp;&nbsp; L\u2019art Aborig\u00e8ne est imp\u00e9ratif pour transmettre, de g\u00e9n\u00e9ration en g\u00e9n\u00e9ration, des informations importantes sur la terre.&nbsp;Un certain nombre de symboles sont utilis\u00e9s comme des codes graphiques et sont souvent bas\u00e9s sur le principe des empreintes. Sans qu\u2019il soit apparent\u00e9 \u00e0 une \u00e9criture, la graphie des signes Aborig\u00e8nes rejoint des repr\u00e9sentations le plus souvent figuratives, pour souligner les \u00e9l\u00e9ments essentiels structurant une histoire, des lieux et \u00e9v\u00e9nements embl\u00e9matiques. Il est probable qu\u2019\u00e0 l\u2019\u00e9preuve du temps ces signes furent de plus en plus \u00e9pur\u00e9s, pour signifier l\u2019essentiel dans une sorte d\u2019\u00e9conomie du trait. Principalement visibles sur les parois peintes et dans les grottes orn\u00e9es, ces signes furent aussi utilis\u00e9s lors de c\u00e9r\u00e9monies. A cette occasion, inscrits et peints sur le sol dans d\u2019immenses peintures non p\u00e9rennes, les signes permettaient d\u2019accomplir des c\u00e9l\u00e9brations pour honorer les anc\u00eatres et lieux tot\u00e9miques, r\u00e9aliser les rites d\u2019initiation et perp\u00e9tuer ainsi la m\u00e9moire d\u2019un peuple. La prise de conscience de la richesse de la culture Aborig\u00e8ne fut d\u00e9terminante \u00e0 Papunya en 1971, lorsque ces signes furent repr\u00e9sent\u00e9s pour la premi\u00e8re fois sur les murs de l\u2019\u00e9cole \u00e0 travers le r\u00eave de la fourmi \u00e0 miel, puis sur d&rsquo;autres supports, donnant naissance \u00e0 ce mouvement d&rsquo;art contemporain remarquable.&nbsp; &nbsp;Une civilisation des signes, ancr\u00e9e dans l\u2019histoire sur 50000 ans, sans \u00e9criture, acc\u00e9dait ainsi \u00e0 la reconnaissance. Il existe une vaste diversit\u00e9 de signes, au regard des multiples peuples Aborig\u00e8nes vivant en Australie, et des 250 langues parl\u00e9es hier par les diff\u00e9rentes tribus. Il existe \u00e9galement de nombreux autres signes Aborig\u00e8nes, dont certains ne sont accessibles qu&rsquo;aux initi\u00e9s. Certains signes particuli\u00e8rement marquants peuvent ainsi \u00eatre cach\u00e9s sur une peinture, recouverts par des points aux endroits les plus sensibles.&nbsp; Source: aboriginalsignature.com\/signes-aborig\u00e8nes.<\/p>\n","protected":false},"author":2,"featured_media":0,"parent":0,"menu_order":0,"comment_status":"closed","ping_status":"closed","template":"","meta":{"footnotes":""},"class_list":["post-312","page","type-page","status-publish","hentry"],"_links":{"self":[{"href":"https:\/\/www.inspirationsaborigenes.fr\/index.php?rest_route=\/wp\/v2\/pages\/312","targetHints":{"allow":["GET"]}}],"collection":[{"href":"https:\/\/www.inspirationsaborigenes.fr\/index.php?rest_route=\/wp\/v2\/pages"}],"about":[{"href":"https:\/\/www.inspirationsaborigenes.fr\/index.php?rest_route=\/wp\/v2\/types\/page"}],"author":[{"embeddable":true,"href":"https:\/\/www.inspirationsaborigenes.fr\/index.php?rest_route=\/wp\/v2\/users\/2"}],"replies":[{"embeddable":true,"href":"https:\/\/www.inspirationsaborigenes.fr\/index.php?rest_route=%2Fwp%2Fv2%2Fcomments&post=312"}],"version-history":[{"count":0,"href":"https:\/\/www.inspirationsaborigenes.fr\/index.php?rest_route=\/wp\/v2\/pages\/312\/revisions"}],"wp:attachment":[{"href":"https:\/\/www.inspirationsaborigenes.fr\/index.php?rest_route=%2Fwp%2Fv2%2Fmedia&parent=312"}],"curies":[{"name":"wp","href":"https:\/\/api.w.org\/{rel}","templated":true}]}}