{"id":309,"date":"2023-01-13T10:20:41","date_gmt":"2023-01-13T09:20:41","guid":{"rendered":"https:\/\/inspirations-aborigenes.fr\/?page_id=309"},"modified":"2023-01-14T12:33:36","modified_gmt":"2023-01-14T11:33:36","slug":"colonisation","status":"publish","type":"page","link":"https:\/\/www.inspirationsaborigenes.fr\/?page_id=309","title":{"rendered":"COLONISATION"},"content":{"rendered":"\n<p class=\"has-luminous-vivid-orange-color has-text-color has-large-font-size\"><strong><em>L&rsquo;\u00e9preuve de la colonisation<\/em><\/strong><\/p>\n\n\n\n<p class=\"has-luminous-vivid-orange-color has-text-color has-medium-font-size\"><strong><em>Lorsque les colons britanniques d\u00e9barquent \u00e0 la fin du XVIIIe si\u00e8cle, Londres proclame la loi de terra nullius (concept l\u00e9gal colonial) = l&rsquo;Australie est une terre sans propri\u00e9taires.  <\/em><\/strong><\/p>\n\n\n\n<p class=\"has-medium-font-size\"><em>En effet, d\u00e8s 1788, les britanniques commencent l\u2019exploration<\/em> du territoire australien pour au d\u00e9part y installer des camps p\u00e9nitenciers.<\/p>\n\n\n<div class=\"wp-block-image\">\n<figure class=\"aligncenter size-full\"><img decoding=\"async\" width=\"557\" height=\"699\" src=\"https:\/\/inspirations-aborigenes.fr\/wp-content\/uploads\/2023\/01\/james-cook.jpg\" alt=\"\" class=\"wp-image-525\" srcset=\"https:\/\/www.inspirationsaborigenes.fr\/wp-content\/uploads\/2023\/01\/james-cook.jpg 557w, https:\/\/www.inspirationsaborigenes.fr\/wp-content\/uploads\/2023\/01\/james-cook-239x300.jpg 239w\" sizes=\"(max-width: 557px) 100vw, 557px\" \/><figcaption class=\"wp-element-caption\">James Cook<\/figcaption><\/figure>\n<\/div>\n\n\n<p class=\"has-medium-font-size\">La population aborig\u00e8ne est pourtant estim\u00e9e alors entre 300.000 et 750.000 personnes (voire un million selon certains historiens). \u00ab\u00a0Malgr\u00e9 la volont\u00e9 officielle de prot\u00e9ger les peuples autochtones, la colonisation de leur continent fut pour eux un vrai cataclysme, et les heurts furent nombreux.\u00a0\u00bb<\/p>\n\n\n\n<figure class=\"wp-block-gallery has-nested-images columns-default is-cropped wp-block-gallery-1 is-layout-flex wp-block-gallery-is-layout-flex\">\n<figure class=\"wp-block-image size-large\"><img decoding=\"async\" width=\"756\" height=\"467\" data-id=\"524\" src=\"https:\/\/inspirations-aborigenes.fr\/wp-content\/uploads\/2023\/01\/aboriginal-act-1905-2.jpg\" alt=\"\" class=\"wp-image-524\" srcset=\"https:\/\/www.inspirationsaborigenes.fr\/wp-content\/uploads\/2023\/01\/aboriginal-act-1905-2.jpg 756w, https:\/\/www.inspirationsaborigenes.fr\/wp-content\/uploads\/2023\/01\/aboriginal-act-1905-2-300x185.jpg 300w\" sizes=\"(max-width: 756px) 100vw, 756px\" \/><\/figure>\n\n\n\n<figure class=\"wp-block-image size-large\"><img decoding=\"async\" width=\"775\" height=\"583\" data-id=\"523\" src=\"https:\/\/inspirations-aborigenes.fr\/wp-content\/uploads\/2023\/01\/nonne-2.jpg\" alt=\"\" class=\"wp-image-523\" srcset=\"https:\/\/www.inspirationsaborigenes.fr\/wp-content\/uploads\/2023\/01\/nonne-2.jpg 775w, https:\/\/www.inspirationsaborigenes.fr\/wp-content\/uploads\/2023\/01\/nonne-2-300x226.jpg 300w, https:\/\/www.inspirationsaborigenes.fr\/wp-content\/uploads\/2023\/01\/nonne-2-768x578.jpg 768w\" sizes=\"(max-width: 775px) 100vw, 775px\" \/><\/figure>\n<\/figure>\n\n\n\n<p><em>australia-australie.com<\/em><\/p>\n\n\n\n<hr class=\"wp-block-separator has-alpha-channel-opacity\"\/>\n\n\n\n<p class=\"has-medium-font-size\"><a id=\"_msocom_1\"><\/a>Avec l\u2019arriv\u00e9e des occidentaux, la population aborig\u00e8ne chute brutalement\u00a0: ils ne sont plus que 100.000\u00a0en 1900. Le premier fl\u00e9au pour les autochtones ce sont les maladies apport\u00e9es par les colons, telle la variole.<br>Mais les conflits meurtriers sont l\u00e9gion au fur et \u00e0 mesure de l\u2019expansion des occidentaux. Certains Aborig\u00e8nes se mobilisent et se lancent dans une v\u00e9ritable gu\u00e9rilla pour prot\u00e9ger leur terre, en attaquant des fermes et le b\u00e9tail. Les colons r\u00e9pliquent par des massacres comme celui de Myall Creek\u00a0: en 1838, des colons blancs tuent 28 aborig\u00e8nes.<\/p>\n\n\n\n<p class=\"has-luminous-vivid-orange-color has-text-color has-medium-font-size\"><strong>A partir des ann\u00e9es 1870, la plupart des Etats australiens se lancent dans une politique de \u00ab\u00a0protection\u00a0\u00bb des autochtones. Il s\u2019agit ni plus ni moins d\u2019une s\u00e9gr\u00e9gation et d\u2019une atteinte \u00e0 la culture aborig\u00e8ne\u00a0: les populations indig\u00e8nes sont d\u00e9racin\u00e9es de leur environnement de naissance, et d\u00e9port\u00e9es dans des r\u00e9serves, coup\u00e9es de la population blanche.<\/strong><\/p>\n\n\n\n<p class=\"has-medium-font-size\">\u00ab\u00a0Les Aborig\u00e8nes y \u00e9taient regroup\u00e9s et consign\u00e9s, rappelle Ma\u00efa Ponsonnet. Les administrations contr\u00f4laient leurs mouvements, la consommation d\u2019alcool, leurs choix de vie.\u00a0\u00bb<\/p>\n\n\n\n<p class=\"has-luminous-vivid-orange-color has-text-color has-large-font-size\"><strong><em>Les g\u00e9n\u00e9rations vol\u00e9es<\/em><\/strong><\/p>\n\n\n\n<p class=\"has-medium-font-size\">C\u2019est l\u2019un des chapitres les plus sombres de l\u2019histoire de l\u2019Australie, d\u00e9voil\u00e9 en 1997 dans le rapport <em>\u00ab&nbsp;Bringing them home&nbsp;\u00bb.<\/em> De la fin du XIXe si\u00e8cle jusqu\u2019au d\u00e9but des ann\u00e9es 1970, pr\u00e8s de 100.000 enfants m\u00e9tis, sur ordre du gouvernement, sont arrach\u00e9s de force \u00e0 leur famille, plac\u00e9s dans des orphelinats, des centres sociaux ou des missions chr\u00e9tiennes, pour \u00e9duquer \u00ab ces sauvages&nbsp;\u00bb et les civiliser \u00ab&nbsp;\u00e0 l\u2019europ\u00e9enne&nbsp;\u00bb.&nbsp;!!<\/p>\n\n\n\n<p class=\"has-luminous-vivid-orange-color has-text-color has-medium-font-size\"><strong><em>\u00ab\u00a0L\u2019assimilation est le but. Jusqu\u2019\u00e0 ce que tous les aborig\u00e8nes vivent comme tout Australien blanc\u00a0\u00bb,<\/em> explicitait en 1937 la conf\u00e9rence du Commonwealth sur la situation des indig\u00e8nes.<\/strong><\/p>\n\n\n\n<p class=\"has-medium-font-size\"><br>Coup\u00e9s de leurs racines culturelles, la plupart des enfants vivent mal cet arrachement. Nombre d\u2019entre eux, selon le rapport, furent agress\u00e9s sexuellement par leur tuteur.<\/p>\n\n\n\n<p class=\"has-luminous-vivid-orange-color has-text-color has-medium-font-size\"><strong><em>Le 13 f\u00e9vrier 2008, le premier ministre du gouvernement australien, Kevin Rudd, prononcera un discours de repentance et de pardon pour \u00ab\u00a0supprimer une grande tache de l\u2019\u00e2me de la Nation\u00a0\u00bb.<\/em><\/strong>  Source indigenous.gov.au<\/p>\n\n\n\n<p><\/p>\n\n\n\n<p class=\"has-luminous-vivid-orange-color has-text-color has-large-font-size\"><strong><em>Une reconnaissance progressive<\/em><\/strong><\/p>\n\n\n\n<p class=\"has-medium-font-size\">Jusqu\u2019\u00e0 la fin des ann\u00e9es 1960, les Aborig\u00e8nes sont quasiment exclus de la soci\u00e9t\u00e9 blanche. Des mouvements militants se font cependant entendre, notamment dans une ferme de Wave Hill (Territoire du Nord) en 1966&nbsp;: sous-pay\u00e9s, les autochtones employ\u00e9s, de langue gurindji, se mettent en gr\u00e8ve pour protester contre leurs conditions de vie et de travail.<\/p>\n\n\n\n<p class=\"has-luminous-vivid-orange-color has-text-color has-medium-font-size\"><br><strong><em>Leur revendication a un \u00e9cho retentissant dans tout le pays. De mani\u00e8re positive\u00a0: en 1967, un r\u00e9f\u00e9rendum accorde \u00e0 tous les Aborig\u00e8nes la citoyennet\u00e9 et la garantie d\u2019un salaire minimum.<\/em><\/strong><\/p>\n\n\n\n<p class=\"has-medium-font-size\">Autre \u00e9tape majeure de la r\u00e9sistance aborig\u00e8ne en 1972&nbsp;: des activistes montent, devant le Parlement f\u00e9d\u00e9ral, \u00e0 Canberra, une tente en guise d\u2019ambassade (\u00ab&nbsp;Aboriginal Tent Embassy&nbsp;\u00bb) pour revendiquer le droit \u00e0 la propri\u00e9t\u00e9 des terres traditionnelles. <em>Un drapeau aborig\u00e8ne est con\u00e7u.<\/em><\/p>\n\n\n<div class=\"wp-block-image\">\n<figure class=\"aligncenter size-full is-resized\"><img decoding=\"async\" src=\"https:\/\/inspirations-aborigenes.fr\/wp-content\/uploads\/2023\/01\/drapeau-aborigene.jpg\" alt=\"\" class=\"wp-image-449\" width=\"411\" height=\"246\" srcset=\"https:\/\/www.inspirationsaborigenes.fr\/wp-content\/uploads\/2023\/01\/drapeau-aborigene.jpg 1024w, https:\/\/www.inspirationsaborigenes.fr\/wp-content\/uploads\/2023\/01\/drapeau-aborigene-300x180.jpg 300w, https:\/\/www.inspirationsaborigenes.fr\/wp-content\/uploads\/2023\/01\/drapeau-aborigene-768x461.jpg 768w\" sizes=\"(max-width: 411px) 100vw, 411px\" \/><figcaption class=\"wp-element-caption\">Drapeau aborig\u00e8ne<\/figcaption><\/figure>\n<\/div>\n\n\n<p class=\"has-medium-font-size\"><strong><em>1976, la signature de l\u2019Aboriginal Land Rights Act<\/em> est un moment fort. Il garantit le droit \u00e0 la terre pour certains groupes aborig\u00e8nes dans le Territoire du Nord. Les territoires sont rendus partiellement aux anc\u00eatres des propri\u00e9taires traditionnels, qui retournent y vivre en communaut\u00e9s.<\/strong><\/p>\n\n\n\n<p class=\"has-medium-font-size\"><strong>\u00a0Il faut attendre 1992 pour que la Haute Cour australienne annule le principe d\u2019une terra nullius\u00a0: pour la premi\u00e8re fois, <em>elle fait reconna\u00eetre des titres de propri\u00e9t\u00e9 fonci\u00e8re aux aborig\u00e8nes (Native Titles).<\/em><\/strong><\/p>\n\n\n\n<p class=\"has-luminous-vivid-orange-color has-text-color has-large-font-size\"><em><strong>F\u00eate nationale du 26 janvier <\/strong><\/em><\/p>\n\n\n\n<p class=\"has-medium-font-size\">Il comm\u00e9more l&rsquo;arriv\u00e9e des Europ\u00e9ens en\u00a0Australie\u00a0le\u00a026 janvier\u00a01788.\u00a0C&rsquo;est\u00a0un jour f\u00e9ri\u00e9 depuis 1946 o\u00f9 les Australiens c\u00e9l\u00e8brent l&rsquo;unit\u00e9 nationale.<\/p>\n\n\n\n<p class=\"has-luminous-vivid-orange-color has-text-color has-medium-font-size\"><strong>La f\u00eate nationale est officiellement reconnue dans\u00a0tous\u00a0les \u00c9tats du pays, mais cette\u00a0date\u00a0est particuli\u00e8rement controvers\u00e9e et massivement rejet\u00e9e par les communaut\u00e9s aborig\u00e8nes. Elles la  surnomme Invasion Day ou Jour de la Survie. Elles r\u00e9clament qu&rsquo;une nouvelle\u00a0date\u00a0soit propos\u00e9e afin\u00a0de\u00a0refl\u00e9ter l&rsquo;histoire commune\u00a0de\u00a0la nation.<\/strong><\/p>\n\n\n\n<p class=\"has-medium-font-size\">Des propositions ont \u00e9t\u00e9 faites pour modifier la date du jour de l&rsquo;Australie, mais celles-ci n&rsquo;ont pas abouti.<\/p>\n\n\n\n<figure class=\"wp-block-image size-large\"><img decoding=\"async\" width=\"1024\" height=\"683\" src=\"https:\/\/inspirations-aborigenes.fr\/wp-content\/uploads\/2023\/01\/reconnaissance-au-pay-3-1-1-1024x683.jpg\" alt=\"\" class=\"wp-image-526\" srcset=\"https:\/\/www.inspirationsaborigenes.fr\/wp-content\/uploads\/2023\/01\/reconnaissance-au-pay-3-1-1-1024x683.jpg 1024w, https:\/\/www.inspirationsaborigenes.fr\/wp-content\/uploads\/2023\/01\/reconnaissance-au-pay-3-1-1-300x200.jpg 300w, https:\/\/www.inspirationsaborigenes.fr\/wp-content\/uploads\/2023\/01\/reconnaissance-au-pay-3-1-1-768x513.jpg 768w, https:\/\/www.inspirationsaborigenes.fr\/wp-content\/uploads\/2023\/01\/reconnaissance-au-pay-3-1-1-1140x761.jpg 1140w, https:\/\/www.inspirationsaborigenes.fr\/wp-content\/uploads\/2023\/01\/reconnaissance-au-pay-3-1-1.jpg 1230w\" sizes=\"(max-width: 1024px) 100vw, 1024px\" \/><\/figure>\n\n\n\n<p><em>Source aa.com.tr<\/em><\/p>\n\n\n\n<figure class=\"wp-block-image size-large\"><img decoding=\"async\" width=\"1024\" height=\"667\" src=\"https:\/\/inspirations-aborigenes.fr\/wp-content\/uploads\/2023\/01\/reconnaissance-au-pays-2-1-1024x667.jpg\" alt=\"\" class=\"wp-image-527\" srcset=\"https:\/\/www.inspirationsaborigenes.fr\/wp-content\/uploads\/2023\/01\/reconnaissance-au-pays-2-1-1024x667.jpg 1024w, https:\/\/www.inspirationsaborigenes.fr\/wp-content\/uploads\/2023\/01\/reconnaissance-au-pays-2-1-300x195.jpg 300w, https:\/\/www.inspirationsaborigenes.fr\/wp-content\/uploads\/2023\/01\/reconnaissance-au-pays-2-1-768x500.jpg 768w, https:\/\/www.inspirationsaborigenes.fr\/wp-content\/uploads\/2023\/01\/reconnaissance-au-pays-2-1-1140x742.jpg 1140w, https:\/\/www.inspirationsaborigenes.fr\/wp-content\/uploads\/2023\/01\/reconnaissance-au-pays-2-1.jpg 1287w\" sizes=\"(max-width: 1024px) 100vw, 1024px\" \/><figcaption class=\"wp-element-caption\"><em>source aa.com.tr<\/em><\/figcaption><\/figure>\n\n\n\n<figure class=\"wp-block-image size-large\"><img decoding=\"async\" width=\"1024\" height=\"660\" src=\"https:\/\/inspirations-aborigenes.fr\/wp-content\/uploads\/2023\/01\/reconnaissance-au-pays-1-1-1024x660.jpg\" alt=\"\" class=\"wp-image-529\" srcset=\"https:\/\/www.inspirationsaborigenes.fr\/wp-content\/uploads\/2023\/01\/reconnaissance-au-pays-1-1-1024x660.jpg 1024w, https:\/\/www.inspirationsaborigenes.fr\/wp-content\/uploads\/2023\/01\/reconnaissance-au-pays-1-1-300x193.jpg 300w, https:\/\/www.inspirationsaborigenes.fr\/wp-content\/uploads\/2023\/01\/reconnaissance-au-pays-1-1-768x495.jpg 768w, https:\/\/www.inspirationsaborigenes.fr\/wp-content\/uploads\/2023\/01\/reconnaissance-au-pays-1-1-1140x735.jpg 1140w, https:\/\/www.inspirationsaborigenes.fr\/wp-content\/uploads\/2023\/01\/reconnaissance-au-pays-1-1.jpg 1312w\" sizes=\"(max-width: 1024px) 100vw, 1024px\" \/><\/figure>\n","protected":false},"excerpt":{"rendered":"<p>L&rsquo;\u00e9preuve de la colonisation Lorsque les colons britanniques d\u00e9barquent \u00e0 la fin du XVIIIe si\u00e8cle, Londres proclame la loi de terra nullius (concept l\u00e9gal colonial) = l&rsquo;Australie est une terre sans propri\u00e9taires. En effet, d\u00e8s 1788, les britanniques commencent l\u2019exploration du territoire australien pour au d\u00e9part y installer des camps p\u00e9nitenciers. La population aborig\u00e8ne est pourtant estim\u00e9e alors entre 300.000 et 750.000 personnes (voire un million selon certains historiens). \u00ab\u00a0Malgr\u00e9 la volont\u00e9 officielle de prot\u00e9ger les peuples autochtones, la colonisation de leur continent fut pour eux un vrai cataclysme, et les heurts furent nombreux.\u00a0\u00bb australia-australie.com Avec l\u2019arriv\u00e9e des occidentaux, la population aborig\u00e8ne chute brutalement\u00a0: ils ne sont plus que 100.000\u00a0en 1900. Le premier fl\u00e9au pour les autochtones ce sont les maladies apport\u00e9es par les colons, telle la variole.Mais les conflits meurtriers sont l\u00e9gion au fur et \u00e0 mesure de l\u2019expansion des occidentaux. Certains Aborig\u00e8nes se mobilisent et se lancent dans une v\u00e9ritable gu\u00e9rilla pour prot\u00e9ger leur terre, en attaquant des fermes et le b\u00e9tail. Les colons r\u00e9pliquent par des massacres comme celui de Myall Creek\u00a0: en 1838, des colons blancs tuent 28 aborig\u00e8nes. A partir des ann\u00e9es 1870, la plupart des Etats australiens se lancent dans une politique de \u00ab\u00a0protection\u00a0\u00bb des autochtones. Il s\u2019agit ni plus ni moins d\u2019une s\u00e9gr\u00e9gation et d\u2019une atteinte \u00e0 la culture aborig\u00e8ne\u00a0: les populations indig\u00e8nes sont d\u00e9racin\u00e9es de leur environnement de naissance, et d\u00e9port\u00e9es dans des r\u00e9serves, coup\u00e9es de la population blanche. \u00ab\u00a0Les Aborig\u00e8nes y \u00e9taient regroup\u00e9s et consign\u00e9s, rappelle Ma\u00efa Ponsonnet. Les administrations contr\u00f4laient leurs mouvements, la consommation d\u2019alcool, leurs choix de vie.\u00a0\u00bb Les g\u00e9n\u00e9rations vol\u00e9es C\u2019est l\u2019un des chapitres les plus sombres de l\u2019histoire de l\u2019Australie, d\u00e9voil\u00e9 en 1997 dans le rapport \u00ab&nbsp;Bringing them home&nbsp;\u00bb. De la fin du XIXe si\u00e8cle jusqu\u2019au d\u00e9but des ann\u00e9es 1970, pr\u00e8s de 100.000 enfants m\u00e9tis, sur ordre du gouvernement, sont arrach\u00e9s de force \u00e0 leur famille, plac\u00e9s dans des orphelinats, des centres sociaux ou des missions chr\u00e9tiennes, pour \u00e9duquer \u00ab ces sauvages&nbsp;\u00bb et les civiliser \u00ab&nbsp;\u00e0 l\u2019europ\u00e9enne&nbsp;\u00bb.&nbsp;!! \u00ab\u00a0L\u2019assimilation est le but. Jusqu\u2019\u00e0 ce que tous les aborig\u00e8nes vivent comme tout Australien blanc\u00a0\u00bb, explicitait en 1937 la conf\u00e9rence du Commonwealth sur la situation des indig\u00e8nes. Coup\u00e9s de leurs racines culturelles, la plupart des enfants vivent mal cet arrachement. Nombre d\u2019entre eux, selon le rapport, furent agress\u00e9s sexuellement par leur tuteur. Le 13 f\u00e9vrier 2008, le premier ministre du gouvernement australien, Kevin Rudd, prononcera un discours de repentance et de pardon pour \u00ab\u00a0supprimer une grande tache de l\u2019\u00e2me de la Nation\u00a0\u00bb. Source indigenous.gov.au Une reconnaissance progressive Jusqu\u2019\u00e0 la fin des ann\u00e9es 1960, les Aborig\u00e8nes sont quasiment exclus de la soci\u00e9t\u00e9 blanche. Des mouvements militants se font cependant entendre, notamment dans une ferme de Wave Hill (Territoire du Nord) en 1966&nbsp;: sous-pay\u00e9s, les autochtones employ\u00e9s, de langue gurindji, se mettent en gr\u00e8ve pour protester contre leurs conditions de vie et de travail. Leur revendication a un \u00e9cho retentissant dans tout le pays. De mani\u00e8re positive\u00a0: en 1967, un r\u00e9f\u00e9rendum accorde \u00e0 tous les Aborig\u00e8nes la citoyennet\u00e9 et la garantie d\u2019un salaire minimum. Autre \u00e9tape majeure de la r\u00e9sistance aborig\u00e8ne en 1972&nbsp;: des activistes montent, devant le Parlement f\u00e9d\u00e9ral, \u00e0 Canberra, une tente en guise d\u2019ambassade (\u00ab&nbsp;Aboriginal Tent Embassy&nbsp;\u00bb) pour revendiquer le droit \u00e0 la propri\u00e9t\u00e9 des terres traditionnelles. Un drapeau aborig\u00e8ne est con\u00e7u. 1976, la signature de l\u2019Aboriginal Land Rights Act est un moment fort. Il garantit le droit \u00e0 la terre pour certains groupes aborig\u00e8nes dans le Territoire du Nord. Les territoires sont rendus partiellement aux anc\u00eatres des propri\u00e9taires traditionnels, qui retournent y vivre en communaut\u00e9s. \u00a0Il faut attendre 1992 pour que la Haute Cour australienne annule le principe d\u2019une terra nullius\u00a0: pour la premi\u00e8re fois, elle fait reconna\u00eetre des titres de propri\u00e9t\u00e9 fonci\u00e8re aux aborig\u00e8nes (Native Titles). F\u00eate nationale du 26 janvier Il comm\u00e9more l&rsquo;arriv\u00e9e des Europ\u00e9ens en\u00a0Australie\u00a0le\u00a026 janvier\u00a01788.\u00a0C&rsquo;est\u00a0un jour f\u00e9ri\u00e9 depuis 1946 o\u00f9 les Australiens c\u00e9l\u00e8brent l&rsquo;unit\u00e9 nationale. La f\u00eate nationale est officiellement reconnue dans\u00a0tous\u00a0les \u00c9tats du pays, mais cette\u00a0date\u00a0est particuli\u00e8rement controvers\u00e9e et massivement rejet\u00e9e par les communaut\u00e9s aborig\u00e8nes. Elles la surnomme Invasion Day ou Jour de la Survie. Elles r\u00e9clament qu&rsquo;une nouvelle\u00a0date\u00a0soit propos\u00e9e afin\u00a0de\u00a0refl\u00e9ter l&rsquo;histoire commune\u00a0de\u00a0la nation. Des propositions ont \u00e9t\u00e9 faites pour modifier la date du jour de l&rsquo;Australie, mais celles-ci n&rsquo;ont pas abouti. Source aa.com.tr<\/p>\n","protected":false},"author":2,"featured_media":0,"parent":0,"menu_order":0,"comment_status":"closed","ping_status":"closed","template":"","meta":{"footnotes":""},"class_list":["post-309","page","type-page","status-publish","hentry"],"_links":{"self":[{"href":"https:\/\/www.inspirationsaborigenes.fr\/index.php?rest_route=\/wp\/v2\/pages\/309","targetHints":{"allow":["GET"]}}],"collection":[{"href":"https:\/\/www.inspirationsaborigenes.fr\/index.php?rest_route=\/wp\/v2\/pages"}],"about":[{"href":"https:\/\/www.inspirationsaborigenes.fr\/index.php?rest_route=\/wp\/v2\/types\/page"}],"author":[{"embeddable":true,"href":"https:\/\/www.inspirationsaborigenes.fr\/index.php?rest_route=\/wp\/v2\/users\/2"}],"replies":[{"embeddable":true,"href":"https:\/\/www.inspirationsaborigenes.fr\/index.php?rest_route=%2Fwp%2Fv2%2Fcomments&post=309"}],"version-history":[{"count":0,"href":"https:\/\/www.inspirationsaborigenes.fr\/index.php?rest_route=\/wp\/v2\/pages\/309\/revisions"}],"wp:attachment":[{"href":"https:\/\/www.inspirationsaborigenes.fr\/index.php?rest_route=%2Fwp%2Fv2%2Fmedia&parent=309"}],"curies":[{"name":"wp","href":"https:\/\/api.w.org\/{rel}","templated":true}]}}