{"id":306,"date":"2023-01-13T10:20:29","date_gmt":"2023-01-13T09:20:29","guid":{"rendered":"https:\/\/inspirations-aborigenes.fr\/?page_id=306"},"modified":"2023-01-15T22:49:00","modified_gmt":"2023-01-15T21:49:00","slug":"qui-sont-ils","status":"publish","type":"page","link":"https:\/\/www.inspirationsaborigenes.fr\/?page_id=306","title":{"rendered":"QUI SONT-ILS ?"},"content":{"rendered":"\n<figure class=\"wp-block-image size-large\"><img decoding=\"async\" width=\"1024\" height=\"463\" src=\"https:\/\/inspirations-aborigenes.fr\/wp-content\/uploads\/2023\/01\/avion--1024x463.jpg\" alt=\"\" class=\"wp-image-516\" srcset=\"https:\/\/www.inspirationsaborigenes.fr\/wp-content\/uploads\/2023\/01\/avion--1024x463.jpg 1024w, https:\/\/www.inspirationsaborigenes.fr\/wp-content\/uploads\/2023\/01\/avion--300x136.jpg 300w, https:\/\/www.inspirationsaborigenes.fr\/wp-content\/uploads\/2023\/01\/avion--768x347.jpg 768w, https:\/\/www.inspirationsaborigenes.fr\/wp-content\/uploads\/2023\/01\/avion-.jpg 1068w\" sizes=\"(max-width: 1024px) 100vw, 1024px\" \/><figcaption class=\"wp-element-caption\">Tok-Resource.org<\/figcaption><\/figure>\n\n\n\n<p class=\"has-medium-font-size\">Premiers hommes \u00e0 avoir occup\u00e9 le sol australien, les Aborig\u00e8nes sont les autochtones de    l\u2019\u00eele continent depuis au moins 40.000 ans.<\/p>\n\n\n\n<p class=\"has-medium-font-size\">Durant des mill\u00e9naires, ces multiples tribus semi-nomades ont d\u00e9velopp\u00e9 en autarcie une culture qui leur est propre, jusqu\u2019au d\u00e9barquement des colons occidentaux \u00e0 la fin du XVIIIe si\u00e8cle.<br>\u00ab&nbsp;A l\u2019arriv\u00e9e des colons anglais, les Aborig\u00e8nes (\u2026) se d\u00e9pla\u00e7aient au sein de larges territoires, explique la sp\u00e9cialiste de l\u2019Australie Ma\u00efa Ponsonnet. Ils vivaient de chasse, de cueillette et de p\u00eache en groupes d\u2019une \u00e0 quelques dizaines de familles. La fr\u00e9quence de leurs d\u00e9placements et leur ampleur variaient selon les r\u00e9gions, car elles d\u00e9pendaient largement des ressources en eau et en nourriture.&nbsp;\u00bb  <em>Source Ma\u00efa Ponsonnet- CNRS- <\/em><br>Selon un recensement en 2011, il y aurait 670.000 indig\u00e8nes en Australie, ce qui repr\u00e9senterait 3% de la population.<\/p>\n\n\n\n<figure class=\"wp-block-image size-full\"><img decoding=\"async\" width=\"901\" height=\"431\" src=\"https:\/\/inspirations-aborigenes.fr\/wp-content\/uploads\/2023\/01\/1.jpg\" alt=\"\" class=\"wp-image-517\" srcset=\"https:\/\/www.inspirationsaborigenes.fr\/wp-content\/uploads\/2023\/01\/1.jpg 901w, https:\/\/www.inspirationsaborigenes.fr\/wp-content\/uploads\/2023\/01\/1-300x144.jpg 300w, https:\/\/www.inspirationsaborigenes.fr\/wp-content\/uploads\/2023\/01\/1-768x367.jpg 768w\" sizes=\"(max-width: 901px) 100vw, 901px\" \/><figcaption class=\"wp-element-caption\">Elders &#8211; Source Tok-Resource.org<\/figcaption><\/figure>\n\n\n\n<p class=\"has-luminous-vivid-orange-color has-text-color has-medium-font-size\"><strong>Le myst\u00e8re de leurs origines<\/strong><strong><\/strong><\/p>\n\n\n\n<p class=\"has-medium-font-size\">La plupart des sp\u00e9cialistes estiment que les Aborig\u00e8nes australiens auraient atteint l\u2019Australie ou, pour \u00eatre pr\u00e9cis, le protocontinent \u00ab&nbsp;Sahul&nbsp;\u00bb, il y a entre 40.000 et 50.000 ans, BP <em>(before pr\u00e9sent)<\/em>, durant l&rsquo;\u00e8re glaciaire.<\/p>\n\n\n\n<p class=\"has-medium-font-size\">Les pr\u00e9historiens affirment que les premiers habitants sont venus du Sunda, protocontinent qui regroupait l\u2019Indon\u00e9sie et l\u2019Asie du Sud-Est. Les immigrants ont vraisemblablement d\u00e9barqu\u00e9 sur la c\u00f4te Nord par bateaux.<\/p>\n\n\n\n<p class=\"has-medium-font-size\">On ignore s\u2019il s\u2019agissait de radeaux de fortune ou de navires \u00e9labor\u00e9s. On ne sait pas non plus le but de leur venue\u00a0: \u00e9taient ils des naufrag\u00e9s, des exil\u00e9s ou des explorateurs\u00a0? L\u2019hypoth\u00e8se d\u2019arriv\u00e9es par vagues successives n\u2019a jamais \u00e9t\u00e9 confirm\u00e9e. Quoiqu\u2019il en soit, l\u2019homme de Mungo, homo sapiens d\u00e9couvert pr\u00e8s d\u2019un lac en Nouvelle Galles du Sud, reste le plus vieux fossile humain connu \u00e0 ce jour en Australie, et serait dat\u00e9 d\u2019environ 40 000 ans.<\/p>\n\n\n<div class=\"wp-block-image\">\n<figure class=\"aligncenter size-full\"><img decoding=\"async\" width=\"740\" height=\"499\" src=\"https:\/\/inspirations-aborigenes.fr\/wp-content\/uploads\/2023\/01\/largeImageSrc.adapt_.740.medium.jpg\" alt=\"\" class=\"wp-image-602\" srcset=\"https:\/\/www.inspirationsaborigenes.fr\/wp-content\/uploads\/2023\/01\/largeImageSrc.adapt_.740.medium.jpg 740w, https:\/\/www.inspirationsaborigenes.fr\/wp-content\/uploads\/2023\/01\/largeImageSrc.adapt_.740.medium-300x202.jpg 300w\" sizes=\"(max-width: 740px) 100vw, 740px\" \/><\/figure>\n<\/div>\n\n\n<p class=\"has-luminous-vivid-orange-color has-text-color has-medium-font-size\"><strong>La culture aborig\u00e8ne<\/strong><strong><\/strong><\/p>\n\n\n\n<p class=\"has-medium-font-size\">Pitjantjatjara ou Walpiri dans le d\u00e9sert, Djabukay dans le Queensland, Rembarrnga en&nbsp; Terre d&rsquo;Arnhem. Il est difficile de parler d\u2019une \u00ab&nbsp;culture aborig\u00e8ne&nbsp;\u00bb australienne, tant l\u2019organisation sociale traditionnelle est tr\u00e8s complexe et varie selon les r\u00e9gions et l\u2019environnement.<\/p>\n\n\n\n<p class=\"has-luminous-vivid-orange-color has-text-color has-medium-font-size\"><em><strong>Une \u00e9tude a ainsi \u00e9valu\u00e9 \u00e0 plus de 250 le nombre de langues parl\u00e9es en Australie \u00e0 l\u2019arriv\u00e9e des Britanniques&nbsp;!<\/strong><\/em><br><strong>Un concept est cependant commun&nbsp;: la tradition aborig\u00e8ne s\u2019appuie sur une spiritualit\u00e9 li\u00e9e \u00e0 la terre, au paysage, \u00e0 la faune et \u00e0 la flore, &nbsp;renvoyant \u00e0 l\u2019aube de la cr\u00e9ation du monde.<\/strong><\/p>\n\n\n<div class=\"wp-block-image\">\n<figure class=\"aligncenter size-full is-resized\"><img decoding=\"async\" src=\"https:\/\/inspirations-aborigenes.fr\/wp-content\/uploads\/2023\/01\/cartes-communautes-aborigenes.jpg\" alt=\"\" class=\"wp-image-518\" width=\"519\" height=\"449\" srcset=\"https:\/\/www.inspirationsaborigenes.fr\/wp-content\/uploads\/2023\/01\/cartes-communautes-aborigenes.jpg 520w, https:\/\/www.inspirationsaborigenes.fr\/wp-content\/uploads\/2023\/01\/cartes-communautes-aborigenes-300x260.jpg 300w\" sizes=\"(max-width: 519px) 100vw, 519px\" \/><\/figure>\n<\/div>\n\n\n<p class=\"has-medium-font-size\">\u00ab&nbsp;Beaucoup de groupes aborig\u00e8nes estiment qu\u2019au temps des origines la Terre a \u00e9t\u00e9 le th\u00e9\u00e2tre d\u2019\u00e9v\u00e9nements cosmologiques au cours desquels les anc\u00eatres (\u2026) ont cr\u00e9\u00e9 des paysages, les hommes, les divisions claniques, les rituels et la gestion fonci\u00e8re&nbsp;\u00bb, r\u00e9sume Ma\u00efa Ponsonnet.<\/p>\n\n\n\n<p class=\"has-luminous-vivid-orange-color has-text-color has-medium-font-size\"><br>Selon les croyances des Aborig\u00e8nes, rochers, collines, lacs portent l\u2019empreinte laiss\u00e9e par les esprits cr\u00e9ateurs. L\u2019histoire de chaque anc\u00eatre cr\u00e9ateur s\u2019inscrit dans un itin\u00e9raire g\u00e9ographique qui peut en croiser d\u2019autres.<br><strong><em>On traduit g\u00e9n\u00e9ralement cette philosophie religieuse, comme une notion de Loi (Loi absolue, totale, infaillible, dict\u00e9e par les anc\u00eatres) par le \u00ab&nbsp;Temps du r\u00eave&nbsp;\u00bb. <\/em><\/strong><\/p>\n\n\n\n<p class=\"has-medium-font-size\">Les c\u00e9r\u00e9monies rituelles des aborig\u00e8nes, chants, danses et peintures corporelles, maintiennent le lien entre le monde des vivants et celui des anc\u00eatres&nbsp;:&nbsp;il s\u2019agit de perp\u00e9tuer les \u00e9pisodes cr\u00e9ateurs et les transmettre aux jeunes adultes, avec un concept de sacr\u00e9\/secret partag\u00e9 qu\u2019entre initi\u00e9s, souvent h\u00e9r\u00e9ditaire.<\/p>\n\n\n\n<p class=\"has-medium-font-size\">Parmi les traits marquants de la culture aborig\u00e8ne, la peinture a une place importante qu\u2019elle soit rupestre, sur sol, sur bois ou, plus r\u00e9cemment, sur tissu.<\/p>\n\n\n\n<p class=\"has-medium-font-size\">Le kriol, un cr\u00e9ole d\u2019anglais qui s\u2019est d\u00e9velopp\u00e9 au d\u00e9but du XXe si\u00e8cle, constitue aujourd\u2019hui la premi\u00e8re langue des Aborig\u00e8nes.<\/p>\n\n\n<div class=\"wp-block-image\">\n<figure class=\"aligncenter size-large is-resized\"><img decoding=\"async\" src=\"https:\/\/inspirations-aborigenes.fr\/wp-content\/uploads\/2023\/01\/AdobeStock_551960790-1-1024x1024.jpeg\" alt=\"\" class=\"wp-image-519\" width=\"712\" height=\"712\" srcset=\"https:\/\/www.inspirationsaborigenes.fr\/wp-content\/uploads\/2023\/01\/AdobeStock_551960790-1-1024x1024.jpeg 1024w, https:\/\/www.inspirationsaborigenes.fr\/wp-content\/uploads\/2023\/01\/AdobeStock_551960790-1-300x300.jpeg 300w, https:\/\/www.inspirationsaborigenes.fr\/wp-content\/uploads\/2023\/01\/AdobeStock_551960790-1-150x150.jpeg 150w, https:\/\/www.inspirationsaborigenes.fr\/wp-content\/uploads\/2023\/01\/AdobeStock_551960790-1-768x768.jpeg 768w, https:\/\/www.inspirationsaborigenes.fr\/wp-content\/uploads\/2023\/01\/AdobeStock_551960790-1-1536x1536.jpeg 1536w, https:\/\/www.inspirationsaborigenes.fr\/wp-content\/uploads\/2023\/01\/AdobeStock_551960790-1-1140x1140.jpeg 1140w, https:\/\/www.inspirationsaborigenes.fr\/wp-content\/uploads\/2023\/01\/AdobeStock_551960790-1-75x75.jpeg 75w, https:\/\/www.inspirationsaborigenes.fr\/wp-content\/uploads\/2023\/01\/AdobeStock_551960790-1.jpeg 1920w\" sizes=\"(max-width: 712px) 100vw, 712px\" \/><figcaption class=\"wp-element-caption\">Rainbow serpent Australian Aboriginal dreamtime creation of Australia, its mountains rivers, trees and people, Aboriginal religion and culture, concept illustration<\/figcaption><\/figure>\n<\/div>\n\n\n<p class=\"has-luminous-vivid-orange-color has-text-color has-medium-font-size\"><strong><em>Ces populations avaient une mythologie&nbsp;commune appel\u00e9e le TEMPS DU REVE  ( Tjukurpa en langue Anangu). Le&nbsp;\u00ab&nbsp;temps du r\u00eave&nbsp;\u00bb&nbsp;explique les origines du monde, de l\u2019Australie et de ses habitants. Selon cette tradition, des cr\u00e9atures g\u00e9antes comme le SERPENT ARC EN CIEL&nbsp;sont sorties de la terre, de la mer et du ciel et ont cr\u00e9\u00e9 la vie et les paysages. Leurs corps g\u00e9ants ont form\u00e9 les sols, cr\u00e9\u00e9 les fleuves et les chaines de montagnes et leurs esprits sont rest\u00e9s dans la terre, la rendant ainsi sacr\u00e9e aux peuples indig\u00e8nes.<\/em><\/strong><\/p>\n\n\n\n<p class=\"has-medium-font-size\">Les anthropologues australiens qui veulent faire des g\u00e9n\u00e9ralisations sugg\u00e8rent que les mythes aborig\u00e8nes sont toujours suivis \u00e0 travers le pays car ils remplissent une importante fonction sociale:  justifier les r\u00e8gles de vie quotidienne, contribuer \u00e0 fa\u00e7onner les id\u00e9es des peuples, aider \u00e0 avoir de l&rsquo;influence sur le comportement des autres, en incorporant continuellement et en \u00ab&nbsp;mythologisant&nbsp;\u00bb les \u00e9v\u00e9nements historiques, au service de ces objectifs sociaux dans le contexte de forte \u00e9volution de l&rsquo;\u00e9poque moderne. <\/p>\n\n\n\n<p class=\"has-medium-font-size\">Les sp\u00e9cialistes aborig\u00e8nes qui souhaitent g\u00e9n\u00e9raliser pensent que tous les mythes aborig\u00e8nes, une fois combin\u00e9s, repr\u00e9sentent une sorte de biblioth\u00e8que&nbsp;orale, dans laquelle les aborig\u00e8nes puiseraient pour d\u00e9couvrir le monde et percevoir une&nbsp;<em>r\u00e9alit\u00e9<\/em>&nbsp;propre<\/p>\n\n\n\n<p class=\"has-medium-font-size\">\u00ab&nbsp;Les peuples aborig\u00e8nes apprennent de ces histoires qu&rsquo;une soci\u00e9t\u00e9 ne doit pas \u00eatre centr\u00e9e sur l&rsquo;homme, mais plut\u00f4t sur un territoire. Dans le cas contraire, ils oublient leurs origines et leur raison d&rsquo;\u00eatre<\/p>\n\n\n\n<p class=\"has-luminous-vivid-orange-color has-text-color has-medium-font-size\"><strong><em>Les peuples vont et viennent, mais les terres (et leurs histoires) persistent<\/em><\/strong>.<\/p>\n\n\n\n<figure class=\"wp-block-image size-large\"><img decoding=\"async\" width=\"1024\" height=\"545\" src=\"https:\/\/inspirations-aborigenes.fr\/wp-content\/uploads\/2023\/01\/AdobeStock_150863696-1-1024x545.jpeg\" alt=\"\" class=\"wp-image-550\" srcset=\"https:\/\/www.inspirationsaborigenes.fr\/wp-content\/uploads\/2023\/01\/AdobeStock_150863696-1-1024x545.jpeg 1024w, https:\/\/www.inspirationsaborigenes.fr\/wp-content\/uploads\/2023\/01\/AdobeStock_150863696-1-300x160.jpeg 300w, https:\/\/www.inspirationsaborigenes.fr\/wp-content\/uploads\/2023\/01\/AdobeStock_150863696-1-768x408.jpeg 768w, https:\/\/www.inspirationsaborigenes.fr\/wp-content\/uploads\/2023\/01\/AdobeStock_150863696-1-1536x817.jpeg 1536w, https:\/\/www.inspirationsaborigenes.fr\/wp-content\/uploads\/2023\/01\/AdobeStock_150863696-1-1140x606.jpeg 1140w, https:\/\/www.inspirationsaborigenes.fr\/wp-content\/uploads\/2023\/01\/AdobeStock_150863696-1.jpeg 1920w\" sizes=\"(max-width: 1024px) 100vw, 1024px\" \/><figcaption class=\"wp-element-caption\">Yugambeh Aboriginal man sit and holds boomerang and didgeridoo during Aboriginal culture show in Queensland, Australia.<\/figcaption><\/figure>\n\n\n\n<p><\/p>\n","protected":false},"excerpt":{"rendered":"<p>Premiers hommes \u00e0 avoir occup\u00e9 le sol australien, les Aborig\u00e8nes sont les autochtones de l\u2019\u00eele continent depuis au moins 40.000 ans. Durant des mill\u00e9naires, ces multiples tribus semi-nomades ont d\u00e9velopp\u00e9 en autarcie une culture qui leur est propre, jusqu\u2019au d\u00e9barquement des colons occidentaux \u00e0 la fin du XVIIIe si\u00e8cle.\u00ab&nbsp;A l\u2019arriv\u00e9e des colons anglais, les Aborig\u00e8nes (\u2026) se d\u00e9pla\u00e7aient au sein de larges territoires, explique la sp\u00e9cialiste de l\u2019Australie Ma\u00efa Ponsonnet. Ils vivaient de chasse, de cueillette et de p\u00eache en groupes d\u2019une \u00e0 quelques dizaines de familles. La fr\u00e9quence de leurs d\u00e9placements et leur ampleur variaient selon les r\u00e9gions, car elles d\u00e9pendaient largement des ressources en eau et en nourriture.&nbsp;\u00bb Source Ma\u00efa Ponsonnet- CNRS- Selon un recensement en 2011, il y aurait 670.000 indig\u00e8nes en Australie, ce qui repr\u00e9senterait 3% de la population. Le myst\u00e8re de leurs origines La plupart des sp\u00e9cialistes estiment que les Aborig\u00e8nes australiens auraient atteint l\u2019Australie ou, pour \u00eatre pr\u00e9cis, le protocontinent \u00ab&nbsp;Sahul&nbsp;\u00bb, il y a entre 40.000 et 50.000 ans, BP (before pr\u00e9sent), durant l&rsquo;\u00e8re glaciaire. Les pr\u00e9historiens affirment que les premiers habitants sont venus du Sunda, protocontinent qui regroupait l\u2019Indon\u00e9sie et l\u2019Asie du Sud-Est. Les immigrants ont vraisemblablement d\u00e9barqu\u00e9 sur la c\u00f4te Nord par bateaux. On ignore s\u2019il s\u2019agissait de radeaux de fortune ou de navires \u00e9labor\u00e9s. On ne sait pas non plus le but de leur venue\u00a0: \u00e9taient ils des naufrag\u00e9s, des exil\u00e9s ou des explorateurs\u00a0? L\u2019hypoth\u00e8se d\u2019arriv\u00e9es par vagues successives n\u2019a jamais \u00e9t\u00e9 confirm\u00e9e. Quoiqu\u2019il en soit, l\u2019homme de Mungo, homo sapiens d\u00e9couvert pr\u00e8s d\u2019un lac en Nouvelle Galles du Sud, reste le plus vieux fossile humain connu \u00e0 ce jour en Australie, et serait dat\u00e9 d\u2019environ 40 000 ans. La culture aborig\u00e8ne Pitjantjatjara ou Walpiri dans le d\u00e9sert, Djabukay dans le Queensland, Rembarrnga en&nbsp; Terre d&rsquo;Arnhem. Il est difficile de parler d\u2019une \u00ab&nbsp;culture aborig\u00e8ne&nbsp;\u00bb australienne, tant l\u2019organisation sociale traditionnelle est tr\u00e8s complexe et varie selon les r\u00e9gions et l\u2019environnement. Une \u00e9tude a ainsi \u00e9valu\u00e9 \u00e0 plus de 250 le nombre de langues parl\u00e9es en Australie \u00e0 l\u2019arriv\u00e9e des Britanniques&nbsp;!Un concept est cependant commun&nbsp;: la tradition aborig\u00e8ne s\u2019appuie sur une spiritualit\u00e9 li\u00e9e \u00e0 la terre, au paysage, \u00e0 la faune et \u00e0 la flore, &nbsp;renvoyant \u00e0 l\u2019aube de la cr\u00e9ation du monde. \u00ab&nbsp;Beaucoup de groupes aborig\u00e8nes estiment qu\u2019au temps des origines la Terre a \u00e9t\u00e9 le th\u00e9\u00e2tre d\u2019\u00e9v\u00e9nements cosmologiques au cours desquels les anc\u00eatres (\u2026) ont cr\u00e9\u00e9 des paysages, les hommes, les divisions claniques, les rituels et la gestion fonci\u00e8re&nbsp;\u00bb, r\u00e9sume Ma\u00efa Ponsonnet. Selon les croyances des Aborig\u00e8nes, rochers, collines, lacs portent l\u2019empreinte laiss\u00e9e par les esprits cr\u00e9ateurs. L\u2019histoire de chaque anc\u00eatre cr\u00e9ateur s\u2019inscrit dans un itin\u00e9raire g\u00e9ographique qui peut en croiser d\u2019autres.On traduit g\u00e9n\u00e9ralement cette philosophie religieuse, comme une notion de Loi (Loi absolue, totale, infaillible, dict\u00e9e par les anc\u00eatres) par le \u00ab&nbsp;Temps du r\u00eave&nbsp;\u00bb. Les c\u00e9r\u00e9monies rituelles des aborig\u00e8nes, chants, danses et peintures corporelles, maintiennent le lien entre le monde des vivants et celui des anc\u00eatres&nbsp;:&nbsp;il s\u2019agit de perp\u00e9tuer les \u00e9pisodes cr\u00e9ateurs et les transmettre aux jeunes adultes, avec un concept de sacr\u00e9\/secret partag\u00e9 qu\u2019entre initi\u00e9s, souvent h\u00e9r\u00e9ditaire. Parmi les traits marquants de la culture aborig\u00e8ne, la peinture a une place importante qu\u2019elle soit rupestre, sur sol, sur bois ou, plus r\u00e9cemment, sur tissu. Le kriol, un cr\u00e9ole d\u2019anglais qui s\u2019est d\u00e9velopp\u00e9 au d\u00e9but du XXe si\u00e8cle, constitue aujourd\u2019hui la premi\u00e8re langue des Aborig\u00e8nes. Ces populations avaient une mythologie&nbsp;commune appel\u00e9e le TEMPS DU REVE ( Tjukurpa en langue Anangu). Le&nbsp;\u00ab&nbsp;temps du r\u00eave&nbsp;\u00bb&nbsp;explique les origines du monde, de l\u2019Australie et de ses habitants. Selon cette tradition, des cr\u00e9atures g\u00e9antes comme le SERPENT ARC EN CIEL&nbsp;sont sorties de la terre, de la mer et du ciel et ont cr\u00e9\u00e9 la vie et les paysages. Leurs corps g\u00e9ants ont form\u00e9 les sols, cr\u00e9\u00e9 les fleuves et les chaines de montagnes et leurs esprits sont rest\u00e9s dans la terre, la rendant ainsi sacr\u00e9e aux peuples indig\u00e8nes. Les anthropologues australiens qui veulent faire des g\u00e9n\u00e9ralisations sugg\u00e8rent que les mythes aborig\u00e8nes sont toujours suivis \u00e0 travers le pays car ils remplissent une importante fonction sociale: justifier les r\u00e8gles de vie quotidienne, contribuer \u00e0 fa\u00e7onner les id\u00e9es des peuples, aider \u00e0 avoir de l&rsquo;influence sur le comportement des autres, en incorporant continuellement et en \u00ab&nbsp;mythologisant&nbsp;\u00bb les \u00e9v\u00e9nements historiques, au service de ces objectifs sociaux dans le contexte de forte \u00e9volution de l&rsquo;\u00e9poque moderne. Les sp\u00e9cialistes aborig\u00e8nes qui souhaitent g\u00e9n\u00e9raliser pensent que tous les mythes aborig\u00e8nes, une fois combin\u00e9s, repr\u00e9sentent une sorte de biblioth\u00e8que&nbsp;orale, dans laquelle les aborig\u00e8nes puiseraient pour d\u00e9couvrir le monde et percevoir une&nbsp;r\u00e9alit\u00e9&nbsp;propre \u00ab&nbsp;Les peuples aborig\u00e8nes apprennent de ces histoires qu&rsquo;une soci\u00e9t\u00e9 ne doit pas \u00eatre centr\u00e9e sur l&rsquo;homme, mais plut\u00f4t sur un territoire. Dans le cas contraire, ils oublient leurs origines et leur raison d&rsquo;\u00eatre Les peuples vont et viennent, mais les terres (et leurs histoires) persistent.<\/p>\n","protected":false},"author":2,"featured_media":0,"parent":0,"menu_order":0,"comment_status":"closed","ping_status":"closed","template":"","meta":{"footnotes":""},"class_list":["post-306","page","type-page","status-publish","hentry"],"_links":{"self":[{"href":"https:\/\/www.inspirationsaborigenes.fr\/index.php?rest_route=\/wp\/v2\/pages\/306","targetHints":{"allow":["GET"]}}],"collection":[{"href":"https:\/\/www.inspirationsaborigenes.fr\/index.php?rest_route=\/wp\/v2\/pages"}],"about":[{"href":"https:\/\/www.inspirationsaborigenes.fr\/index.php?rest_route=\/wp\/v2\/types\/page"}],"author":[{"embeddable":true,"href":"https:\/\/www.inspirationsaborigenes.fr\/index.php?rest_route=\/wp\/v2\/users\/2"}],"replies":[{"embeddable":true,"href":"https:\/\/www.inspirationsaborigenes.fr\/index.php?rest_route=%2Fwp%2Fv2%2Fcomments&post=306"}],"version-history":[{"count":0,"href":"https:\/\/www.inspirationsaborigenes.fr\/index.php?rest_route=\/wp\/v2\/pages\/306\/revisions"}],"wp:attachment":[{"href":"https:\/\/www.inspirationsaborigenes.fr\/index.php?rest_route=%2Fwp%2Fv2%2Fmedia&parent=306"}],"curies":[{"name":"wp","href":"https:\/\/api.w.org\/{rel}","templated":true}]}}