{"id":303,"date":"2023-01-13T10:20:06","date_gmt":"2023-01-13T09:20:06","guid":{"rendered":"https:\/\/inspirations-aborigenes.fr\/?page_id=303"},"modified":"2023-01-14T10:47:56","modified_gmt":"2023-01-14T09:47:56","slug":"art-aborigene","status":"publish","type":"page","link":"https:\/\/www.inspirationsaborigenes.fr\/?page_id=303","title":{"rendered":"ART ABORIGENE"},"content":{"rendered":"\n<p class=\"has-medium-font-size\">Comment imaginer que l\u2019immensit\u00e9 des espaces arides et silencieux du d\u00e9sert australien, puisse engendrer de telles peintures aussi complexes, aux teintes aussi si vives et si vari\u00e9es&nbsp;?&nbsp;&nbsp; Pour certains, la culture aborig\u00e8ne d&rsquo;Australie peut sembler simpliste ou na\u00efve au premier regard, mais, en r\u00e9alit\u00e9, elle est habit\u00e9e, spirituelle, codifi\u00e9e, complexe.&nbsp;Elle cache volontairement ses sens initiatiques sacr\u00e9s pour les non autochtones que nous sommes. L&rsquo;art aborig\u00e8ne contemporain trouve donc, ses origines, dans la plus ancienne culture continue du monde, elle associe mythes et vibrations des couleurs.<\/p>\n\n\n\n<p class=\"has-luminous-vivid-orange-color has-text-color has-medium-font-size\"><em>Certaines peintures rupestres aborig\u00e8nes remontent \u00e0 plus de 50 000 ans avant notre \u00e8re et seraient donc&nbsp;plus vieilles que certaines repr\u00e9sentations trouv\u00e9es en Europe, comme Lascaux&nbsp;par exemple. Il s\u2019agit donc de l\u2019art le plus ancien connu \u00e0 ce jour.<\/em><\/p>\n\n\n\n<figure class=\"wp-block-image size-full\"><img decoding=\"async\" width=\"1024\" height=\"768\" src=\"https:\/\/inspirations-aborigenes.fr\/wp-content\/uploads\/2023\/01\/parc-national-de-kaladu.jpg\" alt=\"\" class=\"wp-image-500\" srcset=\"https:\/\/www.inspirationsaborigenes.fr\/wp-content\/uploads\/2023\/01\/parc-national-de-kaladu.jpg 1024w, https:\/\/www.inspirationsaborigenes.fr\/wp-content\/uploads\/2023\/01\/parc-national-de-kaladu-300x225.jpg 300w, https:\/\/www.inspirationsaborigenes.fr\/wp-content\/uploads\/2023\/01\/parc-national-de-kaladu-768x576.jpg 768w\" sizes=\"(max-width: 1024px) 100vw, 1024px\" \/><figcaption class=\"wp-element-caption\">Parc National de Kaladu<\/figcaption><\/figure>\n\n\n\n<p class=\"has-medium-font-size\">Pour maintenir le lien avec son Anc\u00eatre, son R\u00eave, l&rsquo;initi\u00e9 doit r\u00e9guli\u00e8rement r\u00e9aliser des c\u00e9r\u00e9monies o\u00f9 la production d&rsquo;objets est n\u00e9cessaire.&nbsp; Ces repr\u00e9sentations abstraites racontent des histoires, des mythes, et expriment des messages de leurs anc\u00eatres. Les peintres r\u00e9interpr\u00e8tent des motifs tr\u00e8s anciens, trac\u00e9s depuis toujours sur les rochers, dans le sable, sur les objets usuels et rituels, pour d\u00e9corer les torses et les \u00e9paules des danseurs lors des c\u00e9r\u00e9monies. La peinture est un rituel convoqu\u00e9 pour t\u00e9moigner du sens de l\u2019univers. Les artistes ne reproduisent pas le visible, mais rendent visible l\u2019invisible.<\/p>\n\n\n\n<figure class=\"wp-block-gallery has-nested-images columns-default is-cropped wp-block-gallery-1 is-layout-flex wp-block-gallery-is-layout-flex\">\n<figure class=\"wp-block-image size-large\"><img decoding=\"async\" width=\"1024\" height=\"585\" data-id=\"443\" src=\"https:\/\/inspirations-aborigenes.fr\/wp-content\/uploads\/2023\/01\/AdobeStock_537687209-4-1024x585.jpeg\" alt=\"\" class=\"wp-image-443\" srcset=\"https:\/\/www.inspirationsaborigenes.fr\/wp-content\/uploads\/2023\/01\/AdobeStock_537687209-4-1024x585.jpeg 1024w, https:\/\/www.inspirationsaborigenes.fr\/wp-content\/uploads\/2023\/01\/AdobeStock_537687209-4-300x171.jpeg 300w, https:\/\/www.inspirationsaborigenes.fr\/wp-content\/uploads\/2023\/01\/AdobeStock_537687209-4-768x439.jpeg 768w, https:\/\/www.inspirationsaborigenes.fr\/wp-content\/uploads\/2023\/01\/AdobeStock_537687209-4-1536x878.jpeg 1536w, https:\/\/www.inspirationsaborigenes.fr\/wp-content\/uploads\/2023\/01\/AdobeStock_537687209-4-1140x651.jpeg 1140w, https:\/\/www.inspirationsaborigenes.fr\/wp-content\/uploads\/2023\/01\/AdobeStock_537687209-4.jpeg 1920w\" sizes=\"(max-width: 1024px) 100vw, 1024px\" \/><figcaption class=\"wp-element-caption\">Songlines are the Australian Aboriginal walking routes that crossed the country, linking important sites and locations<\/figcaption><\/figure>\n<\/figure>\n\n\n\n<p class=\"has-medium-font-size\">L&rsquo;art est un \u00e9l\u00e9ment cl\u00e9 dans la culture aborig\u00e8ne. N\u2019ayant pas l\u2019\u00e9criture, les peintures sont toujours li\u00e9es \u00e0 un territoire (itin\u00e9raire, site, grotte, point d&rsquo;eau\u2026). Les Aborig\u00e8nes c\u00e9l\u00e8brent, chantent, dansent, miment et peignent (ce que nous appelons \u00ab\u00a0art\u00a0\u00bb mais qui pour eux est d&rsquo;abord spiritualit\u00e9) pour invoquer l&rsquo;esprit ancestral cr\u00e9ateur du lieu (au sens topographique), pr\u00e9server, et r\u00e9activer cette \u00e9nergie cr\u00e9atrice. En ce sens, c\u00e9l\u00e9brer, peindre ou chanter un territoire marque la propri\u00e9t\u00e9 (au sens de responsabilit\u00e9) d&rsquo;un\u00a0clan\u00a0ou d&rsquo;une personne.<\/p>\n\n\n<div class=\"wp-block-image\">\n<figure class=\"aligncenter size-full\"><img decoding=\"async\" width=\"571\" height=\"365\" src=\"https:\/\/inspirations-aborigenes.fr\/wp-content\/uploads\/2023\/01\/3-1.jpg\" alt=\"\" class=\"wp-image-510\" srcset=\"https:\/\/www.inspirationsaborigenes.fr\/wp-content\/uploads\/2023\/01\/3-1.jpg 571w, https:\/\/www.inspirationsaborigenes.fr\/wp-content\/uploads\/2023\/01\/3-1-300x192.jpg 300w\" sizes=\"(max-width: 571px) 100vw, 571px\" \/><figcaption class=\"wp-element-caption\">Dot painting = Pointillisme<\/figcaption><\/figure>\n<\/div>\n\n\n<p class=\"has-luminous-vivid-orange-color has-text-color has-medium-font-size\"><em>L\u2019art aborig\u00e8ne est d\u2019autant plus complexe \u00e0 comprendre qu\u2019une multitude de sens volontairement cach\u00e9s rendent sa compr\u00e9hension parfois compliqu\u00e9e. C\u2019est le plus souvent une lecture symbolique qui nous est propos\u00e9e, la transposition des voyages des Anc\u00eatres au Temps du R\u00eave, une cartographie particuli\u00e8re m\u00ealant sites g\u00e9ographiques et actions des Esprits. De m\u00eame lorsqu\u2019on reconnait un motif figuratif, le sens ne s\u2019arr\u00eate pas \u00e0 la repr\u00e9sentation d\u2019un animal. Ainsi le trac\u00e9, l\u2019\u00e9chelle, les proportions d\u2019un objet, d\u2019un animal ou d\u2019un lieu doivent \u00eatre le reflet de l\u2019importance de son impact sur le sujet et ne rendent pas compte de la r\u00e9alit\u00e9.<\/em><\/p>\n\n\n\n<p class=\"has-medium-font-size\">La peinture aborig\u00e8ne est un art qui n\u2019existe nulle part ailleurs. La peinture du d\u00e9sert ne correspond en rien aux codes et aux canons de l\u2019art \u00e9tiquet\u00e9 comme \u00ab primitif&nbsp;\u00bb ou \u00ab&nbsp;premier&nbsp;\u00bb. La peinture aborig\u00e8ne n\u2019est pas un art tribal ou ethnographique. Leurs auteurs sont des artistes, et des cr\u00e9ateurs contemporains.<\/p>\n\n\n\n<p class=\"has-medium-font-size\">Cet art aborig\u00e8ne pr\u00e9sente une caract\u00e9ristique unique dans l\u2019histoire de l\u2019art&nbsp;: il y a autant de peintres hommes que de peintres femmes. Les hommes et les femmes racontent des histoires similaires et utilisent les m\u00eames techniques, pourtant nous ressentons leurs peintures de fa\u00e7on diff\u00e9rente.<\/p>\n\n\n<div class=\"wp-block-image\">\n<figure class=\"aligncenter size-large is-resized\"><img decoding=\"async\" src=\"https:\/\/inspirations-aborigenes.fr\/wp-content\/uploads\/2023\/01\/AdobeStock_551960798-1-1024x1024.jpeg\" alt=\"\" class=\"wp-image-444\" width=\"593\" height=\"593\" srcset=\"https:\/\/www.inspirationsaborigenes.fr\/wp-content\/uploads\/2023\/01\/AdobeStock_551960798-1-1024x1024.jpeg 1024w, https:\/\/www.inspirationsaborigenes.fr\/wp-content\/uploads\/2023\/01\/AdobeStock_551960798-1-300x300.jpeg 300w, https:\/\/www.inspirationsaborigenes.fr\/wp-content\/uploads\/2023\/01\/AdobeStock_551960798-1-150x150.jpeg 150w, https:\/\/www.inspirationsaborigenes.fr\/wp-content\/uploads\/2023\/01\/AdobeStock_551960798-1-768x768.jpeg 768w, https:\/\/www.inspirationsaborigenes.fr\/wp-content\/uploads\/2023\/01\/AdobeStock_551960798-1-1536x1536.jpeg 1536w, https:\/\/www.inspirationsaborigenes.fr\/wp-content\/uploads\/2023\/01\/AdobeStock_551960798-1-1140x1140.jpeg 1140w, https:\/\/www.inspirationsaborigenes.fr\/wp-content\/uploads\/2023\/01\/AdobeStock_551960798-1-75x75.jpeg 75w, https:\/\/www.inspirationsaborigenes.fr\/wp-content\/uploads\/2023\/01\/AdobeStock_551960798-1.jpeg 1920w\" sizes=\"(max-width: 593px) 100vw, 593px\" \/><figcaption class=\"wp-element-caption\">Serpent Arc en Ciel, ou Temps du R\u00eave symbole de l&rsquo;origine de la cr\u00e9ation pour les peuples aborig\u00e8nes. Rainbow serpent Australian Aboriginal dreamtime creation of Australia, its mountains rivers, trees and people, Aboriginal religion and culture, concept illustration<\/figcaption><\/figure>\n<\/div>\n\n\n<p class=\"has-luminous-vivid-orange-color has-text-color has-medium-font-size\"><em>Pourquoi ces constellations de points<strong>, \u00ab&nbsp;DOT PAINTING&nbsp;\u00bb ou pointillisme<\/strong>, ces explosions de couleurs, ces symboles venus d\u2019un autre continent, d\u2019un autre temps nous parlent ils&nbsp;? Pourquoi ces chasseurs cueilleurs du d\u00e9sert, nous procurent ils de telles \u00e9motions&nbsp;? Ils ont la libert\u00e9 et la cr\u00e9ativit\u00e9 des artistes. Les peintures sont enrichies et vivifi\u00e9es par des pictogrammes ou \u00e9l\u00e9ments graphiques codifi\u00e9s, ces conventions forment un langage pictural universel. Chaque \u00e9l\u00e9ment a une double signification publique et \u00e9sot\u00e9rique.<\/em><\/p>\n\n\n\n<p class=\"has-medium-font-size\">Cette peinture sensuelle et hypnotique nous invite \u00e0 partir vers d\u2019autres dimensions, elle parle \u00e0 notre inconscient.&nbsp; Elle nous fait r\u00eaver. Sans que nous comprenions pleinement leur signification, sans que nous en ma\u00eetrisions les codes, nous percevons, sous les traits, points et motifs, un sens cach\u00e9, spirituel, un message. La plupart des motifs sont trac\u00e9s au moyen de lignes de pointill\u00e9s (dots) sur un fond plus sombre, lui aussi constitu\u00e9 de pointill\u00e9s, qui laissent voir par transparence, un aplat opaque, qui donne une double fonction&nbsp;: esth\u00e9tique et rituelle.<\/p>\n","protected":false},"excerpt":{"rendered":"<p>Comment imaginer que l\u2019immensit\u00e9 des espaces arides et silencieux du d\u00e9sert australien, puisse engendrer de telles peintures aussi complexes, aux teintes aussi si vives et si vari\u00e9es&nbsp;?&nbsp;&nbsp; Pour certains, la culture aborig\u00e8ne d&rsquo;Australie peut sembler simpliste ou na\u00efve au premier regard, mais, en r\u00e9alit\u00e9, elle est habit\u00e9e, spirituelle, codifi\u00e9e, complexe.&nbsp;Elle cache volontairement ses sens initiatiques sacr\u00e9s pour les non autochtones que nous sommes. L&rsquo;art aborig\u00e8ne contemporain trouve donc, ses origines, dans la plus ancienne culture continue du monde, elle associe mythes et vibrations des couleurs. Certaines peintures rupestres aborig\u00e8nes remontent \u00e0 plus de 50 000 ans avant notre \u00e8re et seraient donc&nbsp;plus vieilles que certaines repr\u00e9sentations trouv\u00e9es en Europe, comme Lascaux&nbsp;par exemple. Il s\u2019agit donc de l\u2019art le plus ancien connu \u00e0 ce jour. Pour maintenir le lien avec son Anc\u00eatre, son R\u00eave, l&rsquo;initi\u00e9 doit r\u00e9guli\u00e8rement r\u00e9aliser des c\u00e9r\u00e9monies o\u00f9 la production d&rsquo;objets est n\u00e9cessaire.&nbsp; Ces repr\u00e9sentations abstraites racontent des histoires, des mythes, et expriment des messages de leurs anc\u00eatres. Les peintres r\u00e9interpr\u00e8tent des motifs tr\u00e8s anciens, trac\u00e9s depuis toujours sur les rochers, dans le sable, sur les objets usuels et rituels, pour d\u00e9corer les torses et les \u00e9paules des danseurs lors des c\u00e9r\u00e9monies. La peinture est un rituel convoqu\u00e9 pour t\u00e9moigner du sens de l\u2019univers. Les artistes ne reproduisent pas le visible, mais rendent visible l\u2019invisible. L&rsquo;art est un \u00e9l\u00e9ment cl\u00e9 dans la culture aborig\u00e8ne. N\u2019ayant pas l\u2019\u00e9criture, les peintures sont toujours li\u00e9es \u00e0 un territoire (itin\u00e9raire, site, grotte, point d&rsquo;eau\u2026). Les Aborig\u00e8nes c\u00e9l\u00e8brent, chantent, dansent, miment et peignent (ce que nous appelons \u00ab\u00a0art\u00a0\u00bb mais qui pour eux est d&rsquo;abord spiritualit\u00e9) pour invoquer l&rsquo;esprit ancestral cr\u00e9ateur du lieu (au sens topographique), pr\u00e9server, et r\u00e9activer cette \u00e9nergie cr\u00e9atrice. En ce sens, c\u00e9l\u00e9brer, peindre ou chanter un territoire marque la propri\u00e9t\u00e9 (au sens de responsabilit\u00e9) d&rsquo;un\u00a0clan\u00a0ou d&rsquo;une personne. L\u2019art aborig\u00e8ne est d\u2019autant plus complexe \u00e0 comprendre qu\u2019une multitude de sens volontairement cach\u00e9s rendent sa compr\u00e9hension parfois compliqu\u00e9e. C\u2019est le plus souvent une lecture symbolique qui nous est propos\u00e9e, la transposition des voyages des Anc\u00eatres au Temps du R\u00eave, une cartographie particuli\u00e8re m\u00ealant sites g\u00e9ographiques et actions des Esprits. De m\u00eame lorsqu\u2019on reconnait un motif figuratif, le sens ne s\u2019arr\u00eate pas \u00e0 la repr\u00e9sentation d\u2019un animal. Ainsi le trac\u00e9, l\u2019\u00e9chelle, les proportions d\u2019un objet, d\u2019un animal ou d\u2019un lieu doivent \u00eatre le reflet de l\u2019importance de son impact sur le sujet et ne rendent pas compte de la r\u00e9alit\u00e9. La peinture aborig\u00e8ne est un art qui n\u2019existe nulle part ailleurs. La peinture du d\u00e9sert ne correspond en rien aux codes et aux canons de l\u2019art \u00e9tiquet\u00e9 comme \u00ab primitif&nbsp;\u00bb ou \u00ab&nbsp;premier&nbsp;\u00bb. La peinture aborig\u00e8ne n\u2019est pas un art tribal ou ethnographique. Leurs auteurs sont des artistes, et des cr\u00e9ateurs contemporains. Cet art aborig\u00e8ne pr\u00e9sente une caract\u00e9ristique unique dans l\u2019histoire de l\u2019art&nbsp;: il y a autant de peintres hommes que de peintres femmes. Les hommes et les femmes racontent des histoires similaires et utilisent les m\u00eames techniques, pourtant nous ressentons leurs peintures de fa\u00e7on diff\u00e9rente. Pourquoi ces constellations de points, \u00ab&nbsp;DOT PAINTING&nbsp;\u00bb ou pointillisme, ces explosions de couleurs, ces symboles venus d\u2019un autre continent, d\u2019un autre temps nous parlent ils&nbsp;? Pourquoi ces chasseurs cueilleurs du d\u00e9sert, nous procurent ils de telles \u00e9motions&nbsp;? Ils ont la libert\u00e9 et la cr\u00e9ativit\u00e9 des artistes. Les peintures sont enrichies et vivifi\u00e9es par des pictogrammes ou \u00e9l\u00e9ments graphiques codifi\u00e9s, ces conventions forment un langage pictural universel. Chaque \u00e9l\u00e9ment a une double signification publique et \u00e9sot\u00e9rique. Cette peinture sensuelle et hypnotique nous invite \u00e0 partir vers d\u2019autres dimensions, elle parle \u00e0 notre inconscient.&nbsp; Elle nous fait r\u00eaver. Sans que nous comprenions pleinement leur signification, sans que nous en ma\u00eetrisions les codes, nous percevons, sous les traits, points et motifs, un sens cach\u00e9, spirituel, un message. La plupart des motifs sont trac\u00e9s au moyen de lignes de pointill\u00e9s (dots) sur un fond plus sombre, lui aussi constitu\u00e9 de pointill\u00e9s, qui laissent voir par transparence, un aplat opaque, qui donne une double fonction&nbsp;: esth\u00e9tique et rituelle.<\/p>\n","protected":false},"author":2,"featured_media":0,"parent":0,"menu_order":0,"comment_status":"closed","ping_status":"closed","template":"","meta":{"footnotes":""},"class_list":["post-303","page","type-page","status-publish","hentry"],"_links":{"self":[{"href":"https:\/\/www.inspirationsaborigenes.fr\/index.php?rest_route=\/wp\/v2\/pages\/303","targetHints":{"allow":["GET"]}}],"collection":[{"href":"https:\/\/www.inspirationsaborigenes.fr\/index.php?rest_route=\/wp\/v2\/pages"}],"about":[{"href":"https:\/\/www.inspirationsaborigenes.fr\/index.php?rest_route=\/wp\/v2\/types\/page"}],"author":[{"embeddable":true,"href":"https:\/\/www.inspirationsaborigenes.fr\/index.php?rest_route=\/wp\/v2\/users\/2"}],"replies":[{"embeddable":true,"href":"https:\/\/www.inspirationsaborigenes.fr\/index.php?rest_route=%2Fwp%2Fv2%2Fcomments&post=303"}],"version-history":[{"count":0,"href":"https:\/\/www.inspirationsaborigenes.fr\/index.php?rest_route=\/wp\/v2\/pages\/303\/revisions"}],"wp:attachment":[{"href":"https:\/\/www.inspirationsaborigenes.fr\/index.php?rest_route=%2Fwp%2Fv2%2Fmedia&parent=303"}],"curies":[{"name":"wp","href":"https:\/\/api.w.org\/{rel}","templated":true}]}}