{"id":300,"date":"2023-01-13T10:19:12","date_gmt":"2023-01-13T09:19:12","guid":{"rendered":"https:\/\/inspirations-aborigenes.fr\/?page_id=300"},"modified":"2023-01-14T10:51:13","modified_gmt":"2023-01-14T09:51:13","slug":"reconnaissance-au-pays","status":"publish","type":"page","link":"https:\/\/www.inspirationsaborigenes.fr\/?page_id=300","title":{"rendered":"RECONNAISSANCE AU PAYS"},"content":{"rendered":"\n<blockquote class=\"wp-block-quote is-layout-flow wp-block-quote-is-layout-flow\">\n<p class=\"has-luminous-vivid-orange-color has-text-color has-medium-font-size\"><em><strong>\u00ab\u00a0Nous reconnaissons les nombreux gardiens traditionnels du pays \u00e0 travers l&rsquo;Australie et honorons leurs a\u00een\u00e9s pass\u00e9s et pr\u00e9sents. Nous respectons leur lien profond et durable avec leurs terres, leurs voies navigables et les groupes de clans environnants depuis des temps imm\u00e9moriaux. Nous ch\u00e9rissons la richesse des expressions artistiques et culturelles des peuples des Premi\u00e8res Nations.\u00a0\u00bb<\/strong><\/em><\/p>\n<cite>\u00ab\u00a0<strong>Protocoles<\/strong> <strong>du Conseil Australien des Arts<\/strong>\u00ab\u00a0<\/cite><\/blockquote>\n\n\n<div class=\"wp-block-image\">\n<figure class=\"aligncenter size-full is-resized\"><img decoding=\"async\" src=\"https:\/\/inspirations-aborigenes.fr\/wp-content\/uploads\/2023\/01\/drapeau-aborigene.jpg\" alt=\"\" class=\"wp-image-449\" width=\"433\" height=\"259\" srcset=\"https:\/\/www.inspirationsaborigenes.fr\/wp-content\/uploads\/2023\/01\/drapeau-aborigene.jpg 1024w, https:\/\/www.inspirationsaborigenes.fr\/wp-content\/uploads\/2023\/01\/drapeau-aborigene-300x180.jpg 300w, https:\/\/www.inspirationsaborigenes.fr\/wp-content\/uploads\/2023\/01\/drapeau-aborigene-768x461.jpg 768w\" sizes=\"(max-width: 433px) 100vw, 433px\" \/><\/figure>\n<\/div>\n\n\n<p class=\"has-medium-font-size\">L\u2019expression artistique et culturelle autochtone unique d\u2019Australie t\u00e9moigne de milliers d\u2019ann\u00e9es d\u2019h\u00e9ritages et de pratiques sacr\u00e9es et individuelles. Son caract\u00e8re unique est d\u00e9sormais reconnu dans le monde entier. Les Australiens autochtones, les aborig\u00e8nes et les insulaires du D\u00e9troit de Torres, sont les premiers habitants de l\u2019Australie. En tant que tels, ils ont un lien fort avec le pays, c\u2019est-\u00e0-dire la totalit\u00e9 de la vie et de l\u2019esprit de la zone particuli\u00e8re qu\u2019ils habitent et o\u00f9 habitaient leurs anc\u00eatres.<\/p>\n\n\n\n<p class=\"has-medium-font-size\">Lors de l\u2019ouverture du Mus\u00e9e du Quai Branly \u00e0 Paris en 2006, les visiteurs ont \u00e9t\u00e9 \u00e9tonnamment surpris et intrigu\u00e9s par l\u2019immense pouvoir \u00e9motionnel, des collections des diff\u00e9rentes \u0153uvres d\u2019art expos\u00e9es, par&nbsp;les 8 artistes autochtones contemporains les plus connus d\u2019Australie.<\/p>\n\n\n<div class=\"wp-block-image\">\n<figure class=\"aligncenter size-full\"><img decoding=\"async\" width=\"784\" height=\"586\" src=\"https:\/\/inspirations-aborigenes.fr\/wp-content\/uploads\/2023\/01\/john-2.jpg\" alt=\"\" class=\"wp-image-496\" srcset=\"https:\/\/www.inspirationsaborigenes.fr\/wp-content\/uploads\/2023\/01\/john-2.jpg 784w, https:\/\/www.inspirationsaborigenes.fr\/wp-content\/uploads\/2023\/01\/john-2-300x224.jpg 300w, https:\/\/www.inspirationsaborigenes.fr\/wp-content\/uploads\/2023\/01\/john-2-768x574.jpg 768w\" sizes=\"(max-width: 784px) 100vw, 784px\" \/><figcaption class=\"wp-element-caption\"><strong>John Mawurndjul painting \u00e0 lorrkkon titled Mardayin at the future bookshop of Mus\u00e9e Quai Branly Paris 2005                                        Photo Ianna Andreadis<\/strong>.   <strong>Lorrkkon = cercueil en rondins creux<\/strong>.<\/figcaption><\/figure>\n<\/div>\n\n<div class=\"wp-block-image\">\n<figure class=\"aligncenter size-large\"><img decoding=\"async\" width=\"1024\" height=\"760\" src=\"https:\/\/inspirations-aborigenes.fr\/wp-content\/uploads\/2023\/01\/branly-2-1024x760.jpg\" alt=\"\" class=\"wp-image-495\" srcset=\"https:\/\/www.inspirationsaborigenes.fr\/wp-content\/uploads\/2023\/01\/branly-2-1024x760.jpg 1024w, https:\/\/www.inspirationsaborigenes.fr\/wp-content\/uploads\/2023\/01\/branly-2-300x223.jpg 300w, https:\/\/www.inspirationsaborigenes.fr\/wp-content\/uploads\/2023\/01\/branly-2-768x570.jpg 768w, https:\/\/www.inspirationsaborigenes.fr\/wp-content\/uploads\/2023\/01\/branly-2.jpg 1039w\" sizes=\"(max-width: 1024px) 100vw, 1024px\" \/><\/figure>\n<\/div>\n\n\n<p class=\"has-medium-font-size\">En mai 2007, le tableau \u00ab Earth\u2019s cr\u00e9ation&nbsp;\u00bb d\u2019Emily Kngwarreye a \u00e9t\u00e9 vendu pour plus d\u20191 million de dollars, \u00e0 l\u2019\u00e9poque le prix le plus \u00e9lev\u00e9 jamais obtenu pour une peinture d\u2019artiste f\u00e9minine d\u2019Australie.&nbsp;En 2017, il a \u00e9t\u00e9 ensuite revendu pour plus de 2 millions de dollars lors d\u2019une vente aux ench\u00e8res \u00e0 Sydney, Ce qui en fait le 2<sup>\u00e8me<\/sup>&nbsp;prix le plus \u00e9lev\u00e9 pour une \u0153uvre d\u2019art autochtone en Australie.<\/p>\n\n\n\n<figure class=\"wp-block-image size-large\"><img decoding=\"async\" width=\"1024\" height=\"483\" src=\"https:\/\/inspirations-aborigenes.fr\/wp-content\/uploads\/2023\/01\/emily-1024x483.jpg\" alt=\"\" class=\"wp-image-499\" srcset=\"https:\/\/www.inspirationsaborigenes.fr\/wp-content\/uploads\/2023\/01\/emily-1024x483.jpg 1024w, https:\/\/www.inspirationsaborigenes.fr\/wp-content\/uploads\/2023\/01\/emily-300x141.jpg 300w, https:\/\/www.inspirationsaborigenes.fr\/wp-content\/uploads\/2023\/01\/emily-768x362.jpg 768w, https:\/\/www.inspirationsaborigenes.fr\/wp-content\/uploads\/2023\/01\/emily-1140x538.jpg 1140w, https:\/\/www.inspirationsaborigenes.fr\/wp-content\/uploads\/2023\/01\/emily.jpg 1211w\" sizes=\"(max-width: 1024px) 100vw, 1024px\" \/><\/figure>\n\n\n\n<p class=\"has-medium-font-size\">Alors&nbsp;que les \u0153uvres d\u2019artistes individuels sont prot\u00e9g\u00e9es par le droit d\u2019auteur, l\u2019Australie n\u2019a pas encore de loi qui emp\u00eache l\u2019alt\u00e9ration, la distorsion ou l\u2019utilisation abusive des symboles traditionnels, des chansons, des danses, des performances et des histoires, qui peuvent faire partie du patrimoine de groupes linguistiques autochtones particuliers.<\/p>\n\n\n\n<p class=\"has-luminous-vivid-orange-color has-text-color has-medium-font-size\">C\u2019est l\u00e0 qu\u2019interviennent&nbsp;<strong>les protocoles<\/strong>&nbsp;<strong>du Conseil Australien des Arts<\/strong>&nbsp;pour l\u2019utilisation de la propri\u00e9t\u00e9 intellectuelle et culturelle des \u00ab&nbsp;First Nations&nbsp;\u00bb&nbsp;ou Premi\u00e8res Nations, dans les arts.<\/p>\n\n\n\n<p class=\"has-medium-font-size\">Au fil des ans, les principes et protocoles ont \u00e9galement \u00e9t\u00e9 appliqu\u00e9s \u00e0 l&rsquo;\u00e9chelle nationale et internationale &#8211; \u00e9duquant les lecteurs et les utilisateurs sur le patrimoine culturel australien autochtone et encourageant des collaborations significatives avec les artistes et cr\u00e9ateurs des Premi\u00e8res Nations. Les termes \u00ab autochtones&nbsp;\u00bb et \u00ab&nbsp;autochtones et Torres Strait Islander&nbsp;\u00bb sont utilis\u00e9s de mani\u00e8re interchangeable pour faire r\u00e9f\u00e9rence aux peuples des \u00ab&nbsp;\u00ab&nbsp;First Nations&nbsp;\u00bb&nbsp;: Premi\u00e8res Nations.<\/p>\n\n\n\n<p class=\"has-medium-font-size\">Les protocoles encouragent une conduite \u00e9thique et promeuvent une interaction bas\u00e9e sur la bonne foi, le respect mutuel et des valeurs culturelles. L\u2019utilisation responsable des connaissances et des expressions culturelles autochtones assurera que les cultures autochtones soient maintenues et prot\u00e9g\u00e9es afin qu\u2019elles puissent \u00eatre transmises aux g\u00e9n\u00e9rations futures.<\/p>\n\n\n\n<p class=\"has-medium-font-size\">Il est important de reconna\u00eetre la diversit\u00e9 et la complexit\u00e9 des nombreuses cultures autochtones diff\u00e9rentes en Australie. Les fa\u00e7ons de traiter les questions et le mat\u00e9riel culturel peuvent diff\u00e9rer d\u2019une communaut\u00e9 \u00e0 l\u2019autre. Il existe \u00e9galement de nombreux protocoles diff\u00e9rents dans la diversit\u00e9 des r\u00e9gions urbaines, rurales et \u00e9loign\u00e9es et les communaut\u00e9s.<\/p>\n\n\n\n<div class=\"wp-block-columns is-layout-flex wp-container-core-columns-is-layout-28f84493 wp-block-columns-is-layout-flex\">\n<div class=\"wp-block-column is-layout-flow wp-block-column-is-layout-flow\" style=\"flex-basis:100%\">\n<figure class=\"wp-block-gallery aligncenter has-nested-images columns-default is-cropped wp-block-gallery-1 is-layout-flex wp-block-gallery-is-layout-flex\">\n<figure class=\"wp-block-image size-large\"><img decoding=\"async\" width=\"1024\" height=\"483\" data-id=\"498\" src=\"https:\/\/inspirations-aborigenes.fr\/wp-content\/uploads\/2023\/01\/john-4-1024x483.jpg\" alt=\"\" class=\"wp-image-498\" srcset=\"https:\/\/www.inspirationsaborigenes.fr\/wp-content\/uploads\/2023\/01\/john-4-1024x483.jpg 1024w, https:\/\/www.inspirationsaborigenes.fr\/wp-content\/uploads\/2023\/01\/john-4-300x142.jpg 300w, https:\/\/www.inspirationsaborigenes.fr\/wp-content\/uploads\/2023\/01\/john-4-768x362.jpg 768w, https:\/\/www.inspirationsaborigenes.fr\/wp-content\/uploads\/2023\/01\/john-4-1536x725.jpg 1536w, https:\/\/www.inspirationsaborigenes.fr\/wp-content\/uploads\/2023\/01\/john-4-1140x538.jpg 1140w, https:\/\/www.inspirationsaborigenes.fr\/wp-content\/uploads\/2023\/01\/john-4.jpg 1759w\" sizes=\"(max-width: 1024px) 100vw, 1024px\" \/><\/figure>\n<\/figure>\n<\/div>\n<\/div>\n\n\n\n<p>John Mawurndjul &#8211; Biography.<\/p>\n\n\n\n<p class=\"has-luminous-vivid-orange-color has-text-color has-medium-font-size\"><strong><em>Indigenous Cultural and Intellectual Property ou I.C.I.P.&nbsp;La \u00ab&nbsp;propri\u00e9t\u00e9 culturelle et intellectuelle autochtone ou I.C.I.P.&nbsp;\u00bb fait r\u00e9f\u00e9rence \u00e0 tous les aspects du Patrimoine Culturel des peuples autochtones, y compris mat\u00e9riel et immat\u00e9riel.&nbsp;Les droits des peuples autochtones I.C.I.P. sont inscrits dans l\u2019article 31 des Nations Unies, et stipulent que&nbsp;:&nbsp;Les peuples autochtones ont le droit de maintenir, de contr\u00f4ler, de prot\u00e9ger et de d\u00e9velopper leur patrimoine culturel, leurs savoirs traditionnels et leur culture traditionnelle, expressions, ainsi que les manifestations de leurs sciences, technologies et cultures, y compris les ressources humaines et g\u00e9n\u00e9tiques, les semences, les m\u00e9dicaments, connaissance des propri\u00e9t\u00e9s de la faune et de la flore, des traditions orales, des litt\u00e9ratures, dessins, sports et jeux traditionnels, arts visuels et du spectacle.<\/em><\/strong><\/p>\n\n\n<div class=\"wp-block-image\">\n<figure class=\"alignright size-full is-resized\"><img decoding=\"async\" src=\"https:\/\/inspirations-aborigenes.fr\/wp-content\/uploads\/2023\/01\/reconnaissance-au-pays.jpg\" alt=\"\" class=\"wp-image-453\" width=\"251\" height=\"313\" srcset=\"https:\/\/www.inspirationsaborigenes.fr\/wp-content\/uploads\/2023\/01\/reconnaissance-au-pays.jpg 418w, https:\/\/www.inspirationsaborigenes.fr\/wp-content\/uploads\/2023\/01\/reconnaissance-au-pays-241x300.jpg 241w\" sizes=\"(max-width: 251px) 100vw, 251px\" \/><\/figure>\n<\/div>\n\n\n<figure class=\"wp-block-image size-full\"><img decoding=\"async\" width=\"392\" height=\"588\" src=\"https:\/\/inspirations-aborigenes.fr\/wp-content\/uploads\/2023\/01\/john-3.jpg\" alt=\"\" class=\"wp-image-497\" srcset=\"https:\/\/www.inspirationsaborigenes.fr\/wp-content\/uploads\/2023\/01\/john-3.jpg 392w, https:\/\/www.inspirationsaborigenes.fr\/wp-content\/uploads\/2023\/01\/john-3-200x300.jpg 200w\" sizes=\"(max-width: 392px) 100vw, 392px\" \/><figcaption class=\"wp-element-caption\"><strong>Dans le cadre de la liste des distinctions honorifiques de la Reine en juin 2010, John Mawurndjul est nomm\u00e9 Membre de l&rsquo;Ordre d&rsquo;Australie, pour son service \u00e0 la pr\u00e9servation de la culture autochtone, en tant que principal repr\u00e9sentant d&rsquo;un style visuel \u00ab\u00a0Rank\u00a0\u00bb.<\/strong>                                                   ( Rank = sculpt\u00e9 en une ou plusieurs rang\u00e9es)<\/figcaption><\/figure>\n","protected":false},"excerpt":{"rendered":"<p>\u00ab\u00a0Nous reconnaissons les nombreux gardiens traditionnels du pays \u00e0 travers l&rsquo;Australie et honorons leurs a\u00een\u00e9s pass\u00e9s et pr\u00e9sents. Nous respectons leur lien profond et durable avec leurs terres, leurs voies navigables et les groupes de clans environnants depuis des temps imm\u00e9moriaux. Nous ch\u00e9rissons la richesse des expressions artistiques et culturelles des peuples des Premi\u00e8res Nations.\u00a0\u00bb \u00ab\u00a0Protocoles du Conseil Australien des Arts\u00ab\u00a0 L\u2019expression artistique et culturelle autochtone unique d\u2019Australie t\u00e9moigne de milliers d\u2019ann\u00e9es d\u2019h\u00e9ritages et de pratiques sacr\u00e9es et individuelles. Son caract\u00e8re unique est d\u00e9sormais reconnu dans le monde entier. Les Australiens autochtones, les aborig\u00e8nes et les insulaires du D\u00e9troit de Torres, sont les premiers habitants de l\u2019Australie. En tant que tels, ils ont un lien fort avec le pays, c\u2019est-\u00e0-dire la totalit\u00e9 de la vie et de l\u2019esprit de la zone particuli\u00e8re qu\u2019ils habitent et o\u00f9 habitaient leurs anc\u00eatres. Lors de l\u2019ouverture du Mus\u00e9e du Quai Branly \u00e0 Paris en 2006, les visiteurs ont \u00e9t\u00e9 \u00e9tonnamment surpris et intrigu\u00e9s par l\u2019immense pouvoir \u00e9motionnel, des collections des diff\u00e9rentes \u0153uvres d\u2019art expos\u00e9es, par&nbsp;les 8 artistes autochtones contemporains les plus connus d\u2019Australie. En mai 2007, le tableau \u00ab Earth\u2019s cr\u00e9ation&nbsp;\u00bb d\u2019Emily Kngwarreye a \u00e9t\u00e9 vendu pour plus d\u20191 million de dollars, \u00e0 l\u2019\u00e9poque le prix le plus \u00e9lev\u00e9 jamais obtenu pour une peinture d\u2019artiste f\u00e9minine d\u2019Australie.&nbsp;En 2017, il a \u00e9t\u00e9 ensuite revendu pour plus de 2 millions de dollars lors d\u2019une vente aux ench\u00e8res \u00e0 Sydney, Ce qui en fait le 2\u00e8me&nbsp;prix le plus \u00e9lev\u00e9 pour une \u0153uvre d\u2019art autochtone en Australie. Alors&nbsp;que les \u0153uvres d\u2019artistes individuels sont prot\u00e9g\u00e9es par le droit d\u2019auteur, l\u2019Australie n\u2019a pas encore de loi qui emp\u00eache l\u2019alt\u00e9ration, la distorsion ou l\u2019utilisation abusive des symboles traditionnels, des chansons, des danses, des performances et des histoires, qui peuvent faire partie du patrimoine de groupes linguistiques autochtones particuliers. C\u2019est l\u00e0 qu\u2019interviennent&nbsp;les protocoles&nbsp;du Conseil Australien des Arts&nbsp;pour l\u2019utilisation de la propri\u00e9t\u00e9 intellectuelle et culturelle des \u00ab&nbsp;First Nations&nbsp;\u00bb&nbsp;ou Premi\u00e8res Nations, dans les arts. Au fil des ans, les principes et protocoles ont \u00e9galement \u00e9t\u00e9 appliqu\u00e9s \u00e0 l&rsquo;\u00e9chelle nationale et internationale &#8211; \u00e9duquant les lecteurs et les utilisateurs sur le patrimoine culturel australien autochtone et encourageant des collaborations significatives avec les artistes et cr\u00e9ateurs des Premi\u00e8res Nations. Les termes \u00ab autochtones&nbsp;\u00bb et \u00ab&nbsp;autochtones et Torres Strait Islander&nbsp;\u00bb sont utilis\u00e9s de mani\u00e8re interchangeable pour faire r\u00e9f\u00e9rence aux peuples des \u00ab&nbsp;\u00ab&nbsp;First Nations&nbsp;\u00bb&nbsp;: Premi\u00e8res Nations. Les protocoles encouragent une conduite \u00e9thique et promeuvent une interaction bas\u00e9e sur la bonne foi, le respect mutuel et des valeurs culturelles. L\u2019utilisation responsable des connaissances et des expressions culturelles autochtones assurera que les cultures autochtones soient maintenues et prot\u00e9g\u00e9es afin qu\u2019elles puissent \u00eatre transmises aux g\u00e9n\u00e9rations futures. Il est important de reconna\u00eetre la diversit\u00e9 et la complexit\u00e9 des nombreuses cultures autochtones diff\u00e9rentes en Australie. Les fa\u00e7ons de traiter les questions et le mat\u00e9riel culturel peuvent diff\u00e9rer d\u2019une communaut\u00e9 \u00e0 l\u2019autre. Il existe \u00e9galement de nombreux protocoles diff\u00e9rents dans la diversit\u00e9 des r\u00e9gions urbaines, rurales et \u00e9loign\u00e9es et les communaut\u00e9s. John Mawurndjul &#8211; Biography. Indigenous Cultural and Intellectual Property ou I.C.I.P.&nbsp;La \u00ab&nbsp;propri\u00e9t\u00e9 culturelle et intellectuelle autochtone ou I.C.I.P.&nbsp;\u00bb fait r\u00e9f\u00e9rence \u00e0 tous les aspects du Patrimoine Culturel des peuples autochtones, y compris mat\u00e9riel et immat\u00e9riel.&nbsp;Les droits des peuples autochtones I.C.I.P. sont inscrits dans l\u2019article 31 des Nations Unies, et stipulent que&nbsp;:&nbsp;Les peuples autochtones ont le droit de maintenir, de contr\u00f4ler, de prot\u00e9ger et de d\u00e9velopper leur patrimoine culturel, leurs savoirs traditionnels et leur culture traditionnelle, expressions, ainsi que les manifestations de leurs sciences, technologies et cultures, y compris les ressources humaines et g\u00e9n\u00e9tiques, les semences, les m\u00e9dicaments, connaissance des propri\u00e9t\u00e9s de la faune et de la flore, des traditions orales, des litt\u00e9ratures, dessins, sports et jeux traditionnels, arts visuels et du spectacle.<\/p>\n","protected":false},"author":2,"featured_media":0,"parent":0,"menu_order":0,"comment_status":"closed","ping_status":"closed","template":"","meta":{"footnotes":""},"class_list":["post-300","page","type-page","status-publish","hentry"],"_links":{"self":[{"href":"https:\/\/www.inspirationsaborigenes.fr\/index.php?rest_route=\/wp\/v2\/pages\/300","targetHints":{"allow":["GET"]}}],"collection":[{"href":"https:\/\/www.inspirationsaborigenes.fr\/index.php?rest_route=\/wp\/v2\/pages"}],"about":[{"href":"https:\/\/www.inspirationsaborigenes.fr\/index.php?rest_route=\/wp\/v2\/types\/page"}],"author":[{"embeddable":true,"href":"https:\/\/www.inspirationsaborigenes.fr\/index.php?rest_route=\/wp\/v2\/users\/2"}],"replies":[{"embeddable":true,"href":"https:\/\/www.inspirationsaborigenes.fr\/index.php?rest_route=%2Fwp%2Fv2%2Fcomments&post=300"}],"version-history":[{"count":0,"href":"https:\/\/www.inspirationsaborigenes.fr\/index.php?rest_route=\/wp\/v2\/pages\/300\/revisions"}],"wp:attachment":[{"href":"https:\/\/www.inspirationsaborigenes.fr\/index.php?rest_route=%2Fwp%2Fv2%2Fmedia&parent=300"}],"curies":[{"name":"wp","href":"https:\/\/api.w.org\/{rel}","templated":true}]}}