{"id":297,"date":"2023-01-13T10:18:57","date_gmt":"2023-01-13T09:18:57","guid":{"rendered":"https:\/\/inspirations-aborigenes.fr\/?page_id=297"},"modified":"2023-01-14T09:22:00","modified_gmt":"2023-01-14T08:22:00","slug":"laustralie","status":"publish","type":"page","link":"https:\/\/www.inspirationsaborigenes.fr\/?page_id=297","title":{"rendered":"L&rsquo;AUSTRALIE"},"content":{"rendered":"\n<p class=\"has-medium-font-size\">Quand on parle de l&rsquo;Australie, il faut oublier tous nos rep\u00e8res de temps ou d&rsquo;espace. L&rsquo;Australie est un pays continent 2 fois plus grand que l&rsquo;Europe et son histoire, ou plus exactement celle des Aborig\u00e8nes, remonterait jusqu\u2019\u00e0 plus de 60 000 ans selon des recherches r\u00e9centes.<\/p>\n\n\n\n<p class=\"has-medium-font-size\">Le nom Australie provient du&nbsp;latin <em>austr<\/em><em>\u0101<\/em><em>lis<\/em>&nbsp;(\u00ab&nbsp;du sud = austral&nbsp;\u00bb). Au&nbsp;3\u00e8me&nbsp;si\u00e8cle, des scientifiques ont \u00e9mis l\u2019hypoth\u00e8se, un peu folle, d\u2019un continent inconnu au sud (la Terra Australis Incognita)&nbsp; qui permettrait \u00e0 la Terre, de ne pas basculer autour de son axe en faisant office de contrepoids face aux continents de l\u2019h\u00e9misph\u00e8re nord. La premi\u00e8re utilisation du mot&nbsp;<em>Australia<\/em>&nbsp;(et non plus&nbsp;<em>Terra Australis<\/em>) en anglais est attest\u00e9e en 1625.<\/p>\n\n\n\n<p class=\"has-medium-font-size\">L\u2019Australie couvre 7.7 millions de kms\u00b2 soit 2 fois toute l\u2019Europe, elle est aussi grande que tous les Etats Unis sans l\u2019Alaska.<\/p>\n\n\n\n<figure class=\"wp-block-image\"><img decoding=\"async\" width=\"1024\" height=\"509\" src=\"https:\/\/inspirations-aborigenes.fr\/wp-content\/uploads\/2023\/01\/australie-e1673462307388-1024x509.jpg\" alt=\"Mappemonde Australie\" class=\"wp-image-185\" srcset=\"https:\/\/www.inspirationsaborigenes.fr\/wp-content\/uploads\/2023\/01\/australie-e1673462307388-1024x509.jpg 1024w, https:\/\/www.inspirationsaborigenes.fr\/wp-content\/uploads\/2023\/01\/australie-e1673462307388-300x149.jpg 300w, https:\/\/www.inspirationsaborigenes.fr\/wp-content\/uploads\/2023\/01\/australie-e1673462307388-768x382.jpg 768w, https:\/\/www.inspirationsaborigenes.fr\/wp-content\/uploads\/2023\/01\/australie-e1673462307388-1536x764.jpg 1536w, https:\/\/www.inspirationsaborigenes.fr\/wp-content\/uploads\/2023\/01\/australie-e1673462307388.jpg 1604w\" sizes=\"(max-width: 1024px) 100vw, 1024px\" \/><figcaption class=\"wp-element-caption\">Position Australie sur mappemonde<\/figcaption><\/figure>\n\n\n\n<p class=\"has-medium-font-size\">Pour mieux s\u2019en rendre compte, un exemple, a vol d\u2019oiseau cela repr\u00e9sente 4000 kms d\u2019est en ouest et 3200 kms du nord au sud. Il faut rouler pratiquement 34h d\u2019affil\u00e9e pour aller d\u2019Adela\u00efde \u00e0 Darwin, et, en plus, la vitesse maximale autoris\u00e9e sur route est de 90 kms\/h.            Les australiens sont tr\u00e8s respectueux de la vitesse.<\/p>\n\n\n\n<p class=\"has-medium-font-size\">Pour avoir emprunt\u00e9 cette route ce sont 1800 kms de ligne droite. La parcourir est un p\u00e9riple qui se pr\u00e9pare&nbsp;; on part avec des bidons de carburant, d\u2019eau, pelles, couvertures de survie, alimentation etc\u2026 car il y a peu ou pas de stations essences sur le parcours, et chaque ann\u00e9e des personnes impr\u00e9voyantes risquent leur vie en n\u00e9gligeant ces pr\u00e9paratifs.<\/p>\n\n\n\n<p class=\"has-luminous-vivid-orange-color has-text-color has-medium-font-size\"><em>C\u2019est une route tr\u00e8s dangereuse car kangourous, dingos, \u00e9meus.. tr\u00e8s nombreux traversent sans arr\u00eat la route, et on y croise surtout des roads-trains&nbsp;: des camions avec de gigantesques chevaux m\u00e9caniques qui parcourent les routes de l\u2019Australie. Longs de 30 m pour les plus \u00ab&nbsp;petits&nbsp;\u00bb \u00e0 55 m pour les plus grands&nbsp;! ces camions ont pour mission de ravitailler les espaces recul\u00e9s du continent.<\/em><\/p>\n\n\n\n<p class=\"has-medium-font-size\">Ces truckies sont&nbsp;vitaux&nbsp;au bon maintien de la&nbsp;vie quotidienne&nbsp;dans les zones&nbsp;\u00e9loign\u00e9es&nbsp;du pays. Ils&nbsp;transportent&nbsp;aussi bien des vivres que du minerai, de l\u2019essence et parfois m\u00eame du b\u00e9tail. Autant de chargements vari\u00e9s qui peuvent facilement atteindre une&nbsp;charge&nbsp;utile de    113 tonnes&nbsp;!<\/p>\n\n\n\n<figure class=\"wp-block-image\"><img decoding=\"async\" width=\"1024\" height=\"768\" src=\"https:\/\/inspirations-aborigenes.fr\/wp-content\/uploads\/2023\/01\/road-train-4-1024x768.jpg\" alt=\"\" class=\"wp-image-186\" srcset=\"https:\/\/www.inspirationsaborigenes.fr\/wp-content\/uploads\/2023\/01\/road-train-4-1024x768.jpg 1024w, https:\/\/www.inspirationsaborigenes.fr\/wp-content\/uploads\/2023\/01\/road-train-4-300x225.jpg 300w, https:\/\/www.inspirationsaborigenes.fr\/wp-content\/uploads\/2023\/01\/road-train-4-768x576.jpg 768w, https:\/\/www.inspirationsaborigenes.fr\/wp-content\/uploads\/2023\/01\/road-train-4-1536x1152.jpg 1536w, https:\/\/www.inspirationsaborigenes.fr\/wp-content\/uploads\/2023\/01\/road-train-4.jpg 1920w\" sizes=\"(max-width: 1024px) 100vw, 1024px\" \/><\/figure>\n\n\n\n<p class=\"has-text-align-left has-medium-font-size\">Par exp\u00e9rience, lorsque l\u2019on voit arriver en face un road train, mieux vaut se garer sur le       bas-c\u00f4t\u00e9 et attendre qu\u2019il soit pass\u00e9, car le d\u00e9placement d\u2019air est effrayant et dangereux. Lanc\u00e9s \u00e0 toute vitesse, ceux-ci mettraient une trop longue distance pour s\u2019arr\u00eater et risqueraient d\u2019accidenter leurs camions et remorques successives, alors ils ne s\u2019arr\u00eatent pas      et tuent des animaux au passage. Ce sont de supers chauffeurs plein de sang-froid.<\/p>\n\n\n\n<p><\/p>\n\n\n\n<p class=\"has-luminous-vivid-orange-color has-text-color has-medium-font-size\"><strong>L\u2019Australie qui repr\u00e9sente 14 fois la France compte seulement 3 hab. au km\u00b2 contre             119 hab. au km\u00b2 pour la France.<\/strong><\/p>\n\n\n\n<p class=\"has-medium-font-size\">Elle compte 34&nbsp;218&nbsp;kilom\u00e8tres de c\u00f4tes. Ce sont 3 fuseaux horaires.<\/p>\n\n\n\n<figure class=\"wp-block-image\"><img decoding=\"async\" width=\"1024\" height=\"724\" src=\"https:\/\/inspirations-aborigenes.fr\/wp-content\/uploads\/2023\/01\/carte-australie-1-1024x724.jpg\" alt=\"\" class=\"wp-image-187\" srcset=\"https:\/\/www.inspirationsaborigenes.fr\/wp-content\/uploads\/2023\/01\/carte-australie-1-1024x724.jpg 1024w, https:\/\/www.inspirationsaborigenes.fr\/wp-content\/uploads\/2023\/01\/carte-australie-1-300x212.jpg 300w, https:\/\/www.inspirationsaborigenes.fr\/wp-content\/uploads\/2023\/01\/carte-australie-1-768x543.jpg 768w, https:\/\/www.inspirationsaborigenes.fr\/wp-content\/uploads\/2023\/01\/carte-australie-1-1536x1086.jpg 1536w, https:\/\/www.inspirationsaborigenes.fr\/wp-content\/uploads\/2023\/01\/carte-australie-1.jpg 1754w\" sizes=\"(max-width: 1024px) 100vw, 1024px\" \/><\/figure>\n\n\n\n<p class=\"has-medium-font-size\">La&nbsp;Grande Barri\u00e8re, plus grand&nbsp;r\u00e9cif corallien du monde, se d\u00e9ploie proche des c\u00f4tes nord-est, sur plus de 2&nbsp;000&nbsp;kilom\u00e8tres.<\/p>\n\n\n\n<figure class=\"wp-block-image size-large\"><img decoding=\"async\" width=\"1024\" height=\"225\" src=\"https:\/\/inspirations-aborigenes.fr\/wp-content\/uploads\/2023\/01\/AdobeStock_317924603-1024x225.jpeg\" alt=\"\" class=\"wp-image-471\" srcset=\"https:\/\/www.inspirationsaborigenes.fr\/wp-content\/uploads\/2023\/01\/AdobeStock_317924603-1024x225.jpeg 1024w, https:\/\/www.inspirationsaborigenes.fr\/wp-content\/uploads\/2023\/01\/AdobeStock_317924603-300x66.jpeg 300w, https:\/\/www.inspirationsaborigenes.fr\/wp-content\/uploads\/2023\/01\/AdobeStock_317924603-768x168.jpeg 768w, https:\/\/www.inspirationsaborigenes.fr\/wp-content\/uploads\/2023\/01\/AdobeStock_317924603-1536x337.jpeg 1536w, https:\/\/www.inspirationsaborigenes.fr\/wp-content\/uploads\/2023\/01\/AdobeStock_317924603-1140x250.jpeg 1140w, https:\/\/www.inspirationsaborigenes.fr\/wp-content\/uploads\/2023\/01\/AdobeStock_317924603.jpeg 1920w\" sizes=\"(max-width: 1024px) 100vw, 1024px\" \/><\/figure>\n\n\n\n<p class=\"has-medium-font-size\">L\u2019Australie ce sont 913&nbsp;000&nbsp;kms de routes&nbsp;dont seulement 26 % \u00e9taient goudronn\u00e9s (en 1996), le reste sont des pistes<\/p>\n\n\n\n<p class=\"has-medium-font-size\">L\u2019Australie compte 411 a\u00e9roports avec seulement 65 % qui ont des pistes goudronn\u00e9es         (en 2000)<\/p>\n\n\n\n<p class=\"has-medium-font-size\">L&rsquo;Australie est le plus plat des continents avec une altitude moyenne de 300&nbsp;m\u00e8tres.<\/p>\n\n\n\n<p class=\"has-medium-font-size\">Le&nbsp;kangourou est l&rsquo;animal national. Le pays compte plus de 500&nbsp;parcs nationaux, record dans le monde. L&rsquo;hymne national est&nbsp;Advance Australia Fair. <\/p>\n\n\n\n<p class=\"has-medium-font-size\">Le plus grand&nbsp;monolithe&nbsp;du monde, le&nbsp;Mont Augustus&nbsp;se situe en Australie -Occidentale. <\/p>\n\n\n\n<p class=\"has-luminous-vivid-orange-color has-text-color has-medium-font-size\"><em><strong>Mais ce qui nous int\u00e9resse surtout, c\u2019est l\u2019Uluru, 348 m de haut, c\u2019est le monolithe le plus c\u00e9l\u00e8bre du monde, il se trouve dans le Territoire du Nord.,&nbsp;et j\u2019y ai rencontr\u00e9 des aborig\u00e8nes surprenants.<\/strong><\/em><\/p>\n\n\n\n<p class=\"has-medium-font-size\">Ce monolithe monumental fonctionne comme un iceberg, sa plus grande partie est cach\u00e9e sous terre ! Sa couleur rouge est le r\u00e9sultat de la forte teneur en oxyde de fer des min\u00e9raux    de la r\u00e9gion.<\/p>\n\n\n\n<p class=\"has-luminous-vivid-orange-color has-text-color has-medium-font-size\"><em><strong>L\u2019Uluru ou Ayers Rock fait partie du parc national d&rsquo;Uluru-Kata Tjuta class\u00e9 au patrimoine mondial et &nbsp;r\u00e9serve de biosph\u00e8re par l&rsquo;UNESCO.<\/strong><\/em><\/p>\n\n\n\n<p><\/p>\n\n\n\n<figure class=\"wp-block-image\"><img decoding=\"async\" width=\"1024\" height=\"258\" src=\"https:\/\/inspirations-aborigenes.fr\/wp-content\/uploads\/2023\/01\/AdobeStock_312669328_Editorial_Use_Only-1024x258.jpeg\" alt=\"\" class=\"wp-image-188\" srcset=\"https:\/\/www.inspirationsaborigenes.fr\/wp-content\/uploads\/2023\/01\/AdobeStock_312669328_Editorial_Use_Only-1024x258.jpeg 1024w, https:\/\/www.inspirationsaborigenes.fr\/wp-content\/uploads\/2023\/01\/AdobeStock_312669328_Editorial_Use_Only-300x76.jpeg 300w, https:\/\/www.inspirationsaborigenes.fr\/wp-content\/uploads\/2023\/01\/AdobeStock_312669328_Editorial_Use_Only-768x194.jpeg 768w, https:\/\/www.inspirationsaborigenes.fr\/wp-content\/uploads\/2023\/01\/AdobeStock_312669328_Editorial_Use_Only-1536x387.jpeg 1536w, https:\/\/www.inspirationsaborigenes.fr\/wp-content\/uploads\/2023\/01\/AdobeStock_312669328_Editorial_Use_Only.jpeg 1920w\" sizes=\"(max-width: 1024px) 100vw, 1024px\" \/><figcaption class=\"wp-element-caption\">Banner panorama of red color of Uluru or Ayers Rock at sunset, the huge Sandstone monolith in Uluru-Kata Tjuta National Park, icon of Australian outback or Red Centre. Australia, Northern Territory.<\/figcaption><\/figure>\n\n\n\n<p class=\"has-medium-font-size\">Les aborig\u00e8nes d&rsquo;Australie respectent encore les traditions et se refusent de pi\u00e9tiner les terres sacr\u00e9es de l&rsquo;Ayers Rock. Par contre, plus de 400 000 touristes y d\u00e9filent chaque ann\u00e9e&#8230;   Certains d\u00e9t\u00e9riorent cette terre sacr\u00e9e en volant quelques pierres en souvenir, sans commentaire&nbsp;!!<\/p>\n\n\n\n<p class=\"has-medium-font-size\">L\u2019Australie se place comme 13\u00e8me puissance \u00e9conomique mondiale derri\u00e8re la Russie et la Cor\u00e9e<\/p>\n\n\n\n<p class=\"has-text-align-left has-luminous-vivid-orange-color has-text-color has-medium-font-size\"><em><strong>Le&nbsp;P.N.U.D.:&nbsp;Programme des Nations unies pour le d\u00e9veloppement qui \u0153uvre \u00e0 l&rsquo;\u00e9radication de la pauvret\u00e9 et \u00e0 la r\u00e9duction des in\u00e9galit\u00e9s dans le monde, gr\u00e2ce au d\u00e9veloppement durable, dans plus de 170 pays et territoires, classe d\u2019Australie&nbsp;2\u00e8me pays le plus d\u00e9velopp\u00e9 au monde apr\u00e8s la Norv\u00e8ge<\/strong><\/em><\/p>\n\n\n\n<p class=\"has-medium-font-size\">L&rsquo;Australie est une monarchie constitutionnelle et un royaume du Commonwealth.                             Le roi Charles III r\u00e8gne depuis le 8 septembre 2022. D\u2019apr\u00e8s la Constitution de l&rsquo;Australie, les pouvoirs du roi sont d\u00e9l\u00e9gu\u00e9s au gouverneur g\u00e9n\u00e9ral, qui est nomm\u00e9 par le roi conform\u00e9ment \u00e0 l&rsquo;avis du Premier ministre australien.<\/p>\n\n\n\n<p class=\"has-medium-font-size\">Lors du dernier sondage, 62% des Australiens ne voulaient plus d\u2019Elizabeth II comme chef d\u2019\u00e9tat, et seraient favorables \u00e0 l\u2019id\u00e9e d\u2019avoir un Australien comme chef d\u2019\u00c9tat. Ils souhaitent profiter de son d\u00e9c\u00e8s pour remettre en cause leur statut monarchique. D\u2019autres pays du Commonwealth y pensent aussi.<\/p>\n\n\n<div class=\"wp-block-image\">\n<figure class=\"alignright size-medium is-resized\"><img decoding=\"async\" src=\"https:\/\/inspirations-aborigenes.fr\/wp-content\/uploads\/2023\/01\/kangoo-1-1-edited-188x300.jpg\" alt=\"\" class=\"wp-image-191\" width=\"189\" height=\"302\" srcset=\"https:\/\/www.inspirationsaborigenes.fr\/wp-content\/uploads\/2023\/01\/kangoo-1-1-edited-188x300.jpg 188w, https:\/\/www.inspirationsaborigenes.fr\/wp-content\/uploads\/2023\/01\/kangoo-1-1-edited.jpg 328w\" sizes=\"(max-width: 189px) 100vw, 189px\" \/><\/figure>\n<\/div>","protected":false},"excerpt":{"rendered":"<p>Quand on parle de l&rsquo;Australie, il faut oublier tous nos rep\u00e8res de temps ou d&rsquo;espace. L&rsquo;Australie est un pays continent 2 fois plus grand que l&rsquo;Europe et son histoire, ou plus exactement celle des Aborig\u00e8nes, remonterait jusqu\u2019\u00e0 plus de 60 000 ans selon des recherches r\u00e9centes. Le nom Australie provient du&nbsp;latin austr\u0101lis&nbsp;(\u00ab&nbsp;du sud = austral&nbsp;\u00bb). Au&nbsp;3\u00e8me&nbsp;si\u00e8cle, des scientifiques ont \u00e9mis l\u2019hypoth\u00e8se, un peu folle, d\u2019un continent inconnu au sud (la Terra Australis Incognita)&nbsp; qui permettrait \u00e0 la Terre, de ne pas basculer autour de son axe en faisant office de contrepoids face aux continents de l\u2019h\u00e9misph\u00e8re nord. La premi\u00e8re utilisation du mot&nbsp;Australia&nbsp;(et non plus&nbsp;Terra Australis) en anglais est attest\u00e9e en 1625. L\u2019Australie couvre 7.7 millions de kms\u00b2 soit 2 fois toute l\u2019Europe, elle est aussi grande que tous les Etats Unis sans l\u2019Alaska. Pour mieux s\u2019en rendre compte, un exemple, a vol d\u2019oiseau cela repr\u00e9sente 4000 kms d\u2019est en ouest et 3200 kms du nord au sud. Il faut rouler pratiquement 34h d\u2019affil\u00e9e pour aller d\u2019Adela\u00efde \u00e0 Darwin, et, en plus, la vitesse maximale autoris\u00e9e sur route est de 90 kms\/h. Les australiens sont tr\u00e8s respectueux de la vitesse. Pour avoir emprunt\u00e9 cette route ce sont 1800 kms de ligne droite. La parcourir est un p\u00e9riple qui se pr\u00e9pare&nbsp;; on part avec des bidons de carburant, d\u2019eau, pelles, couvertures de survie, alimentation etc\u2026 car il y a peu ou pas de stations essences sur le parcours, et chaque ann\u00e9e des personnes impr\u00e9voyantes risquent leur vie en n\u00e9gligeant ces pr\u00e9paratifs. C\u2019est une route tr\u00e8s dangereuse car kangourous, dingos, \u00e9meus.. tr\u00e8s nombreux traversent sans arr\u00eat la route, et on y croise surtout des roads-trains&nbsp;: des camions avec de gigantesques chevaux m\u00e9caniques qui parcourent les routes de l\u2019Australie. Longs de 30 m pour les plus \u00ab&nbsp;petits&nbsp;\u00bb \u00e0 55 m pour les plus grands&nbsp;! ces camions ont pour mission de ravitailler les espaces recul\u00e9s du continent. Ces truckies sont&nbsp;vitaux&nbsp;au bon maintien de la&nbsp;vie quotidienne&nbsp;dans les zones&nbsp;\u00e9loign\u00e9es&nbsp;du pays. Ils&nbsp;transportent&nbsp;aussi bien des vivres que du minerai, de l\u2019essence et parfois m\u00eame du b\u00e9tail. Autant de chargements vari\u00e9s qui peuvent facilement atteindre une&nbsp;charge&nbsp;utile de 113 tonnes&nbsp;! Par exp\u00e9rience, lorsque l\u2019on voit arriver en face un road train, mieux vaut se garer sur le bas-c\u00f4t\u00e9 et attendre qu\u2019il soit pass\u00e9, car le d\u00e9placement d\u2019air est effrayant et dangereux. Lanc\u00e9s \u00e0 toute vitesse, ceux-ci mettraient une trop longue distance pour s\u2019arr\u00eater et risqueraient d\u2019accidenter leurs camions et remorques successives, alors ils ne s\u2019arr\u00eatent pas et tuent des animaux au passage. Ce sont de supers chauffeurs plein de sang-froid. L\u2019Australie qui repr\u00e9sente 14 fois la France compte seulement 3 hab. au km\u00b2 contre 119 hab. au km\u00b2 pour la France. Elle compte 34&nbsp;218&nbsp;kilom\u00e8tres de c\u00f4tes. Ce sont 3 fuseaux horaires. La&nbsp;Grande Barri\u00e8re, plus grand&nbsp;r\u00e9cif corallien du monde, se d\u00e9ploie proche des c\u00f4tes nord-est, sur plus de 2&nbsp;000&nbsp;kilom\u00e8tres. L\u2019Australie ce sont 913&nbsp;000&nbsp;kms de routes&nbsp;dont seulement 26 % \u00e9taient goudronn\u00e9s (en 1996), le reste sont des pistes L\u2019Australie compte 411 a\u00e9roports avec seulement 65 % qui ont des pistes goudronn\u00e9es (en 2000) L&rsquo;Australie est le plus plat des continents avec une altitude moyenne de 300&nbsp;m\u00e8tres. Le&nbsp;kangourou est l&rsquo;animal national. Le pays compte plus de 500&nbsp;parcs nationaux, record dans le monde. L&rsquo;hymne national est&nbsp;Advance Australia Fair. Le plus grand&nbsp;monolithe&nbsp;du monde, le&nbsp;Mont Augustus&nbsp;se situe en Australie -Occidentale. Mais ce qui nous int\u00e9resse surtout, c\u2019est l\u2019Uluru, 348 m de haut, c\u2019est le monolithe le plus c\u00e9l\u00e8bre du monde, il se trouve dans le Territoire du Nord.,&nbsp;et j\u2019y ai rencontr\u00e9 des aborig\u00e8nes surprenants. Ce monolithe monumental fonctionne comme un iceberg, sa plus grande partie est cach\u00e9e sous terre ! Sa couleur rouge est le r\u00e9sultat de la forte teneur en oxyde de fer des min\u00e9raux de la r\u00e9gion. L\u2019Uluru ou Ayers Rock fait partie du parc national d&rsquo;Uluru-Kata Tjuta class\u00e9 au patrimoine mondial et &nbsp;r\u00e9serve de biosph\u00e8re par l&rsquo;UNESCO. Les aborig\u00e8nes d&rsquo;Australie respectent encore les traditions et se refusent de pi\u00e9tiner les terres sacr\u00e9es de l&rsquo;Ayers Rock. Par contre, plus de 400 000 touristes y d\u00e9filent chaque ann\u00e9e&#8230; Certains d\u00e9t\u00e9riorent cette terre sacr\u00e9e en volant quelques pierres en souvenir, sans commentaire&nbsp;!! L\u2019Australie se place comme 13\u00e8me puissance \u00e9conomique mondiale derri\u00e8re la Russie et la Cor\u00e9e Le&nbsp;P.N.U.D.:&nbsp;Programme des Nations unies pour le d\u00e9veloppement qui \u0153uvre \u00e0 l&rsquo;\u00e9radication de la pauvret\u00e9 et \u00e0 la r\u00e9duction des in\u00e9galit\u00e9s dans le monde, gr\u00e2ce au d\u00e9veloppement durable, dans plus de 170 pays et territoires, classe d\u2019Australie&nbsp;2\u00e8me pays le plus d\u00e9velopp\u00e9 au monde apr\u00e8s la Norv\u00e8ge L&rsquo;Australie est une monarchie constitutionnelle et un royaume du Commonwealth. Le roi Charles III r\u00e8gne depuis le 8 septembre 2022. D\u2019apr\u00e8s la Constitution de l&rsquo;Australie, les pouvoirs du roi sont d\u00e9l\u00e9gu\u00e9s au gouverneur g\u00e9n\u00e9ral, qui est nomm\u00e9 par le roi conform\u00e9ment \u00e0 l&rsquo;avis du Premier ministre australien. Lors du dernier sondage, 62% des Australiens ne voulaient plus d\u2019Elizabeth II comme chef d\u2019\u00e9tat, et seraient favorables \u00e0 l\u2019id\u00e9e d\u2019avoir un Australien comme chef d\u2019\u00c9tat. Ils souhaitent profiter de son d\u00e9c\u00e8s pour remettre en cause leur statut monarchique. D\u2019autres pays du Commonwealth y pensent aussi.<\/p>\n","protected":false},"author":2,"featured_media":0,"parent":0,"menu_order":0,"comment_status":"closed","ping_status":"closed","template":"","meta":{"footnotes":""},"class_list":["post-297","page","type-page","status-publish","hentry"],"_links":{"self":[{"href":"https:\/\/www.inspirationsaborigenes.fr\/index.php?rest_route=\/wp\/v2\/pages\/297","targetHints":{"allow":["GET"]}}],"collection":[{"href":"https:\/\/www.inspirationsaborigenes.fr\/index.php?rest_route=\/wp\/v2\/pages"}],"about":[{"href":"https:\/\/www.inspirationsaborigenes.fr\/index.php?rest_route=\/wp\/v2\/types\/page"}],"author":[{"embeddable":true,"href":"https:\/\/www.inspirationsaborigenes.fr\/index.php?rest_route=\/wp\/v2\/users\/2"}],"replies":[{"embeddable":true,"href":"https:\/\/www.inspirationsaborigenes.fr\/index.php?rest_route=%2Fwp%2Fv2%2Fcomments&post=297"}],"version-history":[{"count":0,"href":"https:\/\/www.inspirationsaborigenes.fr\/index.php?rest_route=\/wp\/v2\/pages\/297\/revisions"}],"wp:attachment":[{"href":"https:\/\/www.inspirationsaborigenes.fr\/index.php?rest_route=%2Fwp%2Fv2%2Fmedia&parent=297"}],"curies":[{"name":"wp","href":"https:\/\/api.w.org\/{rel}","templated":true}]}}