{"id":285,"date":"2023-01-13T10:15:30","date_gmt":"2023-01-13T09:15:30","guid":{"rendered":"https:\/\/inspirations-aborigenes.fr\/?page_id=285"},"modified":"2025-05-15T12:19:44","modified_gmt":"2025-05-15T10:19:44","slug":"galerie","status":"publish","type":"page","link":"https:\/\/www.inspirationsaborigenes.fr\/?page_id=285","title":{"rendered":"GALERIE"},"content":{"rendered":"\n<p class=\"has-text-align-left\">En parcourant ma galerie, vous trouverez diff\u00e9rents formats choisis pour mes toiles. Toutes mes peintures sont r\u00e9alis\u00e9es sur toile 3D de lin ou coton, avec des peintures acryliques. 2 couches de blanc \u00a0\u00bb Gesso\u00a0\u00bb pour imperm\u00e9abiliser la toile , puis 2 couches de peintures pour avoir de belles couleurs et ensuite le long travail de pointillisme !! puis 2 couches de vernis. Une toile me demande souvent plus d&rsquo;un mois, entre la r\u00e9flexion, de ce que j&rsquo;aimerai peindre, de recherches iconographiques, esquisser le dessin sur la toile et puis la mise en \u0153uvre.<\/p>\n\n\n\n<p>On me demande souvent comment je fais mes \u00ab\u00a0points\u00a0\u00bb ?? j&rsquo;ai test\u00e9 diff\u00e9rentes m\u00e9thodes plus ou moins concluantes.. Avec des cotons tiges, au fur et \u00e0 mesure le coton s&rsquo;imbibe et bave, donc les points ne sont pas r\u00e9guliers. Ensuite j&rsquo;ai essay\u00e9 le bout de petits b\u00e2tons en bois de piques \u00e0 brochettes, pas id\u00e9al on plus !<\/p>\n\n\n\n<figure class=\"wp-block-image size-large\"><img decoding=\"async\" width=\"1024\" height=\"222\" src=\"https:\/\/inspirations-aborigenes.fr\/wp-content\/uploads\/2023\/02\/STYLET-1024x222.jpg\" alt=\"\" class=\"wp-image-885\" srcset=\"https:\/\/www.inspirationsaborigenes.fr\/wp-content\/uploads\/2023\/02\/STYLET-1024x222.jpg 1024w, https:\/\/www.inspirationsaborigenes.fr\/wp-content\/uploads\/2023\/02\/STYLET-300x65.jpg 300w, https:\/\/www.inspirationsaborigenes.fr\/wp-content\/uploads\/2023\/02\/STYLET-768x166.jpg 768w, https:\/\/www.inspirationsaborigenes.fr\/wp-content\/uploads\/2023\/02\/STYLET-1536x333.jpg 1536w, https:\/\/www.inspirationsaborigenes.fr\/wp-content\/uploads\/2023\/02\/STYLET-1140x247.jpg 1140w, https:\/\/www.inspirationsaborigenes.fr\/wp-content\/uploads\/2023\/02\/STYLET.jpg 1920w\" sizes=\"(max-width: 1024px) 100vw, 1024px\" \/><\/figure>\n\n\n\n<p>Finalement j&rsquo;ai trouv\u00e9 un embossoir ou stylet bois\/m\u00e9tal: Cet outil est \u00e9galement utilis\u00e9 en dot painting, ou peinture au point pour obtenir des points de peinture fins et r\u00e9guliers selon l&rsquo;\u00e9paisseur de l&#8217;embout utilis\u00e9. Donc je trempe le stylet dans la peinture pour chaque point ! C&rsquo;est long, mais en m\u00eame temps, j&rsquo;aime ce travail m\u00e9ticuleux et pr\u00e9cis, \u00e9sot\u00e9rique et vibratoire via les couleurs. J&rsquo;utilise aussi maintenant, le bas d&rsquo;un crochet m\u00e9tallique \u00a0\u00bb grand m\u00e8re\u00a0\u00bb, cela me permet des tailles diff\u00e9rentes.<\/p>\n","protected":false},"excerpt":{"rendered":"<p>En parcourant ma galerie, vous trouverez diff\u00e9rents formats choisis pour mes toiles. Toutes mes peintures sont r\u00e9alis\u00e9es sur toile 3D de lin ou coton, avec des peintures acryliques. 2 couches de blanc \u00a0\u00bb Gesso\u00a0\u00bb pour imperm\u00e9abiliser la toile , puis 2 couches de peintures pour avoir de belles couleurs et ensuite le long travail de pointillisme !! puis 2 couches de vernis. Une toile me demande souvent plus d&rsquo;un mois, entre la r\u00e9flexion, de ce que j&rsquo;aimerai peindre, de recherches iconographiques, esquisser le dessin sur la toile et puis la mise en \u0153uvre. On me demande souvent comment je fais mes \u00ab\u00a0points\u00a0\u00bb ?? j&rsquo;ai test\u00e9 diff\u00e9rentes m\u00e9thodes plus ou moins concluantes.. Avec des cotons tiges, au fur et \u00e0 mesure le coton s&rsquo;imbibe et bave, donc les points ne sont pas r\u00e9guliers. Ensuite j&rsquo;ai essay\u00e9 le bout de petits b\u00e2tons en bois de piques \u00e0 brochettes, pas id\u00e9al on plus ! Finalement j&rsquo;ai trouv\u00e9 un embossoir ou stylet bois\/m\u00e9tal: Cet outil est \u00e9galement utilis\u00e9 en dot painting, ou peinture au point pour obtenir des points de peinture fins et r\u00e9guliers selon l&rsquo;\u00e9paisseur de l&#8217;embout utilis\u00e9. Donc je trempe le stylet dans la peinture pour chaque point ! C&rsquo;est long, mais en m\u00eame temps, j&rsquo;aime ce travail m\u00e9ticuleux et pr\u00e9cis, \u00e9sot\u00e9rique et vibratoire via les couleurs. J&rsquo;utilise aussi maintenant, le bas d&rsquo;un crochet m\u00e9tallique \u00a0\u00bb grand m\u00e8re\u00a0\u00bb, cela me permet des tailles diff\u00e9rentes.<\/p>\n","protected":false},"author":2,"featured_media":237,"parent":0,"menu_order":0,"comment_status":"closed","ping_status":"closed","template":"","meta":{"footnotes":""},"class_list":["post-285","page","type-page","status-publish","has-post-thumbnail","hentry"],"_links":{"self":[{"href":"https:\/\/www.inspirationsaborigenes.fr\/index.php?rest_route=\/wp\/v2\/pages\/285","targetHints":{"allow":["GET"]}}],"collection":[{"href":"https:\/\/www.inspirationsaborigenes.fr\/index.php?rest_route=\/wp\/v2\/pages"}],"about":[{"href":"https:\/\/www.inspirationsaborigenes.fr\/index.php?rest_route=\/wp\/v2\/types\/page"}],"author":[{"embeddable":true,"href":"https:\/\/www.inspirationsaborigenes.fr\/index.php?rest_route=\/wp\/v2\/users\/2"}],"replies":[{"embeddable":true,"href":"https:\/\/www.inspirationsaborigenes.fr\/index.php?rest_route=%2Fwp%2Fv2%2Fcomments&post=285"}],"version-history":[{"count":0,"href":"https:\/\/www.inspirationsaborigenes.fr\/index.php?rest_route=\/wp\/v2\/pages\/285\/revisions"}],"wp:featuredmedia":[{"embeddable":true,"href":"https:\/\/www.inspirationsaborigenes.fr\/index.php?rest_route=\/wp\/v2\/media\/237"}],"wp:attachment":[{"href":"https:\/\/www.inspirationsaborigenes.fr\/index.php?rest_route=%2Fwp%2Fv2%2Fmedia&parent=285"}],"curies":[{"name":"wp","href":"https:\/\/api.w.org\/{rel}","templated":true}]}}